{"id":4915,"date":"2024-09-06T16:53:33","date_gmt":"2024-09-06T14:53:33","guid":{"rendered":"https:\/\/www.pays-basque-experience.com\/?post_type=product&#038;p=4915"},"modified":"2026-04-07T19:58:19","modified_gmt":"2026-04-07T17:58:19","slug":"raid-3-jours-bardenas-aragon-arrhes","status":"publish","type":"product","link":"https:\/\/www.pays-basque-experience.com\/en\/product\/raid-3-jours-bardenas-aragon-arrhes\/","title":{"rendered":"Raid  Bardenas\/Aragon 3 Jours"},"content":{"rendered":"<h2>Depuis la c\u00f4te basque, vers le d\u00e9sert des Bardenas, en passant par les sierras de l\u2019Aragon : 3 jours Aragon et Bardenas<\/h2>\n<p><strong><em>14, 15, 16 Mai 2026<br \/>\n30, 31 Octobre, 1 Novembre 2026<\/em><\/strong><\/p>\n<p>Pays Basque Exp\u00e9rience a cr\u00e9\u00e9 pour vous un circuit sur mesure. Ce Raid Bardenas-Aragon sous forme de mini-raid d\u00e9paysant et unique vous emm\u00e8ne \u00e0 la<strong> d\u00e9couverte du d\u00e9sert des Bardenas et des sommets de l\u2019Aragon<\/strong>.<\/p>\n<p><strong>Le but?<\/strong> Partir, d\u00e9couvrir, se d\u00e9payser, et revenir la t\u00eate pleine de souvenirs<\/p>\n<p><strong>Au programme:<\/strong><br \/>\n&#8211; Travers\u00e9e des Pyr\u00e9n\u00e9es, arr\u00eats authentiques, paysages \u00e0 couper le souffle, sans esprit de comp\u00e9tition.<br \/>\n&#8211; Partez sur les traces de celui qui a r\u00e9implant\u00e9 le porc basque au Pays Basque en 1989.<br \/>\n&#8211; D\u00e9couvrez ensuite Pampelune, o\u00f9 se tient la 3\u1d49 plus grande f\u00eate au monde. Ville fortifi\u00e9e charg\u00e9e d\u2019histoire.<br \/>\n&#8211; Puis direction le d\u00e9sert des Bardenas : Class\u00e9 r\u00e9serve naturelle et inscrit au patrimoine de l\u2019UNESCO depuis 2000<br \/>\n&#8211; Et enfin une arriv\u00e9e spectaculaire en Aragon ou cr\u00eates et falaises vous attendent.<br \/>\nNotre \u00e9quipe de passionn\u00e9s locaux vous accompagne et partage avec vous l\u2019histoire et la richesse de ces terres, lors d\u2019une excursion aussi in\u00e9dite que d\u00e9paysante.<i><br \/>\n<\/i><\/p>\n<p><strong>Pour qui ?<\/strong> Pour vos \u00e9quipes, entre amis ou en famille, les enfants sont les bienvenus et adoreront cette exp\u00e9rience !<\/p>\n<p><strong>Comment ?<\/strong> A bord de <strong>votre 4\u00d74<\/strong> ou au volant d\u2019<strong>un de nos Toyota Land Cruiser<\/strong>, embarquez \u00e0 bord de ces v\u00e9hicules parfaitement entretenus qui vous garantissent <strong>confort et fiabilit\u00e9<\/strong>.\u00a0 Prenez le volant tour \u00e0 tour ou restez passager, tout en profitant des anecdotes, histoires, commentaires et conseils avis\u00e9s de nos guides.<\/p>\n<p><strong>D\u00e9tails<\/strong><br \/>\nCe <strong>raid d\u00e9bute depuis Bidart<\/strong>, sur la c\u00f4te basque \u00e0 10 min de l\u2019a\u00e9roport de Biarritz et 5 min de la gare.<br \/>\nSur place, un parking priv\u00e9 et s\u00e9curis\u00e9 vous est r\u00e9serv\u00e9. Un briefing technique sera fait sur place. L\u2019encadrement est dispens\u00e9 par des guides instructeurs dipl\u00f4m\u00e9s BPJEPS sport automobile pr\u00e9sents pour vous guider et commenter.<\/p>\n<p><strong>Tarifs<br \/>\n<\/strong>\u2013 <strong>Cas 1 &#8211; vous louez un de nos v\u00e9hicules<\/strong> : <strong>1300\u20ac pour une voiture privative<\/strong> (5 personnes max peuvent monter dans ce Toyota Land Cruiser \u00e9quip\u00e9, hors carburant &#8211; pr\u00e9voir 90 litres) <strong>+\u00a0 ajouter 350\u20ac\/personne<\/strong> (restauration et h\u00e9bergement)<br \/>\nou<br \/>\n\u2013<strong> Cas 2 &#8211; vous venez avec votre v\u00e9hicule<\/strong> : <strong>550\u20ac\/voiture<\/strong> (comprenant l\u2019encadrement par un guide moniteur dipl\u00f4m\u00e9 BPJEPS, le pr\u00eat d\u2019une radio CB, toutes les r\u00e9servations du s\u00e9jour) <strong>+ ajouter 350\u20ac\/personne<\/strong> (restauration et h\u00e9bergement)<\/p>\n<p><strong>Vous voyagez avec des enfants ? Contactez-nous avant de r\u00e9server.<\/strong><\/p>\n<p><strong>Comment cela se d\u00e9roule ?<\/strong> Nous organisons pour vous un pique-nique en pleine nature le premier jour, puis un d\u00eener, la nuit et le petit d\u00e9jeuner dans des grottes troglodytes (base 2 personnes). Le lendemain, d\u00e9jeuner et d\u00eener dans une auberge et nuit dans un h\u00f4tel SPA en chambres doubles avec petit d\u00e9jeuner.<\/p>\n<p><strong>Pour valider votre inscription et r\u00e9server votre place, il suffit de verser des arrhes de 550 \u20ac. Ensuite, cap sur l\u2019aventure !<\/strong><\/p>","protected":false},"excerpt":{"rendered":"<p><strong><em>14, 15, 16 Mai 2026<br \/>\n30, 31 Octobre, 1 Novembre 2026<\/em><\/strong><\/p>\n<p><strong>Embrassez 3 langues, 3 climats, 3 saisons diff\u00e9rentes en seulement 72h pour une v\u00e9ritable d\u00e9connexion. Alternez entre routes sauvages et chemins secrets des contrebandiers pour une travers\u00e9e transpyr\u00e9n\u00e9enne unique et inoubliable<\/strong><strong><br \/>\n<\/strong><\/p>\n<p><strong>Ce Raid Bardenas-Aragon est un circuit sur mesure, sous forme de mini-raid 4\u00d74 d\u00e9paysant et unique!<\/strong><br \/>\nD\u00e9part de la C\u00f4te Basque, direction les plaines de Navarre, puis d\u00e9couverte du d\u00e9sert des Bardenas pour finir sur les cr\u00eates de l\u2019Aragon.<\/p>\n<p><strong>Au programme:<\/strong> Les provinces du Pays Basque, la travers\u00e9e des Pyr\u00e9n\u00e9es, les pistes de l\u2019Aragon, la d\u00e9couverte du d\u00e9sert des Bardenas Reales\u2026<\/p>\n<p><strong>Pour qui ?<\/strong> Pour vos \u00e9quipes, entre amis ou en famille, les enfants sont les bienvenus et adoreront cette exp\u00e9rience !<\/p>\n<p><strong>Tarifs<\/strong><strong><br \/>\n<\/strong>\u2013 <strong>Cas 1 &#8211; vous louez un de nos v\u00e9hicules<\/strong> : <strong>1300\u20ac pour une voiture privative<\/strong> (5 personnes max peuvent monter dans ce Toyota Land Cruiser \u00e9quip\u00e9, hors carburant &#8211; pr\u00e9voir 90 litres) <strong>+\u00a0 ajouter 350\u20ac\/personne<\/strong> (restauration et h\u00e9bergement)<br \/>\nou<br \/>\n\u2013<strong> Cas 2 &#8211; vous venez avec votre v\u00e9hicule<\/strong> : <strong>550\u20ac\/voiture<\/strong> (comprenant l\u2019encadrement par un guide moniteur dipl\u00f4m\u00e9 BPJEPS, le pr\u00eat d\u2019une radio CB, toutes les r\u00e9servations du s\u00e9jour) <strong>+ ajouter 350\u20ac\/personne<\/strong> (restauration et h\u00e9bergement)<br \/>\n<strong>Vous voyagez avec des enfants ? Contactez-nous avant de r\u00e9server. Attention, chaque mineur doit obligatoirement \u00eatre accompagn\u00e9.<\/strong><\/p>\n<p><strong>PLUS D&#8217;INFORMATIONS?<br \/>\n<\/strong><\/p>\n<div class=\"wpforms-container \" id=\"wpforms-19\">\n<form id=\"wpforms-form-19\" class=\"wpforms-validate wpforms-form\" data-formid=\"19\" method=\"post\" enctype=\"multipart\/form-data\" action=\"\/en\/wp-json\/wp\/v2\/product\/4915\"><noscript class=\"wpforms-error-noscript\">Please enable JavaScript in your browser to complete this form.<\/noscript><\/p>\n<div class=\"wpforms-field-container\">\n<div id=\"wpforms-19-field_0-container\" class=\"wpforms-field wpforms-field-name\" data-field-id=\"0\"><label class=\"wpforms-field-label wpforms-label-hide\" for=\"wpforms-19-field_0\">Votre Nom <span class=\"wpforms-required-label\">*<\/span><\/label><input type=\"text\" id=\"wpforms-19-field_0\" class=\"wpforms-field-large wpforms-field-required\" name=\"wpforms[fields][0]\" placeholder=\"Votre Nom\" required><\/div>\n<div id=\"wpforms-19-field_1-container\" class=\"wpforms-field wpforms-field-email\" data-field-id=\"1\"><label class=\"wpforms-field-label wpforms-label-hide\" for=\"wpforms-19-field_1\">Email <span class=\"wpforms-required-label\">*<\/span><\/label><input type=\"email\" id=\"wpforms-19-field_1\" class=\"wpforms-field-large wpforms-field-required\" data-rule-restricted-email=\"1\" name=\"wpforms[fields][1]\" placeholder=\"Adresse Email\" spellcheck=\"false\" required><\/div>\n<div id=\"wpforms-19-field_5-container\" class=\"wpforms-field wpforms-field-phone\" data-field-id=\"5\"><label class=\"wpforms-field-label\" for=\"wpforms-19-field_5\">T\u00e9l\u00e9phone <span class=\"wpforms-required-label\">*<\/span><\/label><input type=\"tel\" id=\"wpforms-19-field_5\" class=\"wpforms-field-medium wpforms-field-required wpforms-smart-phone-field\" data-rule-smart-phone-field=\"true\" name=\"wpforms[fields][5]\" required><\/div>\n<div id=\"wpforms-19-field_2-container\" class=\"wpforms-field wpforms-field-textarea\" data-field-id=\"2\"><label class=\"wpforms-field-label wpforms-label-hide\" for=\"wpforms-19-field_2\">Your Message <span class=\"wpforms-required-label\">*<\/span><\/label><textarea id=\"wpforms-19-field_2\" class=\"wpforms-field-medium wpforms-field-required\" name=\"wpforms[fields][2]\" placeholder=\"Message\" required><\/textarea><\/div>\n<\/div>\n<p><!-- .wpforms-field-container --><\/p>\n<div class=\"wpforms-recaptcha-container wpforms-is-recaptcha wpforms-is-recaptcha-type-v3\" ><input type=\"hidden\" name=\"wpforms[recaptcha]\" value=\"\"><\/div>\n<div class=\"wpforms-submit-container\" ><input type=\"hidden\" name=\"wpforms[id]\" value=\"19\"><input type=\"hidden\" name=\"wpforms[author]\" value=\"1\"><input type=\"hidden\" class=\"wpforms-token\" name=\"wpforms[token]\" value=\"05ff55204b2a8fbdc2fafef7779deab4\" \/><button type=\"submit\" name=\"wpforms[submit]\" id=\"wpforms-submit-19\" class=\"wpforms-submit\" data-alt-text=\"En Cours...\" data-submit-text=\"ENVOYER\" aria-live=\"assertive\" value=\"wpforms-submit\">ENVOYER<\/button><\/div>\n<\/form>\n<\/div>\n<p>  <!-- .wpforms-container --><\/p>\n<p>&nbsp;<\/p>\n<p><strong>Pour valider votre inscription et r\u00e9server votre place, il suffit de verser des arrhes de 550 \u20ac. Ensuite, cap sur l\u2019aventure !<\/strong><\/p>\n","protected":false},"featured_media":753,"template":"","meta":{"site-sidebar-layout":"default","site-content-layout":"","ast-site-content-layout":"default","site-content-style":"default","site-sidebar-style":"default","ast-global-header-display":"","ast-banner-title-visibility":"","ast-main-header-display":"","ast-hfb-above-header-display":"","ast-hfb-below-header-display":"","ast-hfb-mobile-header-display":"","site-post-title":"","ast-breadcrumbs-content":"","ast-featured-img":"","footer-sml-layout":"","ast-disable-related-posts":"","theme-transparent-header-meta":"default","adv-header-id-meta":"","stick-header-meta":"default","header-above-stick-meta":"","header-main-stick-meta":"","header-below-stick-meta":"","astra-migrate-meta-layouts":"set","ast-page-background-enabled":"default","ast-page-background-meta":{"desktop":{"background-color":"","background-image":"","background-repeat":"repeat","background-position":"center center","background-size":"auto","background-attachment":"scroll","background-type":"","background-media":"","overlay-type":"","overlay-color":"","overlay-opacity":"","overlay-gradient":""},"tablet":{"background-color":"","background-image":"","background-repeat":"repeat","background-position":"center center","background-size":"auto","background-attachment":"scroll","background-type":"","background-media":"","overlay-type":"","overlay-color":"","overlay-opacity":"","overlay-gradient":""},"mobile":{"background-color":"","background-image":"","background-repeat":"repeat","background-position":"center center","background-size":"auto","background-attachment":"scroll","background-type":"","background-media":"","overlay-type":"","overlay-color":"","overlay-opacity":"","overlay-gradient":""}},"ast-content-background-meta":{"desktop":{"background-color":"var(--ast-global-color-5)","background-image":"","background-repeat":"repeat","background-position":"center center","background-size":"auto","background-attachment":"scroll","background-type":"","background-media":"","overlay-type":"","overlay-color":"","overlay-opacity":"","overlay-gradient":""},"tablet":{"background-color":"var(--ast-global-color-5)","background-image":"","background-repeat":"repeat","background-position":"center center","background-size":"auto","background-attachment":"scroll","background-type":"","background-media":"","overlay-type":"","overlay-color":"","overlay-opacity":"","overlay-gradient":""},"mobile":{"background-color":"var(--ast-global-color-5)","background-image":"","background-repeat":"repeat","background-position":"center center","background-size":"auto","background-attachment":"scroll","background-type":"","background-media":"","overlay-type":"","overlay-color":"","overlay-opacity":"","overlay-gradient":""}}},"product_brand":[],"product_cat":[21],"product_tag":[],"class_list":{"0":"post-4915","1":"product","2":"type-product","3":"status-publish","4":"has-post-thumbnail","6":"product_cat-pays-basque-experience","7":"desktop-align-left","8":"tablet-align-left","9":"mobile-align-left","10":"ast-product-gallery-layout-horizontal-slider","11":"ast-product-tabs-layout-horizontal","13":"first","14":"instock","15":"taxable","16":"shipping-taxable","17":"purchasable","18":"product-type-simple"},"booking_location":null,"booking_location_type":null,"booking_duration":null,"booking_duration_unit":null,"booking_buffer":null,"booking_cost":null,"booking_resources":null,"exclude_global_add_ons":false,"addons":[{"name":"Nom, Pr\u00e9nom","type":"custom_text","position":0,"required":true,"title_format":"label","default":"","description_enable":false,"description":"","placeholder_enable":false,"placeholder":"","display":"select","restrictions_type":"any_text","adjust_price":false,"price":"","price_type":"flat_fee","restrictions":false,"min":"0","max":"0","options":[],"id":1715841386},{"name":"Nombre d'adultes","type":"custom_text","position":1,"required":true,"title_format":"label","default":"","description_enable":false,"description":"","placeholder_enable":false,"placeholder":"","display":"select","restrictions_type":"any_text","adjust_price":false,"price":"","price_type":"flat_fee","restrictions":false,"min":"0","max":"0","options":[],"id":1715841387},{"name":"Nombre d'enfants","type":"custom_text","position":2,"required":true,"title_format":"label","default":"","description_enable":false,"description":"","placeholder_enable":false,"placeholder":"","display":"select","restrictions_type":"any_text","adjust_price":false,"price":"","price_type":"flat_fee","restrictions":false,"min":"0","max":"0","options":[],"id":1715841388},{"name":"Vehicule","type":"multiple_choice","position":3,"required":true,"title_format":"label","default":"","description_enable":false,"description":"","placeholder_enable":false,"placeholder":"","display":"select","restrictions_type":"any_text","adjust_price":false,"price":"","price_type":"flat_fee","restrictions":false,"min":"0","max":"0","options":[{"label":"Nous avons besoin d'un v\u00e9hicule lou\u00e9 par Pays Basque Exp\u00e9rience","price":"","price_type":"flat_fee","image":0,"visibility":true},{"label":"Nous viendrons avec notre propre v\u00e9hicule (4x4)","price":"","price_type":"flat_fee","image":0,"visibility":true}],"id":1715841389},{"name":"Dates","type":"multiple_choice","position":4,"required":true,"title_format":"label","default":"","description_enable":false,"description":"","placeholder_enable":false,"placeholder":"","display":"select","restrictions_type":"any_text","adjust_price":false,"price":"","price_type":"flat_fee","restrictions":false,"min":"0","max":"0","options":[{"label":"Mai 2026","price":"","price_type":"flat_fee","image":0,"visibility":true},{"label":"Novembre 2026","price":"","price_type":"flat_fee","image":0,"visibility":true}],"id":1759934471}],"yoast_head":"<!-- This site is optimized with the Yoast SEO Premium plugin v22.5 (Yoast SEO v27.4) - https:\/\/yoast.com\/product\/yoast-seo-premium-wordpress\/ -->\n<title>Raid Bardenas et Aragon : 3 jours entre d\u00e9sert et montagnes<\/title>\n<meta name=\"description\" content=\"D\u00e9couvrez notre Raid de 3 jours dans les Bardenas et en Aragon. En famille ou entre amis, participez \u00e0 cette aventure extraordinaire.\" \/>\n<meta name=\"robots\" content=\"index, follow, max-snippet:-1, max-image-preview:large, max-video-preview:-1\" \/>\n<link rel=\"canonical\" href=\"https:\/\/www.pays-basque-experience.com\/en\/product\/raid-3-jours-bardenas-aragon-arrhes\/\" \/>\n<meta property=\"og:locale\" content=\"en_GB\" \/>\n<meta property=\"og:type\" content=\"article\" \/>\n<meta property=\"og:title\" content=\"Raid Bardenas\/Aragon 3 Jours\" \/>\n<meta property=\"og:description\" content=\"D\u00e9couvrez notre Raid de 3 jours dans les Bardenas et en Aragon. En famille ou entre amis, participez \u00e0 cette aventure extraordinaire.\" \/>\n<meta property=\"og:url\" content=\"https:\/\/www.pays-basque-experience.com\/en\/product\/raid-3-jours-bardenas-aragon-arrhes\/\" \/>\n<meta property=\"og:site_name\" content=\"Pays Basque Experience\" \/>\n<meta property=\"article:modified_time\" content=\"2026-04-07T17:58:19+00:00\" \/>\n<meta property=\"og:image\" content=\"https:\/\/www.pays-basque-experience.com\/wp-content\/uploads\/2021\/11\/banie\u0300re-bardenas-et-aragon.jpg\" \/>\n\t<meta property=\"og:image:width\" content=\"800\" \/>\n\t<meta property=\"og:image:height\" content=\"533\" \/>\n\t<meta property=\"og:image:type\" content=\"image\/jpeg\" \/>\n<meta name=\"twitter:card\" content=\"summary_large_image\" \/>\n<meta name=\"twitter:label1\" content=\"Estimated reading time\" \/>\n\t<meta name=\"twitter:data1\" content=\"3 minutes\" \/>\n<script type=\"application\/ld+json\" class=\"yoast-schema-graph\">{\"@context\":\"https:\\\/\\\/schema.org\",\"@graph\":[{\"@type\":\"WebPage\",\"@id\":\"https:\\\/\\\/www.pays-basque-experience.com\\\/produit\\\/raid-3-jours-bardenas-aragon-arrhes\\\/\",\"url\":\"https:\\\/\\\/www.pays-basque-experience.com\\\/produit\\\/raid-3-jours-bardenas-aragon-arrhes\\\/\",\"name\":\"Raid Bardenas et Aragon : 3 jours entre d\u00e9sert et montagnes\",\"isPartOf\":{\"@id\":\"https:\\\/\\\/www.pays-basque-experience.com\\\/#website\"},\"primaryImageOfPage\":{\"@id\":\"https:\\\/\\\/www.pays-basque-experience.com\\\/produit\\\/raid-3-jours-bardenas-aragon-arrhes\\\/#primaryimage\"},\"image\":{\"@id\":\"https:\\\/\\\/www.pays-basque-experience.com\\\/produit\\\/raid-3-jours-bardenas-aragon-arrhes\\\/#primaryimage\"},\"thumbnailUrl\":\"https:\\\/\\\/www.pays-basque-experience.com\\\/wp-content\\\/uploads\\\/2021\\\/11\\\/banie\u0300re-bardenas-et-aragon.jpg\",\"datePublished\":\"2024-09-06T14:53:33+00:00\",\"dateModified\":\"2026-04-07T17:58:19+00:00\",\"description\":\"D\u00e9couvrez notre Raid de 3 jours dans les Bardenas et en Aragon. En famille ou entre amis, participez \u00e0 cette aventure extraordinaire.\",\"breadcrumb\":{\"@id\":\"https:\\\/\\\/www.pays-basque-experience.com\\\/produit\\\/raid-3-jours-bardenas-aragon-arrhes\\\/#breadcrumb\"},\"inLanguage\":\"en-GB\",\"potentialAction\":[{\"@type\":\"ReadAction\",\"target\":[\"https:\\\/\\\/www.pays-basque-experience.com\\\/produit\\\/raid-3-jours-bardenas-aragon-arrhes\\\/\"]}]},{\"@type\":\"ImageObject\",\"inLanguage\":\"en-GB\",\"@id\":\"https:\\\/\\\/www.pays-basque-experience.com\\\/produit\\\/raid-3-jours-bardenas-aragon-arrhes\\\/#primaryimage\",\"url\":\"https:\\\/\\\/www.pays-basque-experience.com\\\/wp-content\\\/uploads\\\/2021\\\/11\\\/banie\u0300re-bardenas-et-aragon.jpg\",\"contentUrl\":\"https:\\\/\\\/www.pays-basque-experience.com\\\/wp-content\\\/uploads\\\/2021\\\/11\\\/banie\u0300re-bardenas-et-aragon.jpg\",\"width\":800,\"height\":533},{\"@type\":\"BreadcrumbList\",\"@id\":\"https:\\\/\\\/www.pays-basque-experience.com\\\/produit\\\/raid-3-jours-bardenas-aragon-arrhes\\\/#breadcrumb\",\"itemListElement\":[{\"@type\":\"ListItem\",\"position\":1,\"name\":\"Accueil\",\"item\":\"https:\\\/\\\/www.pays-basque-experience.com\\\/\"},{\"@type\":\"ListItem\",\"position\":2,\"name\":\"Boutique\",\"item\":\"https:\\\/\\\/www.pays-basque-experience.com\\\/boutique\\\/\"},{\"@type\":\"ListItem\",\"position\":3,\"name\":\"Raid Bardenas\\\/Aragon 3 Jours\"}]},{\"@type\":\"WebSite\",\"@id\":\"https:\\\/\\\/www.pays-basque-experience.com\\\/#website\",\"url\":\"https:\\\/\\\/www.pays-basque-experience.com\\\/\",\"name\":\"Pays Basque Experience\",\"description\":\"Aventures au Pays Basque - Rando 4x4 pays basque.\",\"publisher\":{\"@id\":\"https:\\\/\\\/www.pays-basque-experience.com\\\/#organization\"},\"potentialAction\":[{\"@type\":\"SearchAction\",\"target\":{\"@type\":\"EntryPoint\",\"urlTemplate\":\"https:\\\/\\\/www.pays-basque-experience.com\\\/?s={search_term_string}\"},\"query-input\":{\"@type\":\"PropertyValueSpecification\",\"valueRequired\":true,\"valueName\":\"search_term_string\"}}],\"inLanguage\":\"en-GB\"},{\"@type\":\"Organization\",\"@id\":\"https:\\\/\\\/www.pays-basque-experience.com\\\/#organization\",\"name\":\"Pays Basque Experience\",\"url\":\"https:\\\/\\\/www.pays-basque-experience.com\\\/\",\"logo\":{\"@type\":\"ImageObject\",\"inLanguage\":\"en-GB\",\"@id\":\"https:\\\/\\\/www.pays-basque-experience.com\\\/#\\\/schema\\\/logo\\\/image\\\/\",\"url\":\"https:\\\/\\\/www.pays-basque-experience.com\\\/wp-content\\\/uploads\\\/2021\\\/12\\\/cropped-logo-21A1.png\",\"contentUrl\":\"https:\\\/\\\/www.pays-basque-experience.com\\\/wp-content\\\/uploads\\\/2021\\\/12\\\/cropped-logo-21A1.png\",\"width\":300,\"height\":300,\"caption\":\"Pays Basque Experience\"},\"image\":{\"@id\":\"https:\\\/\\\/www.pays-basque-experience.com\\\/#\\\/schema\\\/logo\\\/image\\\/\"}}]}<\/script>\n<!-- \/ Yoast SEO Premium plugin. -->","yoast_head_json":{"title":"Raid Bardenas et Aragon : 3 jours entre d\u00e9sert et montagnes","description":"D\u00e9couvrez notre Raid de 3 jours dans les Bardenas et en Aragon. En famille ou entre amis, participez \u00e0 cette aventure extraordinaire.","robots":{"index":"index","follow":"follow","max-snippet":"max-snippet:-1","max-image-preview":"max-image-preview:large","max-video-preview":"max-video-preview:-1"},"canonical":"https:\/\/www.pays-basque-experience.com\/en\/product\/raid-3-jours-bardenas-aragon-arrhes\/","og_locale":"en_GB","og_type":"article","og_title":"Raid Bardenas\/Aragon 3 Jours","og_description":"D\u00e9couvrez notre Raid de 3 jours dans les Bardenas et en Aragon. En famille ou entre amis, participez \u00e0 cette aventure extraordinaire.","og_url":"https:\/\/www.pays-basque-experience.com\/en\/product\/raid-3-jours-bardenas-aragon-arrhes\/","og_site_name":"Pays Basque Experience","article_modified_time":"2026-04-07T17:58:19+00:00","og_image":[{"width":800,"height":533,"url":"https:\/\/www.pays-basque-experience.com\/wp-content\/uploads\/2021\/11\/banie\u0300re-bardenas-et-aragon.jpg","type":"image\/jpeg"}],"twitter_card":"summary_large_image","twitter_misc":{"Estimated reading time":"3 minutes"},"schema":{"@context":"https:\/\/schema.org","@graph":[{"@type":"WebPage","@id":"https:\/\/www.pays-basque-experience.com\/produit\/raid-3-jours-bardenas-aragon-arrhes\/","url":"https:\/\/www.pays-basque-experience.com\/produit\/raid-3-jours-bardenas-aragon-arrhes\/","name":"Raid Bardenas et Aragon : 3 jours entre d\u00e9sert et montagnes","isPartOf":{"@id":"https:\/\/www.pays-basque-experience.com\/#website"},"primaryImageOfPage":{"@id":"https:\/\/www.pays-basque-experience.com\/produit\/raid-3-jours-bardenas-aragon-arrhes\/#primaryimage"},"image":{"@id":"https:\/\/www.pays-basque-experience.com\/produit\/raid-3-jours-bardenas-aragon-arrhes\/#primaryimage"},"thumbnailUrl":"https:\/\/www.pays-basque-experience.com\/wp-content\/uploads\/2021\/11\/banie\u0300re-bardenas-et-aragon.jpg","datePublished":"2024-09-06T14:53:33+00:00","dateModified":"2026-04-07T17:58:19+00:00","description":"D\u00e9couvrez notre Raid de 3 jours dans les Bardenas et en Aragon. En famille ou entre amis, participez \u00e0 cette aventure extraordinaire.","breadcrumb":{"@id":"https:\/\/www.pays-basque-experience.com\/produit\/raid-3-jours-bardenas-aragon-arrhes\/#breadcrumb"},"inLanguage":"en-GB","potentialAction":[{"@type":"ReadAction","target":["https:\/\/www.pays-basque-experience.com\/produit\/raid-3-jours-bardenas-aragon-arrhes\/"]}]},{"@type":"ImageObject","inLanguage":"en-GB","@id":"https:\/\/www.pays-basque-experience.com\/produit\/raid-3-jours-bardenas-aragon-arrhes\/#primaryimage","url":"https:\/\/www.pays-basque-experience.com\/wp-content\/uploads\/2021\/11\/banie\u0300re-bardenas-et-aragon.jpg","contentUrl":"https:\/\/www.pays-basque-experience.com\/wp-content\/uploads\/2021\/11\/banie\u0300re-bardenas-et-aragon.jpg","width":800,"height":533},{"@type":"BreadcrumbList","@id":"https:\/\/www.pays-basque-experience.com\/produit\/raid-3-jours-bardenas-aragon-arrhes\/#breadcrumb","itemListElement":[{"@type":"ListItem","position":1,"name":"Accueil","item":"https:\/\/www.pays-basque-experience.com\/"},{"@type":"ListItem","position":2,"name":"Boutique","item":"https:\/\/www.pays-basque-experience.com\/boutique\/"},{"@type":"ListItem","position":3,"name":"Raid Bardenas\/Aragon 3 Jours"}]},{"@type":"WebSite","@id":"https:\/\/www.pays-basque-experience.com\/#website","url":"https:\/\/www.pays-basque-experience.com\/","name":"Pays Basque Experience","description":"Aventures au Pays Basque - Rando 4x4 pays basque.","publisher":{"@id":"https:\/\/www.pays-basque-experience.com\/#organization"},"potentialAction":[{"@type":"SearchAction","target":{"@type":"EntryPoint","urlTemplate":"https:\/\/www.pays-basque-experience.com\/?s={search_term_string}"},"query-input":{"@type":"PropertyValueSpecification","valueRequired":true,"valueName":"search_term_string"}}],"inLanguage":"en-GB"},{"@type":"Organization","@id":"https:\/\/www.pays-basque-experience.com\/#organization","name":"Pays Basque Experience","url":"https:\/\/www.pays-basque-experience.com\/","logo":{"@type":"ImageObject","inLanguage":"en-GB","@id":"https:\/\/www.pays-basque-experience.com\/#\/schema\/logo\/image\/","url":"https:\/\/www.pays-basque-experience.com\/wp-content\/uploads\/2021\/12\/cropped-logo-21A1.png","contentUrl":"https:\/\/www.pays-basque-experience.com\/wp-content\/uploads\/2021\/12\/cropped-logo-21A1.png","width":300,"height":300,"caption":"Pays Basque Experience"},"image":{"@id":"https:\/\/www.pays-basque-experience.com\/#\/schema\/logo\/image\/"}}]}},"_links":{"self":[{"href":"https:\/\/www.pays-basque-experience.com\/en\/wp-json\/wp\/v2\/product\/4915","targetHints":{"allow":["GET"]}}],"collection":[{"href":"https:\/\/www.pays-basque-experience.com\/en\/wp-json\/wp\/v2\/product"}],"about":[{"href":"https:\/\/www.pays-basque-experience.com\/en\/wp-json\/wp\/v2\/types\/product"}],"wp:featuredmedia":[{"embeddable":true,"href":"https:\/\/www.pays-basque-experience.com\/en\/wp-json\/wp\/v2\/media\/753"}],"wp:attachment":[{"href":"https:\/\/www.pays-basque-experience.com\/en\/wp-json\/wp\/v2\/media?parent=4915"}],"wp:term":[{"taxonomy":"product_brand","embeddable":true,"href":"https:\/\/www.pays-basque-experience.com\/en\/wp-json\/wp\/v2\/product_brand?post=4915"},{"taxonomy":"product_cat","embeddable":true,"href":"https:\/\/www.pays-basque-experience.com\/en\/wp-json\/wp\/v2\/product_cat?post=4915"},{"taxonomy":"product_tag","embeddable":true,"href":"https:\/\/www.pays-basque-experience.com\/en\/wp-json\/wp\/v2\/product_tag?post=4915"}],"curies":[{"name":"wp","href":"https:\/\/api.w.org\/{rel}","templated":true}]}}