{"id":4940,"date":"2024-09-27T06:31:53","date_gmt":"2024-09-27T04:31:53","guid":{"rendered":"https:\/\/www.pays-basque-experience.com\/?post_type=product&#038;p=4940"},"modified":"2026-04-22T20:41:27","modified_gmt":"2026-04-22T18:41:27","slug":"1-2-journee-au-pays-basque-en-4x4","status":"publish","type":"product","link":"https:\/\/www.pays-basque-experience.com\/en\/product\/1-2-journee-au-pays-basque-en-4x4\/","title":{"rendered":"1\/2 Journ\u00e9e au Pays Basque en 4&#215;4"},"content":{"rendered":"<p><iframe title=\"YouTube video player\" src=\"https:\/\/www.youtube.com\/embed\/8QZOQQklQ_E \" width=\"380\" height=\"380\" frameborder=\"0\" allowfullscreen=\"allowfullscreen\"><\/iframe><\/p>\n<p><b>Notre calendrier des excursions 4&#215;4 pour les particuliers d\u00e9bute le 18 juillet jusqu&#8217;au 22 aout. Ces excursions se font tous les mardis.<br \/>\nPour les excursions VIP ou pour les groupes de +8 personnes, les excursions se font toute l&#8217;ann\u00e9e. Contactez-nous pour choisir votre date.<\/b><\/p>\n<p>&nbsp;<\/p>\n<p><strong>LES V\u00c9HICULES :<br \/>\n<\/strong>Nous vous mettons \u00e0 disposition nos v\u00e9hicules que vous pouvez conduire (bien s\u00fbr avec le permis).<br \/>\nSi vous ne prenez pas de v\u00e9hicule privatif et que vous \u00eates moins de 4\/5 personnes alors vous partagerez le v\u00e9hicule avec d&#8217;autres personnes pour pourront conduire \u00e9galement (en alternance avec vous).<br \/>\nL&#8217;option v\u00e9hicule privatif inclut un <strong>Toyota 4\u00d74 avec 5 personnes max. \u00e0 bord<\/strong>.<br \/>\nElle est id\u00e9ale pour les familles de 4 \u00e0 5 personnes.<br \/>\nCette activit\u00e9 <strong>peut convenir \u00e0 des enfants \u00e0 partir d&#8217;un an et aux personnes \u00e0 mobilit\u00e9 r\u00e9duite<\/strong>.<br \/>\n<strong>Attention, <\/strong>chaque mineur doit obligatoirement \u00eatre accompagn\u00e9. Les enfants peuvent tout \u00e0 fait participer \u00e0 cette activit\u00e9.<\/p>\n<p>Un briefing est pr\u00e9vu avant votre d\u00e9part et <strong>vous \u00eates encadr\u00e9s par des professionnels dipl\u00f4m\u00e9s tout au long du trajet<\/strong>. Une liaison radio entre tous les v\u00e9hicules est \u00e9galement assur\u00e9e.<\/p>\n<p><strong>Sur place un parking gratuit est \u00e0 votre disposition<\/strong>. Nous sommes base se situe \u00e0 Bidart, \u00e0 5 min de la gare de Biarritz, dans la ZA de Bassilour, au 7 impasse de Saules.<\/p>","protected":false},"excerpt":{"rendered":"<p class=\"v1MsoNormal\"><b>Notre calendrier des excursions 4&#215;4 pour les particuliers d\u00e9bute le 18 juillet jusqu&#8217;au 22 aout. Ces excursions se font tous les mardis.<br \/>\nPour les excursions VIP ou pour les groupes de +8 personnes, les excursions se font toute l&#8217;ann\u00e9e. Contactez-nous pour choisir votre date.<\/b><\/p>\n<p><strong>Au programme de la demi-journ\u00e9e :<\/strong>\u00a0\u00e9chappez-vous pendant 3h et traversez des villages rouges et blancs surveill\u00e9s par La Rhune, en alternant routes, chemins et anciennes pistes des contrebandiers. Ce programme comporte des arr\u00eats pour admirer la vue. Une immersion rare, guid\u00e9e par nos experts, qui vous m\u00e8ne dans des lieux et passages que vous ne pourriez certainement pas d\u00e9couvrir par vous-m\u00eame.<\/p>\n<p><strong>Exp\u00e9rience \u00e0 bord<\/strong>\u00a0:<br \/>\n<strong>Pour les r\u00e9servations de 2 personnes :\u00a0<\/strong>Vous partagerez l\u2019aventure \u00e0 bord de nos v\u00e9hicules avec nos accompagnateurs. Bien entendu, votre petit groupe restera ensemble, pour profiter pleinement de l\u2019exp\u00e9rience dans une ambiance conviviale et chaleureuse.<br \/>\n<strong>Pour les r\u00e9servations de 4\/5 personnes<\/strong>\u00a0: Vous profiterez d\u2019un v\u00e9hicule privatis\u00e9 rien que pour vous ! Le groupe vivra l\u2019exp\u00e9rience en toute intimit\u00e9, guid\u00e9 par l\u2019un de nos instructeurs certifi\u00e9s (qui sera dans un autre v\u00e9hicule devant vous)<\/p>\n<p><strong>Niveau<\/strong>\u00a0: Aucun niveau particulier n\u2019est requis. Nos guides, formateurs dipl\u00f4m\u00e9s, sont l\u00e0 pour vous accompagner \u00e0 chaque instant : vous guider, vous conseiller et vous rassurer si n\u00e9cessaire. Vous n\u2019avez qu\u2019\u00e0 vous laisser porter par l\u2019exp\u00e9rience. Seul un permis en cours de validit\u00e9 est demand\u00e9.<\/p>\n<p><strong>Tarif :<\/strong>\u00a0179\u20ac pour 2 personnes ou 349\u20ac pour 4\/5 personnes<\/p>\n<p><strong>D\u00e9part et Retour<\/strong>\u00a0: Notre base de Bidart, ZA de Bassilour.<\/p>\n<p><strong>D\u00e9tails<\/strong> :<br \/>\n<strong>Cette activit\u00e9 convient \u00e0 tous<\/strong>. Vous pouvez d\u00e9cider de prendre le volant ou simplement \u00eatre passager.<br \/>\nCette activit\u00e9 <strong>peut convenir \u00e0 des enfants \u00e0 partir d&#8217;un an et aux personnes \u00e0 mobilit\u00e9 r\u00e9duite<\/strong>.<br \/>\nUn briefing est pr\u00e9vu avant votre d\u00e9part et <strong>vous \u00eates encadr\u00e9s par des professionnels dipl\u00f4m\u00e9s tout au long du trajet<\/strong>. Une liaison radio entre tous les v\u00e9hicules est \u00e9galement assur\u00e9e.<\/p>\n<p><a href=\"https:\/\/www.pays-basque-experience.com\/en\/product\/bon-cadeau-decouverte\/\"><img decoding=\"async\" class=\"size-full wp-image-5739\" src=\"https:\/\/www.pays-basque-experience.com\/wp-content\/uploads\/2024\/09\/bouton-bon-cadeau-copie.jpg\" alt=\"\" width=\"300\" height=\"77\" \/><\/a><\/p>\n<p>&nbsp;<\/p>","protected":false},"featured_media":4303,"template":"","meta":{"site-sidebar-layout":"default","site-content-layout":"default","ast-site-content-layout":"default","site-content-style":"default","site-sidebar-style":"default","ast-global-header-display":"","ast-banner-title-visibility":"","ast-main-header-display":"","ast-hfb-above-header-display":"","ast-hfb-below-header-display":"","ast-hfb-mobile-header-display":"","site-post-title":"","ast-breadcrumbs-content":"","ast-featured-img":"","footer-sml-layout":"","ast-disable-related-posts":"","theme-transparent-header-meta":"default","adv-header-id-meta":"","stick-header-meta":"default","header-above-stick-meta":"","header-main-stick-meta":"","header-below-stick-meta":"","astra-migrate-meta-layouts":"set","ast-page-background-enabled":"default","ast-page-background-meta":{"desktop":{"background-color":"","background-image":"","background-repeat":"repeat","background-position":"center center","background-size":"auto","background-attachment":"scroll","background-type":"","background-media":"","overlay-type":"","overlay-color":"","overlay-opacity":"","overlay-gradient":""},"tablet":{"background-color":"","background-image":"","background-repeat":"repeat","background-position":"center center","background-size":"auto","background-attachment":"scroll","background-type":"","background-media":"","overlay-type":"","overlay-color":"","overlay-opacity":"","overlay-gradient":""},"mobile":{"background-color":"","background-image":"","background-repeat":"repeat","background-position":"center center","background-size":"auto","background-attachment":"scroll","background-type":"","background-media":"","overlay-type":"","overlay-color":"","overlay-opacity":"","overlay-gradient":""}},"ast-content-background-meta":{"desktop":{"background-color":"var(--ast-global-color-5)","background-image":"","background-repeat":"repeat","background-position":"center center","background-size":"auto","background-attachment":"scroll","background-type":"","background-media":"","overlay-type":"","overlay-color":"","overlay-opacity":"","overlay-gradient":""},"tablet":{"background-color":"var(--ast-global-color-5)","background-image":"","background-repeat":"repeat","background-position":"center center","background-size":"auto","background-attachment":"scroll","background-type":"","background-media":"","overlay-type":"","overlay-color":"","overlay-opacity":"","overlay-gradient":""},"mobile":{"background-color":"var(--ast-global-color-5)","background-image":"","background-repeat":"repeat","background-position":"center center","background-size":"auto","background-attachment":"scroll","background-type":"","background-media":"","overlay-type":"","overlay-color":"","overlay-opacity":"","overlay-gradient":""}}},"product_brand":[],"product_cat":[21],"product_tag":[],"class_list":{"0":"post-4940","1":"product","2":"type-product","3":"status-publish","4":"has-post-thumbnail","6":"product_cat-pays-basque-experience","7":"desktop-align-left","8":"tablet-align-left","9":"mobile-align-left","10":"ast-product-gallery-layout-horizontal-slider","11":"ast-product-tabs-layout-horizontal","13":"first","14":"instock","15":"sold-individually","16":"taxable","17":"shipping-taxable","18":"purchasable","19":"product-type-booking"},"booking_location":"","booking_location_type":"","booking_duration":1,"booking_duration_unit":"day","booking_buffer":0,"booking_cost":0,"booking_resources":[5735,5745],"exclude_global_add_ons":[],"addons":[],"yoast_head":"<!-- This site is optimized with the Yoast SEO Premium plugin v22.5 (Yoast SEO v27.4) - https:\/\/yoast.com\/product\/yoast-seo-premium-wordpress\/ -->\n<title>1\/2 Journ\u00e9e au Pays Basque en 4x4 - Pays Basque Experience<\/title>\n<meta name=\"description\" content=\"Depuis notre base de Bidart, \u00e0 5 minutes de Biarritz, partez pour 1\/2 Journ\u00e9e au Pays Basque: une randonn\u00e9e vers l\u2019arri\u00e8re-pays inaccessible par la route\" \/>\n<meta name=\"robots\" content=\"index, follow, max-snippet:-1, max-image-preview:large, max-video-preview:-1\" \/>\n<link rel=\"canonical\" href=\"https:\/\/www.pays-basque-experience.com\/en\/product\/1-2-journee-au-pays-basque-en-4x4\/\" \/>\n<meta property=\"og:locale\" content=\"en_GB\" \/>\n<meta property=\"og:type\" content=\"article\" \/>\n<meta property=\"og:title\" content=\"1\/2 Journ\u00e9e au Pays Basque en 4x4\" \/>\n<meta property=\"og:description\" content=\"Depuis notre base de Bidart, \u00e0 5 minutes de Biarritz, partez pour 1\/2 Journ\u00e9e au Pays Basque: une randonn\u00e9e vers l\u2019arri\u00e8re-pays inaccessible par la route\" \/>\n<meta property=\"og:url\" content=\"https:\/\/www.pays-basque-experience.com\/en\/product\/1-2-journee-au-pays-basque-en-4x4\/\" \/>\n<meta property=\"og:site_name\" content=\"Pays Basque Experience\" \/>\n<meta property=\"article:modified_time\" content=\"2026-04-22T18:41:27+00:00\" \/>\n<meta property=\"og:image\" content=\"https:\/\/www.pays-basque-experience.com\/wp-content\/uploads\/2022\/12\/005SUNSET_PAYS_BASQUE_EXPERIENCECJPEG-STUDIOS-PRINT-300-DPI.jpg\" \/>\n\t<meta property=\"og:image:width\" content=\"591\" \/>\n\t<meta property=\"og:image:height\" content=\"394\" \/>\n\t<meta property=\"og:image:type\" content=\"image\/jpeg\" \/>\n<meta name=\"twitter:card\" content=\"summary_large_image\" \/>\n<meta name=\"twitter:label1\" content=\"Estimated reading time\" \/>\n\t<meta name=\"twitter:data1\" content=\"2 minutes\" \/>\n<script type=\"application\/ld+json\" class=\"yoast-schema-graph\">{\"@context\":\"https:\\\/\\\/schema.org\",\"@graph\":[{\"@type\":\"WebPage\",\"@id\":\"https:\\\/\\\/www.pays-basque-experience.com\\\/produit\\\/1-2-journee-au-pays-basque-en-4x4\\\/\",\"url\":\"https:\\\/\\\/www.pays-basque-experience.com\\\/produit\\\/1-2-journee-au-pays-basque-en-4x4\\\/\",\"name\":\"1\\\/2 Journ\u00e9e au Pays Basque en 4x4 - Pays Basque Experience\",\"isPartOf\":{\"@id\":\"https:\\\/\\\/www.pays-basque-experience.com\\\/#website\"},\"primaryImageOfPage\":{\"@id\":\"https:\\\/\\\/www.pays-basque-experience.com\\\/produit\\\/1-2-journee-au-pays-basque-en-4x4\\\/#primaryimage\"},\"image\":{\"@id\":\"https:\\\/\\\/www.pays-basque-experience.com\\\/produit\\\/1-2-journee-au-pays-basque-en-4x4\\\/#primaryimage\"},\"thumbnailUrl\":\"https:\\\/\\\/www.pays-basque-experience.com\\\/wp-content\\\/uploads\\\/2022\\\/12\\\/005SUNSET_PAYS_BASQUE_EXPERIENCECJPEG-STUDIOS-PRINT-300-DPI.jpg\",\"datePublished\":\"2024-09-27T04:31:53+00:00\",\"dateModified\":\"2026-04-22T18:41:27+00:00\",\"description\":\"Depuis notre base de Bidart, \u00e0 5 minutes de Biarritz, partez pour 1\\\/2 Journ\u00e9e au Pays Basque: une randonn\u00e9e vers l\u2019arri\u00e8re-pays inaccessible par la route\",\"breadcrumb\":{\"@id\":\"https:\\\/\\\/www.pays-basque-experience.com\\\/produit\\\/1-2-journee-au-pays-basque-en-4x4\\\/#breadcrumb\"},\"inLanguage\":\"en-GB\",\"potentialAction\":[{\"@type\":\"ReadAction\",\"target\":[\"https:\\\/\\\/www.pays-basque-experience.com\\\/produit\\\/1-2-journee-au-pays-basque-en-4x4\\\/\"]}]},{\"@type\":\"ImageObject\",\"inLanguage\":\"en-GB\",\"@id\":\"https:\\\/\\\/www.pays-basque-experience.com\\\/produit\\\/1-2-journee-au-pays-basque-en-4x4\\\/#primaryimage\",\"url\":\"https:\\\/\\\/www.pays-basque-experience.com\\\/wp-content\\\/uploads\\\/2022\\\/12\\\/005SUNSET_PAYS_BASQUE_EXPERIENCECJPEG-STUDIOS-PRINT-300-DPI.jpg\",\"contentUrl\":\"https:\\\/\\\/www.pays-basque-experience.com\\\/wp-content\\\/uploads\\\/2022\\\/12\\\/005SUNSET_PAYS_BASQUE_EXPERIENCECJPEG-STUDIOS-PRINT-300-DPI.jpg\",\"width\":591,\"height\":394},{\"@type\":\"BreadcrumbList\",\"@id\":\"https:\\\/\\\/www.pays-basque-experience.com\\\/produit\\\/1-2-journee-au-pays-basque-en-4x4\\\/#breadcrumb\",\"itemListElement\":[{\"@type\":\"ListItem\",\"position\":1,\"name\":\"Accueil\",\"item\":\"https:\\\/\\\/www.pays-basque-experience.com\\\/\"},{\"@type\":\"ListItem\",\"position\":2,\"name\":\"Boutique\",\"item\":\"https:\\\/\\\/www.pays-basque-experience.com\\\/boutique\\\/\"},{\"@type\":\"ListItem\",\"position\":3,\"name\":\"1\\\/2 Journ\u00e9e au Pays Basque en 4&#215;4\"}]},{\"@type\":\"WebSite\",\"@id\":\"https:\\\/\\\/www.pays-basque-experience.com\\\/#website\",\"url\":\"https:\\\/\\\/www.pays-basque-experience.com\\\/\",\"name\":\"Pays Basque Experience\",\"description\":\"Aventures au Pays Basque - Rando 4x4 pays basque.\",\"publisher\":{\"@id\":\"https:\\\/\\\/www.pays-basque-experience.com\\\/#organization\"},\"potentialAction\":[{\"@type\":\"SearchAction\",\"target\":{\"@type\":\"EntryPoint\",\"urlTemplate\":\"https:\\\/\\\/www.pays-basque-experience.com\\\/?s={search_term_string}\"},\"query-input\":{\"@type\":\"PropertyValueSpecification\",\"valueRequired\":true,\"valueName\":\"search_term_string\"}}],\"inLanguage\":\"en-GB\"},{\"@type\":\"Organization\",\"@id\":\"https:\\\/\\\/www.pays-basque-experience.com\\\/#organization\",\"name\":\"Pays Basque Experience\",\"url\":\"https:\\\/\\\/www.pays-basque-experience.com\\\/\",\"logo\":{\"@type\":\"ImageObject\",\"inLanguage\":\"en-GB\",\"@id\":\"https:\\\/\\\/www.pays-basque-experience.com\\\/#\\\/schema\\\/logo\\\/image\\\/\",\"url\":\"https:\\\/\\\/www.pays-basque-experience.com\\\/wp-content\\\/uploads\\\/2021\\\/12\\\/cropped-logo-21A1.png\",\"contentUrl\":\"https:\\\/\\\/www.pays-basque-experience.com\\\/wp-content\\\/uploads\\\/2021\\\/12\\\/cropped-logo-21A1.png\",\"width\":300,\"height\":300,\"caption\":\"Pays Basque Experience\"},\"image\":{\"@id\":\"https:\\\/\\\/www.pays-basque-experience.com\\\/#\\\/schema\\\/logo\\\/image\\\/\"}}]}<\/script>\n<!-- \/ Yoast SEO Premium plugin. -->","yoast_head_json":{"title":"1\/2 Journ\u00e9e au Pays Basque en 4x4 - Pays Basque Experience","description":"Depuis notre base de Bidart, \u00e0 5 minutes de Biarritz, partez pour 1\/2 Journ\u00e9e au Pays Basque: une randonn\u00e9e vers l\u2019arri\u00e8re-pays inaccessible par la route","robots":{"index":"index","follow":"follow","max-snippet":"max-snippet:-1","max-image-preview":"max-image-preview:large","max-video-preview":"max-video-preview:-1"},"canonical":"https:\/\/www.pays-basque-experience.com\/en\/product\/1-2-journee-au-pays-basque-en-4x4\/","og_locale":"en_GB","og_type":"article","og_title":"1\/2 Journ\u00e9e au Pays Basque en 4x4","og_description":"Depuis notre base de Bidart, \u00e0 5 minutes de Biarritz, partez pour 1\/2 Journ\u00e9e au Pays Basque: une randonn\u00e9e vers l\u2019arri\u00e8re-pays inaccessible par la route","og_url":"https:\/\/www.pays-basque-experience.com\/en\/product\/1-2-journee-au-pays-basque-en-4x4\/","og_site_name":"Pays Basque Experience","article_modified_time":"2026-04-22T18:41:27+00:00","og_image":[{"width":591,"height":394,"url":"https:\/\/www.pays-basque-experience.com\/wp-content\/uploads\/2022\/12\/005SUNSET_PAYS_BASQUE_EXPERIENCECJPEG-STUDIOS-PRINT-300-DPI.jpg","type":"image\/jpeg"}],"twitter_card":"summary_large_image","twitter_misc":{"Estimated reading time":"2 minutes"},"schema":{"@context":"https:\/\/schema.org","@graph":[{"@type":"WebPage","@id":"https:\/\/www.pays-basque-experience.com\/produit\/1-2-journee-au-pays-basque-en-4x4\/","url":"https:\/\/www.pays-basque-experience.com\/produit\/1-2-journee-au-pays-basque-en-4x4\/","name":"1\/2 Journ\u00e9e au Pays Basque en 4x4 - Pays Basque Experience","isPartOf":{"@id":"https:\/\/www.pays-basque-experience.com\/#website"},"primaryImageOfPage":{"@id":"https:\/\/www.pays-basque-experience.com\/produit\/1-2-journee-au-pays-basque-en-4x4\/#primaryimage"},"image":{"@id":"https:\/\/www.pays-basque-experience.com\/produit\/1-2-journee-au-pays-basque-en-4x4\/#primaryimage"},"thumbnailUrl":"https:\/\/www.pays-basque-experience.com\/wp-content\/uploads\/2022\/12\/005SUNSET_PAYS_BASQUE_EXPERIENCECJPEG-STUDIOS-PRINT-300-DPI.jpg","datePublished":"2024-09-27T04:31:53+00:00","dateModified":"2026-04-22T18:41:27+00:00","description":"Depuis notre base de Bidart, \u00e0 5 minutes de Biarritz, partez pour 1\/2 Journ\u00e9e au Pays Basque: une randonn\u00e9e vers l\u2019arri\u00e8re-pays inaccessible par la route","breadcrumb":{"@id":"https:\/\/www.pays-basque-experience.com\/produit\/1-2-journee-au-pays-basque-en-4x4\/#breadcrumb"},"inLanguage":"en-GB","potentialAction":[{"@type":"ReadAction","target":["https:\/\/www.pays-basque-experience.com\/produit\/1-2-journee-au-pays-basque-en-4x4\/"]}]},{"@type":"ImageObject","inLanguage":"en-GB","@id":"https:\/\/www.pays-basque-experience.com\/produit\/1-2-journee-au-pays-basque-en-4x4\/#primaryimage","url":"https:\/\/www.pays-basque-experience.com\/wp-content\/uploads\/2022\/12\/005SUNSET_PAYS_BASQUE_EXPERIENCECJPEG-STUDIOS-PRINT-300-DPI.jpg","contentUrl":"https:\/\/www.pays-basque-experience.com\/wp-content\/uploads\/2022\/12\/005SUNSET_PAYS_BASQUE_EXPERIENCECJPEG-STUDIOS-PRINT-300-DPI.jpg","width":591,"height":394},{"@type":"BreadcrumbList","@id":"https:\/\/www.pays-basque-experience.com\/produit\/1-2-journee-au-pays-basque-en-4x4\/#breadcrumb","itemListElement":[{"@type":"ListItem","position":1,"name":"Accueil","item":"https:\/\/www.pays-basque-experience.com\/"},{"@type":"ListItem","position":2,"name":"Boutique","item":"https:\/\/www.pays-basque-experience.com\/boutique\/"},{"@type":"ListItem","position":3,"name":"1\/2 Journ\u00e9e au Pays Basque en 4&#215;4"}]},{"@type":"WebSite","@id":"https:\/\/www.pays-basque-experience.com\/#website","url":"https:\/\/www.pays-basque-experience.com\/","name":"Pays Basque Experience","description":"Aventures au Pays Basque - Rando 4x4 pays basque.","publisher":{"@id":"https:\/\/www.pays-basque-experience.com\/#organization"},"potentialAction":[{"@type":"SearchAction","target":{"@type":"EntryPoint","urlTemplate":"https:\/\/www.pays-basque-experience.com\/?s={search_term_string}"},"query-input":{"@type":"PropertyValueSpecification","valueRequired":true,"valueName":"search_term_string"}}],"inLanguage":"en-GB"},{"@type":"Organization","@id":"https:\/\/www.pays-basque-experience.com\/#organization","name":"Pays Basque Experience","url":"https:\/\/www.pays-basque-experience.com\/","logo":{"@type":"ImageObject","inLanguage":"en-GB","@id":"https:\/\/www.pays-basque-experience.com\/#\/schema\/logo\/image\/","url":"https:\/\/www.pays-basque-experience.com\/wp-content\/uploads\/2021\/12\/cropped-logo-21A1.png","contentUrl":"https:\/\/www.pays-basque-experience.com\/wp-content\/uploads\/2021\/12\/cropped-logo-21A1.png","width":300,"height":300,"caption":"Pays Basque Experience"},"image":{"@id":"https:\/\/www.pays-basque-experience.com\/#\/schema\/logo\/image\/"}}]}},"_links":{"self":[{"href":"https:\/\/www.pays-basque-experience.com\/en\/wp-json\/wp\/v2\/product\/4940","targetHints":{"allow":["GET"]}}],"collection":[{"href":"https:\/\/www.pays-basque-experience.com\/en\/wp-json\/wp\/v2\/product"}],"about":[{"href":"https:\/\/www.pays-basque-experience.com\/en\/wp-json\/wp\/v2\/types\/product"}],"wp:featuredmedia":[{"embeddable":true,"href":"https:\/\/www.pays-basque-experience.com\/en\/wp-json\/wp\/v2\/media\/4303"}],"wp:attachment":[{"href":"https:\/\/www.pays-basque-experience.com\/en\/wp-json\/wp\/v2\/media?parent=4940"}],"wp:term":[{"taxonomy":"product_brand","embeddable":true,"href":"https:\/\/www.pays-basque-experience.com\/en\/wp-json\/wp\/v2\/product_brand?post=4940"},{"taxonomy":"product_cat","embeddable":true,"href":"https:\/\/www.pays-basque-experience.com\/en\/wp-json\/wp\/v2\/product_cat?post=4940"},{"taxonomy":"product_tag","embeddable":true,"href":"https:\/\/www.pays-basque-experience.com\/en\/wp-json\/wp\/v2\/product_tag?post=4940"}],"curies":[{"name":"wp","href":"https:\/\/api.w.org\/{rel}","templated":true}]}}