{"id":4946,"date":"2024-09-27T06:52:53","date_gmt":"2024-09-27T04:52:53","guid":{"rendered":"https:\/\/www.pays-basque-experience.com\/?post_type=product&#038;p=4946"},"modified":"2024-12-14T15:07:49","modified_gmt":"2024-12-14T14:07:49","slug":"2-jours-bardenas","status":"publish","type":"product","link":"https:\/\/www.pays-basque-experience.com\/en\/product\/2-jours-bardenas\/","title":{"rendered":"Raid 2 Jours Bardenas"},"content":{"rendered":"<p><iframe title=\"YouTube video player\" src=\"https:\/\/www.youtube.com\/embed\/hWdHeyhE4VQ\" width=\"380\" height=\"380\" frameborder=\"0\" allowfullscreen=\"allowfullscreen\"><\/iframe><\/p>\n<h2 data-fontsize=\"18\" data-lineheight=\"27\">A proximit\u00e9 de la c\u00f4te basque se cache le d\u00e9sert des Bardenas Reales<\/h2>\n<p><strong>Cette activit\u00e9 est disponible sur demande. Contactez-nous via le formulaire plus bas ou par t\u00e9l\u00e9phone.<\/strong><\/p>\n<p>Avec ses 42000ha prot\u00e9g\u00e9s, cette r\u00e9serve naturelle offre des paysages fantastiques, qui \u00e9voluent en fonction des saisons.<\/p>\n<ul>\n<li><em>Au programme du jour 1:<\/em><\/li>\n<\/ul>\n<p>Cette premi\u00e8re journ\u00e9e sera consacr\u00e9e \u00e0 la travers\u00e9e des Pyr\u00e9n\u00e9es.<br \/>\nAlliant passages techniques et panoramas imprenables, partez \u00e0 la <strong>d\u00e9couverte des pistes de l\u2019arri\u00e8re Pays Basque<\/strong> fran\u00e7ais en direction de la fronti\u00e8re franco-espagnole. Vous d\u00e9couvrirez tour \u00e0 tour les provinces du Labourd, de la Basse Navarre et de la <strong>Navarre<\/strong>.<\/p>\n<p>A l\u2019heure du d\u00e9jeuner, au c\u0153ur de la vall\u00e9e des Aldudes, Pierre Oteiza vous r\u00e9galera avec ses charcuteries basque, ou profitez d\u2019un pique-nique traiteur sauvage.<\/p>\n<p>Enfin,\u00a0 vous entamerez votre travers\u00e9e des Pyr\u00e9n\u00e9es par les sommets, et contemplerez les <strong>plaines de Navarre depuis les hauteurs<\/strong>.<br \/>\nEn fin de journ\u00e9e, le d\u00e9sert des <strong>Bardenas Reales<\/strong> s\u2019approche\u2026<\/p>\n<p>Installation pour la nuit: <strong>grottes troglodytes<\/strong>, parador dans un village fortifi\u00e9, h\u00f4tel en ville, bivouac sauvage\u2026<\/p>\n<p>Pour chaque budget nous vous proposons une solution.<\/p>\n<ul>\n<li><em>Au programme du jour 2:<\/em><\/li>\n<\/ul>\n<p>Ouvrez les yeux aux abords du d\u00e9sert et direction les Bardenas Reales !<\/p>\n<p>Apr\u00e8s quelques minutes de route, d\u00e9couvrez cet <strong>ancien repaire de brigands,<\/strong> l\u2019immensit\u00e9 de ses plateaux, et marchez sur les pas de <em>Sergio Leone<\/em> qui y tourna plusieurs western. D\u00e9couvrez-le en 4\u00d74 et \u00e0 pied avec votre guide et <strong>prenez le temps<\/strong> de vous balader dans de ce d\u00e9cor fascinant.<\/p>\n<p>A l\u2019heure du d\u00e9jeuner, optez pour une auberge navarraise \u00e0 la sortie du d\u00e9sert, ou pour un pique-nique sur les bords du <strong>fleuve Aragon<\/strong>.<\/p>\n<p>L\u2019immensit\u00e9 du d\u00e9sert s\u2019\u00e9loignera apr\u00e8s d\u00e9jeuner en direction de la c\u00f4te basque, par les routes et pistes pyr\u00e9n\u00e9ennes.\u00a0 Nous vous offrons la possibilit\u00e9 d\u2019un arr\u00eat avant la fronti\u00e8re pour quelques achats personnels.<\/p>\n<p>Retour \u00e0 notre base de Bidart vers 18h00.<\/p>\n<p>Minimum 2 personnes.<\/p>\n<p>Possibilit\u00e9 de venir avec votre propre v\u00e9hicule: nous contacter.<\/p>\n<p>Venir avec vos enfants: nous contacter.<\/p>","protected":false},"excerpt":{"rendered":"<p data-fontsize=\"18\" data-lineheight=\"27\"><strong>Cette activit\u00e9 est disponible sur demande. Contactez-nous via le formulaire plus bas ou par t\u00e9l\u00e9phone.<\/strong><\/p>\n<p data-fontsize=\"18\" data-lineheight=\"27\">A proximit\u00e9 de la c\u00f4te basque se cache le d\u00e9sert des Bardenas Reales.<\/p>\n<p>Avec votre v\u00e9hicule personnel\u00a0: 390\u20ac\/v\u00e9hicule (4 personnes)<\/p>\n<p>Avec la location d&#8217;un de nos v\u00e9hicules\u00a0: 800\u20ac v\u00e9hicule privatif (4 places)<\/p>\n<p>250\u20ac Individuels\u00a0\u00a0la place dans un v\u00e9hicule<\/p>\n<p>Pr\u00e9voir un budget de 250\u20ac\/personne pour la partie h\u00f4tellerie et restauration en demi pension chambre double avec petit d\u00e9jeuner.\u00a0Il sera \u00e0 r\u00e9gler sur place.<\/p>\n<p><strong>Attention, <\/strong>chaque mineur doit obligatoirement \u00eatre accompagn\u00e9<\/p>\n<p>Minimum r\u00e9servation 2 personnes.<\/p>\n<p><strong><a href=\"https:\/\/www.pays-basque-experience.com\/produit\/bon-cadeau-decouverte\/\"><span style=\"color: #ff0000;\">OFFRIR UN BON CADEAU<\/span><\/a><\/strong><\/p>\n<p><span style=\"color: #ff0000;\"><strong>Obtenir plus d&#8217;informations sur cette activit\u00e9:<\/strong><\/span><\/p>\n<div class=\"wpforms-container \" id=\"wpforms-19\">\n<form id=\"wpforms-form-19\" class=\"wpforms-validate wpforms-form\" data-formid=\"19\" method=\"post\" enctype=\"multipart\/form-data\" action=\"\/en\/wp-json\/wp\/v2\/product\/4946\"><noscript class=\"wpforms-error-noscript\">Please enable JavaScript in your browser to complete this form.<\/noscript><\/p>\n<div class=\"wpforms-field-container\">\n<div id=\"wpforms-19-field_0-container\" class=\"wpforms-field wpforms-field-name\" data-field-id=\"0\"><label class=\"wpforms-field-label wpforms-label-hide\" for=\"wpforms-19-field_0\">Votre Nom <span class=\"wpforms-required-label\">*<\/span><\/label><input type=\"text\" id=\"wpforms-19-field_0\" class=\"wpforms-field-large wpforms-field-required\" name=\"wpforms[fields][0]\" placeholder=\"Votre Nom\" required><\/div>\n<div id=\"wpforms-19-field_1-container\" class=\"wpforms-field wpforms-field-email\" data-field-id=\"1\"><label class=\"wpforms-field-label wpforms-label-hide\" for=\"wpforms-19-field_1\">Email <span class=\"wpforms-required-label\">*<\/span><\/label><input type=\"email\" id=\"wpforms-19-field_1\" class=\"wpforms-field-large wpforms-field-required\" data-rule-restricted-email=\"1\" name=\"wpforms[fields][1]\" placeholder=\"Adresse Email\" spellcheck=\"false\" required><\/div>\n<div id=\"wpforms-19-field_5-container\" class=\"wpforms-field wpforms-field-phone\" data-field-id=\"5\"><label class=\"wpforms-field-label\" for=\"wpforms-19-field_5\">T\u00e9l\u00e9phone <span class=\"wpforms-required-label\">*<\/span><\/label><input type=\"tel\" id=\"wpforms-19-field_5\" class=\"wpforms-field-medium wpforms-field-required wpforms-smart-phone-field\" data-rule-smart-phone-field=\"true\" name=\"wpforms[fields][5]\" required><\/div>\n<div id=\"wpforms-19-field_2-container\" class=\"wpforms-field wpforms-field-textarea\" data-field-id=\"2\"><label class=\"wpforms-field-label wpforms-label-hide\" for=\"wpforms-19-field_2\">Your Message <span class=\"wpforms-required-label\">*<\/span><\/label><textarea id=\"wpforms-19-field_2\" class=\"wpforms-field-medium wpforms-field-required\" name=\"wpforms[fields][2]\" placeholder=\"Message\" required><\/textarea><\/div>\n<\/div>\n<p><!-- .wpforms-field-container --><\/p>\n<div class=\"wpforms-recaptcha-container wpforms-is-recaptcha wpforms-is-recaptcha-type-v3\" ><input type=\"hidden\" name=\"wpforms[recaptcha]\" value=\"\"><\/div>\n<div class=\"wpforms-submit-container\" ><input type=\"hidden\" name=\"wpforms[id]\" value=\"19\"><input type=\"hidden\" name=\"wpforms[author]\" value=\"1\"><input type=\"hidden\" class=\"wpforms-token\" name=\"wpforms[token]\" value=\"422ab9cb78778c37e533c5dc8411b81d\" \/><button type=\"submit\" name=\"wpforms[submit]\" id=\"wpforms-submit-19\" class=\"wpforms-submit\" data-alt-text=\"En Cours...\" data-submit-text=\"ENVOYER\" aria-live=\"assertive\" value=\"wpforms-submit\">ENVOYER<\/button><\/div>\n<\/form>\n<\/div>\n<p>  <!-- .wpforms-container --><\/p>\n","protected":false},"featured_media":2092,"template":"","meta":{"site-sidebar-layout":"default","site-content-layout":"default","ast-site-content-layout":"default","site-content-style":"default","site-sidebar-style":"default","ast-global-header-display":"","ast-banner-title-visibility":"","ast-main-header-display":"","ast-hfb-above-header-display":"","ast-hfb-below-header-display":"","ast-hfb-mobile-header-display":"","site-post-title":"","ast-breadcrumbs-content":"","ast-featured-img":"","footer-sml-layout":"","ast-disable-related-posts":"","theme-transparent-header-meta":"default","adv-header-id-meta":"","stick-header-meta":"default","header-above-stick-meta":"","header-main-stick-meta":"","header-below-stick-meta":"","astra-migrate-meta-layouts":"set","ast-page-background-enabled":"default","ast-page-background-meta":{"desktop":{"background-color":"","background-image":"","background-repeat":"repeat","background-position":"center center","background-size":"auto","background-attachment":"scroll","background-type":"","background-media":"","overlay-type":"","overlay-color":"","overlay-opacity":"","overlay-gradient":""},"tablet":{"background-color":"","background-image":"","background-repeat":"repeat","background-position":"center center","background-size":"auto","background-attachment":"scroll","background-type":"","background-media":"","overlay-type":"","overlay-color":"","overlay-opacity":"","overlay-gradient":""},"mobile":{"background-color":"","background-image":"","background-repeat":"repeat","background-position":"center center","background-size":"auto","background-attachment":"scroll","background-type":"","background-media":"","overlay-type":"","overlay-color":"","overlay-opacity":"","overlay-gradient":""}},"ast-content-background-meta":{"desktop":{"background-color":"var(--ast-global-color-5)","background-image":"","background-repeat":"repeat","background-position":"center center","background-size":"auto","background-attachment":"scroll","background-type":"","background-media":"","overlay-type":"","overlay-color":"","overlay-opacity":"","overlay-gradient":""},"tablet":{"background-color":"var(--ast-global-color-5)","background-image":"","background-repeat":"repeat","background-position":"center center","background-size":"auto","background-attachment":"scroll","background-type":"","background-media":"","overlay-type":"","overlay-color":"","overlay-opacity":"","overlay-gradient":""},"mobile":{"background-color":"var(--ast-global-color-5)","background-image":"","background-repeat":"repeat","background-position":"center center","background-size":"auto","background-attachment":"scroll","background-type":"","background-media":"","overlay-type":"","overlay-color":"","overlay-opacity":"","overlay-gradient":""}}},"product_brand":[],"product_cat":[21],"product_tag":[],"class_list":{"0":"post-4946","1":"product","2":"type-product","3":"status-publish","4":"has-post-thumbnail","6":"product_cat-pays-basque-experience","7":"desktop-align-left","8":"tablet-align-left","9":"mobile-align-left","10":"ast-product-gallery-layout-horizontal-slider","11":"ast-product-tabs-layout-horizontal","13":"first","14":"instock","15":"taxable","16":"shipping-taxable","17":"product-type-simple"},"booking_location":null,"booking_location_type":null,"booking_duration":null,"booking_duration_unit":null,"booking_buffer":null,"booking_cost":null,"booking_resources":null,"exclude_global_add_ons":[],"addons":[],"yoast_head":"<!-- This site is optimized with the Yoast SEO Premium plugin v22.5 (Yoast SEO v27.3) - https:\/\/yoast.com\/product\/yoast-seo-premium-wordpress\/ -->\n<title>Raid 2 Jours Bardenas - Pays Basque Experience<\/title>\n<meta name=\"robots\" content=\"index, follow, max-snippet:-1, max-image-preview:large, max-video-preview:-1\" \/>\n<link rel=\"canonical\" href=\"https:\/\/www.pays-basque-experience.com\/en\/product\/2-jours-bardenas\/\" \/>\n<meta property=\"og:locale\" content=\"en_GB\" \/>\n<meta property=\"og:type\" content=\"article\" \/>\n<meta property=\"og:title\" content=\"Raid 2 Jours Bardenas\" \/>\n<meta property=\"og:description\" content=\"Cette activit\u00e9 est disponible sur demande. Contactez-nous via le formulaire plus bas ou par t\u00e9l\u00e9phone. A proximit\u00e9 de la c\u00f4te basque se cache le d\u00e9sert des Bardenas Reales. Avec votre v\u00e9hicule personnel\u00a0: 390\u20ac\/v\u00e9hicule (4 personnes)  Avec la location d&#039;un de nos v\u00e9hicules\u00a0: 800\u20ac v\u00e9hicule privatif (4 places)  250\u20ac Individuels\u00a0\u00a0la place dans un v\u00e9hicule  Pr\u00e9voir un budget de 250\u20ac\/personne pour la partie h\u00f4tellerie et restauration en demi pension chambre double avec petit d\u00e9jeuner.\u00a0Il sera \u00e0 r\u00e9gler sur place.  Attention, chaque mineur doit obligatoirement \u00eatre accompagn\u00e9  Minimum r\u00e9servation 2 personnes.  OFFRIR UN BON CADEAU  Obtenir plus d&#039;informations sur cette activit\u00e9:\" \/>\n<meta property=\"og:url\" content=\"https:\/\/www.pays-basque-experience.com\/en\/product\/2-jours-bardenas\/\" \/>\n<meta property=\"og:site_name\" content=\"Pays Basque Experience\" \/>\n<meta property=\"article:modified_time\" content=\"2024-12-14T14:07:49+00:00\" \/>\n<meta property=\"og:image\" content=\"https:\/\/www.pays-basque-experience.com\/wp-content\/uploads\/2022\/01\/P20.jpg\" \/>\n\t<meta property=\"og:image:width\" content=\"800\" \/>\n\t<meta property=\"og:image:height\" content=\"533\" \/>\n\t<meta property=\"og:image:type\" content=\"image\/jpeg\" \/>\n<meta name=\"twitter:card\" content=\"summary_large_image\" \/>\n<meta name=\"twitter:label1\" content=\"Estimated reading time\" \/>\n\t<meta name=\"twitter:data1\" content=\"2 minutes\" \/>\n<script type=\"application\/ld+json\" class=\"yoast-schema-graph\">{\"@context\":\"https:\\\/\\\/schema.org\",\"@graph\":[{\"@type\":\"WebPage\",\"@id\":\"https:\\\/\\\/www.pays-basque-experience.com\\\/produit\\\/2-jours-bardenas\\\/\",\"url\":\"https:\\\/\\\/www.pays-basque-experience.com\\\/produit\\\/2-jours-bardenas\\\/\",\"name\":\"Raid 2 Jours Bardenas - Pays Basque Experience\",\"isPartOf\":{\"@id\":\"https:\\\/\\\/www.pays-basque-experience.com\\\/#website\"},\"primaryImageOfPage\":{\"@id\":\"https:\\\/\\\/www.pays-basque-experience.com\\\/produit\\\/2-jours-bardenas\\\/#primaryimage\"},\"image\":{\"@id\":\"https:\\\/\\\/www.pays-basque-experience.com\\\/produit\\\/2-jours-bardenas\\\/#primaryimage\"},\"thumbnailUrl\":\"https:\\\/\\\/www.pays-basque-experience.com\\\/wp-content\\\/uploads\\\/2022\\\/01\\\/P20.jpg\",\"datePublished\":\"2024-09-27T04:52:53+00:00\",\"dateModified\":\"2024-12-14T14:07:49+00:00\",\"breadcrumb\":{\"@id\":\"https:\\\/\\\/www.pays-basque-experience.com\\\/produit\\\/2-jours-bardenas\\\/#breadcrumb\"},\"inLanguage\":\"en-GB\",\"potentialAction\":[{\"@type\":\"ReadAction\",\"target\":[\"https:\\\/\\\/www.pays-basque-experience.com\\\/produit\\\/2-jours-bardenas\\\/\"]}]},{\"@type\":\"ImageObject\",\"inLanguage\":\"en-GB\",\"@id\":\"https:\\\/\\\/www.pays-basque-experience.com\\\/produit\\\/2-jours-bardenas\\\/#primaryimage\",\"url\":\"https:\\\/\\\/www.pays-basque-experience.com\\\/wp-content\\\/uploads\\\/2022\\\/01\\\/P20.jpg\",\"contentUrl\":\"https:\\\/\\\/www.pays-basque-experience.com\\\/wp-content\\\/uploads\\\/2022\\\/01\\\/P20.jpg\",\"width\":800,\"height\":533},{\"@type\":\"BreadcrumbList\",\"@id\":\"https:\\\/\\\/www.pays-basque-experience.com\\\/produit\\\/2-jours-bardenas\\\/#breadcrumb\",\"itemListElement\":[{\"@type\":\"ListItem\",\"position\":1,\"name\":\"Accueil\",\"item\":\"https:\\\/\\\/www.pays-basque-experience.com\\\/\"},{\"@type\":\"ListItem\",\"position\":2,\"name\":\"Boutique\",\"item\":\"https:\\\/\\\/www.pays-basque-experience.com\\\/boutique\\\/\"},{\"@type\":\"ListItem\",\"position\":3,\"name\":\"Raid 2 Jours Bardenas\"}]},{\"@type\":\"WebSite\",\"@id\":\"https:\\\/\\\/www.pays-basque-experience.com\\\/#website\",\"url\":\"https:\\\/\\\/www.pays-basque-experience.com\\\/\",\"name\":\"Pays Basque Experience\",\"description\":\"Aventures au Pays Basque - Rando 4x4 pays basque.\",\"publisher\":{\"@id\":\"https:\\\/\\\/www.pays-basque-experience.com\\\/#organization\"},\"potentialAction\":[{\"@type\":\"SearchAction\",\"target\":{\"@type\":\"EntryPoint\",\"urlTemplate\":\"https:\\\/\\\/www.pays-basque-experience.com\\\/?s={search_term_string}\"},\"query-input\":{\"@type\":\"PropertyValueSpecification\",\"valueRequired\":true,\"valueName\":\"search_term_string\"}}],\"inLanguage\":\"en-GB\"},{\"@type\":\"Organization\",\"@id\":\"https:\\\/\\\/www.pays-basque-experience.com\\\/#organization\",\"name\":\"Pays Basque Experience\",\"url\":\"https:\\\/\\\/www.pays-basque-experience.com\\\/\",\"logo\":{\"@type\":\"ImageObject\",\"inLanguage\":\"en-GB\",\"@id\":\"https:\\\/\\\/www.pays-basque-experience.com\\\/#\\\/schema\\\/logo\\\/image\\\/\",\"url\":\"https:\\\/\\\/www.pays-basque-experience.com\\\/wp-content\\\/uploads\\\/2021\\\/12\\\/cropped-logo-21A1.png\",\"contentUrl\":\"https:\\\/\\\/www.pays-basque-experience.com\\\/wp-content\\\/uploads\\\/2021\\\/12\\\/cropped-logo-21A1.png\",\"width\":300,\"height\":300,\"caption\":\"Pays Basque Experience\"},\"image\":{\"@id\":\"https:\\\/\\\/www.pays-basque-experience.com\\\/#\\\/schema\\\/logo\\\/image\\\/\"}}]}<\/script>\n<!-- \/ Yoast SEO Premium plugin. -->","yoast_head_json":{"title":"Raid 2 Jours Bardenas - Pays Basque Experience","robots":{"index":"index","follow":"follow","max-snippet":"max-snippet:-1","max-image-preview":"max-image-preview:large","max-video-preview":"max-video-preview:-1"},"canonical":"https:\/\/www.pays-basque-experience.com\/en\/product\/2-jours-bardenas\/","og_locale":"en_GB","og_type":"article","og_title":"Raid 2 Jours Bardenas","og_description":"Cette activit\u00e9 est disponible sur demande. Contactez-nous via le formulaire plus bas ou par t\u00e9l\u00e9phone. A proximit\u00e9 de la c\u00f4te basque se cache le d\u00e9sert des Bardenas Reales. Avec votre v\u00e9hicule personnel\u00a0: 390\u20ac\/v\u00e9hicule (4 personnes)  Avec la location d'un de nos v\u00e9hicules\u00a0: 800\u20ac v\u00e9hicule privatif (4 places)  250\u20ac Individuels\u00a0\u00a0la place dans un v\u00e9hicule  Pr\u00e9voir un budget de 250\u20ac\/personne pour la partie h\u00f4tellerie et restauration en demi pension chambre double avec petit d\u00e9jeuner.\u00a0Il sera \u00e0 r\u00e9gler sur place.  Attention, chaque mineur doit obligatoirement \u00eatre accompagn\u00e9  Minimum r\u00e9servation 2 personnes.  OFFRIR UN BON CADEAU  Obtenir plus d'informations sur cette activit\u00e9:","og_url":"https:\/\/www.pays-basque-experience.com\/en\/product\/2-jours-bardenas\/","og_site_name":"Pays Basque Experience","article_modified_time":"2024-12-14T14:07:49+00:00","og_image":[{"width":800,"height":533,"url":"https:\/\/www.pays-basque-experience.com\/wp-content\/uploads\/2022\/01\/P20.jpg","type":"image\/jpeg"}],"twitter_card":"summary_large_image","twitter_misc":{"Estimated reading time":"2 minutes"},"schema":{"@context":"https:\/\/schema.org","@graph":[{"@type":"WebPage","@id":"https:\/\/www.pays-basque-experience.com\/produit\/2-jours-bardenas\/","url":"https:\/\/www.pays-basque-experience.com\/produit\/2-jours-bardenas\/","name":"Raid 2 Jours Bardenas - Pays Basque Experience","isPartOf":{"@id":"https:\/\/www.pays-basque-experience.com\/#website"},"primaryImageOfPage":{"@id":"https:\/\/www.pays-basque-experience.com\/produit\/2-jours-bardenas\/#primaryimage"},"image":{"@id":"https:\/\/www.pays-basque-experience.com\/produit\/2-jours-bardenas\/#primaryimage"},"thumbnailUrl":"https:\/\/www.pays-basque-experience.com\/wp-content\/uploads\/2022\/01\/P20.jpg","datePublished":"2024-09-27T04:52:53+00:00","dateModified":"2024-12-14T14:07:49+00:00","breadcrumb":{"@id":"https:\/\/www.pays-basque-experience.com\/produit\/2-jours-bardenas\/#breadcrumb"},"inLanguage":"en-GB","potentialAction":[{"@type":"ReadAction","target":["https:\/\/www.pays-basque-experience.com\/produit\/2-jours-bardenas\/"]}]},{"@type":"ImageObject","inLanguage":"en-GB","@id":"https:\/\/www.pays-basque-experience.com\/produit\/2-jours-bardenas\/#primaryimage","url":"https:\/\/www.pays-basque-experience.com\/wp-content\/uploads\/2022\/01\/P20.jpg","contentUrl":"https:\/\/www.pays-basque-experience.com\/wp-content\/uploads\/2022\/01\/P20.jpg","width":800,"height":533},{"@type":"BreadcrumbList","@id":"https:\/\/www.pays-basque-experience.com\/produit\/2-jours-bardenas\/#breadcrumb","itemListElement":[{"@type":"ListItem","position":1,"name":"Accueil","item":"https:\/\/www.pays-basque-experience.com\/"},{"@type":"ListItem","position":2,"name":"Boutique","item":"https:\/\/www.pays-basque-experience.com\/boutique\/"},{"@type":"ListItem","position":3,"name":"Raid 2 Jours Bardenas"}]},{"@type":"WebSite","@id":"https:\/\/www.pays-basque-experience.com\/#website","url":"https:\/\/www.pays-basque-experience.com\/","name":"Pays Basque Experience","description":"Aventures au Pays Basque - Rando 4x4 pays basque.","publisher":{"@id":"https:\/\/www.pays-basque-experience.com\/#organization"},"potentialAction":[{"@type":"SearchAction","target":{"@type":"EntryPoint","urlTemplate":"https:\/\/www.pays-basque-experience.com\/?s={search_term_string}"},"query-input":{"@type":"PropertyValueSpecification","valueRequired":true,"valueName":"search_term_string"}}],"inLanguage":"en-GB"},{"@type":"Organization","@id":"https:\/\/www.pays-basque-experience.com\/#organization","name":"Pays Basque Experience","url":"https:\/\/www.pays-basque-experience.com\/","logo":{"@type":"ImageObject","inLanguage":"en-GB","@id":"https:\/\/www.pays-basque-experience.com\/#\/schema\/logo\/image\/","url":"https:\/\/www.pays-basque-experience.com\/wp-content\/uploads\/2021\/12\/cropped-logo-21A1.png","contentUrl":"https:\/\/www.pays-basque-experience.com\/wp-content\/uploads\/2021\/12\/cropped-logo-21A1.png","width":300,"height":300,"caption":"Pays Basque Experience"},"image":{"@id":"https:\/\/www.pays-basque-experience.com\/#\/schema\/logo\/image\/"}}]}},"_links":{"self":[{"href":"https:\/\/www.pays-basque-experience.com\/en\/wp-json\/wp\/v2\/product\/4946","targetHints":{"allow":["GET"]}}],"collection":[{"href":"https:\/\/www.pays-basque-experience.com\/en\/wp-json\/wp\/v2\/product"}],"about":[{"href":"https:\/\/www.pays-basque-experience.com\/en\/wp-json\/wp\/v2\/types\/product"}],"wp:featuredmedia":[{"embeddable":true,"href":"https:\/\/www.pays-basque-experience.com\/en\/wp-json\/wp\/v2\/media\/2092"}],"wp:attachment":[{"href":"https:\/\/www.pays-basque-experience.com\/en\/wp-json\/wp\/v2\/media?parent=4946"}],"wp:term":[{"taxonomy":"product_brand","embeddable":true,"href":"https:\/\/www.pays-basque-experience.com\/en\/wp-json\/wp\/v2\/product_brand?post=4946"},{"taxonomy":"product_cat","embeddable":true,"href":"https:\/\/www.pays-basque-experience.com\/en\/wp-json\/wp\/v2\/product_cat?post=4946"},{"taxonomy":"product_tag","embeddable":true,"href":"https:\/\/www.pays-basque-experience.com\/en\/wp-json\/wp\/v2\/product_tag?post=4946"}],"curies":[{"name":"wp","href":"https:\/\/api.w.org\/{rel}","templated":true}]}}