{"id":5742,"date":"2025-02-11T17:41:38","date_gmt":"2025-02-11T16:41:38","guid":{"rendered":"https:\/\/www.pays-basque-experience.com\/?post_type=product&#038;p=5742"},"modified":"2026-02-24T00:58:53","modified_gmt":"2026-02-23T23:58:53","slug":"1-2-journee-au-pays-basque-en-renault-4l","status":"publish","type":"product","link":"https:\/\/www.pays-basque-experience.com\/en\/product\/1-2-journee-au-pays-basque-en-renault-4l\/","title":{"rendered":"1\/2 journ\u00e9e au Pays Basque en Renault 4L"},"content":{"rendered":"<div>\n<p>Prenez le volant d\u2019une Renault 4L et partez sur les plus belles routes du Pays Basque.\u00a0 <span style=\"font-size: 16px;\">En famille, entre amis ou en solo d\u00e9couvrez des paysages incroyables et imprenables sur la cha\u00eene Pyr\u00e9n\u00e9enne.<\/span><\/p>\n<\/div>\n<div>\n<p>Sur place un parking gratuit est \u00e0 votre disposition. Nous sommes base se situe \u00e0 Bidart, \u00e0 5 min de la gare de Biarritz, dans la ZA de Bassilour, au 7 impasse de Saules. Retour \u00e0 Bidart, directement \u00e0 notre base vers 12h30.<\/p>\n<\/div>\n<div>\n<p>Le Brief technique et l\u2019accompagnement sont dispens\u00e9s par des guides instructeurs dipl\u00f4m\u00e9s BPJEPS Sport Automobile.<br \/>\nTous les niveaux peuvent participer \u00e0 cette aventure. Nos guides vous accompagnent tout au long de l\u2019excursion.<\/p>\n<p><strong>Attention,\u00a0<\/strong>chaque mineur doit obligatoirement \u00eatre accompagn\u00e9. Les enfants peuvent tout \u00e0 fait participer \u00e0 cette activit\u00e9.<\/p>\n<p><strong>Option V\u00c9HICULE PRIVATIF:<\/strong><br \/>\nCette option inclut une <strong>Renault 4L avec 4 passagers max<\/strong>. Elle est id\u00e9ale pour les familles de 4 personnes.<br \/>\n<em>La mention &#8220;ou 5 personnes&#8221; ne concerne pas les 4L mais les 4&#215;4. Les 4L peuvent uniquement compter 4 personnes \u00e0 bord.<\/em><\/p>\n<\/div>\n<div>\n<p>&nbsp;<\/p>\n<\/div>\n<div>\n<p>&nbsp;<\/p>\n<\/div>","protected":false},"excerpt":{"rendered":"<div>\n<p><b>Notre calendrier des excursions 4L pour les particuliers est valable en juillet et ao\u00fbt. Vous pouvez consulter les dates disponibles sur le calendrier ci-dessous.<br \/>\nPour les excursions pour les groupes de +8 personnes, contactez-nous pour choisir la date qui vous convient le mieux.<\/b><\/p>\n<p>Partez \u00e0 l\u2019aventure pendant 3h au volant d\u2019une Renault 4L et vivez une exp\u00e9rience unique \u00e0 la d\u00e9couverte du Pays Basque.<\/p>\n<\/div>\n<div>\n<p>Une fois au volant de votre 4L, traversez les villages typiques du Pays Basque et partez \u00e0 la d\u00e9couverte des plus belles routes et paysages.<\/p>\n<\/div>\n<p><strong>Cette activit\u00e9 convient \u00e0 tous<\/strong>. Vous pouvez d\u00e9cider de prendre le volant ou simplement \u00eatre passager.<\/p>\n<p><strong>Cette aventure est guid\u00e9e et comment\u00e9e<\/strong> par un <strong>moniteur BPJEPS exp\u00e9riment\u00e9s<\/strong>, enfants du pays, qui sont l\u00e0 pour vous guider et vous transmettre leur passion pour ce coin de pays \u00e0 travers des anecdotes et histoires.<\/p>\n<p><strong>D\u00e9part et Retour<\/strong>\u00a0 depuis notre base de <strong>Bidart<\/strong>, ZA de Bassilour.<\/p>\n<p><strong>Tarifs: nous contacter <\/strong><\/p>\n<p>Un briefing est pr\u00e9vu avant votre d\u00e9part et <strong>vous \u00eates encadr\u00e9s par des professionnels dipl\u00f4m\u00e9s tout au long du trajet<\/strong>. Une liaison radio entre tous les v\u00e9hicules est \u00e9galement assur\u00e9e.<\/p>\n<p><a href=\"https:\/\/www.pays-basque-experience.com\/en\/product\/bon-cadeau-decouverte\/\"><img decoding=\"async\" class=\"size-full wp-image-5739\" src=\"https:\/\/www.pays-basque-experience.com\/wp-content\/uploads\/2024\/09\/bouton-bon-cadeau-copie.jpg\" alt=\"\" width=\"300\" height=\"77\" \/><\/a><\/p>\n<p>&nbsp;<\/p>","protected":false},"featured_media":4096,"template":"","meta":{"site-sidebar-layout":"default","site-content-layout":"","ast-site-content-layout":"default","site-content-style":"default","site-sidebar-style":"default","ast-global-header-display":"","ast-banner-title-visibility":"","ast-main-header-display":"","ast-hfb-above-header-display":"","ast-hfb-below-header-display":"","ast-hfb-mobile-header-display":"","site-post-title":"","ast-breadcrumbs-content":"","ast-featured-img":"","footer-sml-layout":"","ast-disable-related-posts":"","theme-transparent-header-meta":"default","adv-header-id-meta":"","stick-header-meta":"default","header-above-stick-meta":"","header-main-stick-meta":"","header-below-stick-meta":"","astra-migrate-meta-layouts":"set","ast-page-background-enabled":"default","ast-page-background-meta":{"desktop":{"background-color":"","background-image":"","background-repeat":"repeat","background-position":"center center","background-size":"auto","background-attachment":"scroll","background-type":"","background-media":"","overlay-type":"","overlay-color":"","overlay-opacity":"","overlay-gradient":""},"tablet":{"background-color":"","background-image":"","background-repeat":"repeat","background-position":"center center","background-size":"auto","background-attachment":"scroll","background-type":"","background-media":"","overlay-type":"","overlay-color":"","overlay-opacity":"","overlay-gradient":""},"mobile":{"background-color":"","background-image":"","background-repeat":"repeat","background-position":"center center","background-size":"auto","background-attachment":"scroll","background-type":"","background-media":"","overlay-type":"","overlay-color":"","overlay-opacity":"","overlay-gradient":""}},"ast-content-background-meta":{"desktop":{"background-color":"var(--ast-global-color-5)","background-image":"","background-repeat":"repeat","background-position":"center center","background-size":"auto","background-attachment":"scroll","background-type":"","background-media":"","overlay-type":"","overlay-color":"","overlay-opacity":"","overlay-gradient":""},"tablet":{"background-color":"var(--ast-global-color-5)","background-image":"","background-repeat":"repeat","background-position":"center center","background-size":"auto","background-attachment":"scroll","background-type":"","background-media":"","overlay-type":"","overlay-color":"","overlay-opacity":"","overlay-gradient":""},"mobile":{"background-color":"var(--ast-global-color-5)","background-image":"","background-repeat":"repeat","background-position":"center center","background-size":"auto","background-attachment":"scroll","background-type":"","background-media":"","overlay-type":"","overlay-color":"","overlay-opacity":"","overlay-gradient":""}}},"product_brand":[],"product_cat":[21],"product_tag":[],"class_list":{"0":"post-5742","1":"product","2":"type-product","3":"status-publish","4":"has-post-thumbnail","6":"product_cat-pays-basque-experience","7":"desktop-align-left","8":"tablet-align-left","9":"mobile-align-left","10":"ast-product-gallery-layout-horizontal-slider","11":"ast-product-tabs-layout-horizontal","13":"first","14":"instock","15":"sold-individually","16":"taxable","17":"shipping-taxable","18":"purchasable","19":"product-type-booking"},"booking_location":"","booking_location_type":"","booking_duration":1,"booking_duration_unit":"day","booking_buffer":0,"booking_cost":0,"booking_resources":[5735,5745],"exclude_global_add_ons":[],"addons":[],"yoast_head":"<!-- This site is optimized with the Yoast SEO Premium plugin v22.5 (Yoast SEO v27.4) - https:\/\/yoast.com\/product\/yoast-seo-premium-wordpress\/ -->\n<title>1\/2 journ\u00e9e au Pays Basque en Renault 4L - Pays Basque Experience<\/title>\n<meta name=\"robots\" content=\"index, follow, max-snippet:-1, max-image-preview:large, max-video-preview:-1\" \/>\n<link rel=\"canonical\" href=\"https:\/\/www.pays-basque-experience.com\/en\/product\/1-2-journee-au-pays-basque-en-renault-4l\/\" \/>\n<meta property=\"og:locale\" content=\"en_GB\" \/>\n<meta property=\"og:type\" content=\"article\" \/>\n<meta property=\"og:title\" content=\"1\/2 journ\u00e9e au Pays Basque en Renault 4L\" \/>\n<meta property=\"og:description\" content=\"Notre calendrier des excursions 4L pour les particuliers est valable en juillet et ao\u00fbt. Vous pouvez consulter les dates disponibles sur le calendrier ci-dessous. Pour les excursions pour les groupes de +8 personnes, contactez-nous pour choisir la date qui vous convient le mieux.  Partez \u00e0 l\u2019aventure pendant 3h au volant d\u2019une Renault 4L et vivez une exp\u00e9rience unique \u00e0 la d\u00e9couverte du Pays Basque.     Une fois au volant de votre 4L, traversez les villages typiques du Pays Basque et partez \u00e0 la d\u00e9couverte des plus belles routes et paysages.   Cette activit\u00e9 convient \u00e0 tous. Vous pouvez d\u00e9cider de prendre le volant ou simplement \u00eatre passager.  Cette aventure est guid\u00e9e et comment\u00e9e par un moniteur BPJEPS exp\u00e9riment\u00e9s, enfants du pays, qui sont l\u00e0 pour vous guider et vous transmettre leur passion pour ce coin de pays \u00e0 travers des anecdotes et histoires.  D\u00e9part et Retour\u00a0 depuis notre base de Bidart, ZA de Bassilour.  Tarifs: nous contacter   Un briefing est pr\u00e9vu avant votre d\u00e9part et vous \u00eates encadr\u00e9s par des professionnels dipl\u00f4m\u00e9s tout au long du trajet. Une liaison radio entre tous les v\u00e9hicules est \u00e9galement assur\u00e9e.    &nbsp;\" \/>\n<meta property=\"og:url\" content=\"https:\/\/www.pays-basque-experience.com\/en\/product\/1-2-journee-au-pays-basque-en-renault-4l\/\" \/>\n<meta property=\"og:site_name\" content=\"Pays Basque Experience\" \/>\n<meta property=\"article:modified_time\" content=\"2026-02-23T23:58:53+00:00\" \/>\n<meta property=\"og:image\" content=\"https:\/\/www.pays-basque-experience.com\/wp-content\/uploads\/2024\/04\/PB-EXP.-HD-\u00a9E.Gentils-56.jpg\" \/>\n\t<meta property=\"og:image:width\" content=\"1098\" \/>\n\t<meta property=\"og:image:height\" content=\"1646\" \/>\n\t<meta property=\"og:image:type\" content=\"image\/jpeg\" \/>\n<meta name=\"twitter:card\" content=\"summary_large_image\" \/>\n<meta name=\"twitter:label1\" content=\"Estimated reading time\" \/>\n\t<meta name=\"twitter:data1\" content=\"2 minutes\" \/>\n<script type=\"application\/ld+json\" class=\"yoast-schema-graph\">{\"@context\":\"https:\\\/\\\/schema.org\",\"@graph\":[{\"@type\":\"WebPage\",\"@id\":\"https:\\\/\\\/www.pays-basque-experience.com\\\/produit\\\/1-2-journee-au-pays-basque-en-renault-4l\\\/\",\"url\":\"https:\\\/\\\/www.pays-basque-experience.com\\\/produit\\\/1-2-journee-au-pays-basque-en-renault-4l\\\/\",\"name\":\"1\\\/2 journ\u00e9e au Pays Basque en Renault 4L - Pays Basque Experience\",\"isPartOf\":{\"@id\":\"https:\\\/\\\/www.pays-basque-experience.com\\\/#website\"},\"primaryImageOfPage\":{\"@id\":\"https:\\\/\\\/www.pays-basque-experience.com\\\/produit\\\/1-2-journee-au-pays-basque-en-renault-4l\\\/#primaryimage\"},\"image\":{\"@id\":\"https:\\\/\\\/www.pays-basque-experience.com\\\/produit\\\/1-2-journee-au-pays-basque-en-renault-4l\\\/#primaryimage\"},\"thumbnailUrl\":\"https:\\\/\\\/www.pays-basque-experience.com\\\/wp-content\\\/uploads\\\/2024\\\/04\\\/PB-EXP.-HD-\u00a9E.Gentils-56.jpg\",\"datePublished\":\"2025-02-11T16:41:38+00:00\",\"dateModified\":\"2026-02-23T23:58:53+00:00\",\"breadcrumb\":{\"@id\":\"https:\\\/\\\/www.pays-basque-experience.com\\\/produit\\\/1-2-journee-au-pays-basque-en-renault-4l\\\/#breadcrumb\"},\"inLanguage\":\"en-GB\",\"potentialAction\":[{\"@type\":\"ReadAction\",\"target\":[\"https:\\\/\\\/www.pays-basque-experience.com\\\/produit\\\/1-2-journee-au-pays-basque-en-renault-4l\\\/\"]}]},{\"@type\":\"ImageObject\",\"inLanguage\":\"en-GB\",\"@id\":\"https:\\\/\\\/www.pays-basque-experience.com\\\/produit\\\/1-2-journee-au-pays-basque-en-renault-4l\\\/#primaryimage\",\"url\":\"https:\\\/\\\/www.pays-basque-experience.com\\\/wp-content\\\/uploads\\\/2024\\\/04\\\/PB-EXP.-HD-\u00a9E.Gentils-56.jpg\",\"contentUrl\":\"https:\\\/\\\/www.pays-basque-experience.com\\\/wp-content\\\/uploads\\\/2024\\\/04\\\/PB-EXP.-HD-\u00a9E.Gentils-56.jpg\",\"width\":1098,\"height\":1646},{\"@type\":\"BreadcrumbList\",\"@id\":\"https:\\\/\\\/www.pays-basque-experience.com\\\/produit\\\/1-2-journee-au-pays-basque-en-renault-4l\\\/#breadcrumb\",\"itemListElement\":[{\"@type\":\"ListItem\",\"position\":1,\"name\":\"Accueil\",\"item\":\"https:\\\/\\\/www.pays-basque-experience.com\\\/\"},{\"@type\":\"ListItem\",\"position\":2,\"name\":\"Boutique\",\"item\":\"https:\\\/\\\/www.pays-basque-experience.com\\\/boutique\\\/\"},{\"@type\":\"ListItem\",\"position\":3,\"name\":\"1\\\/2 journ\u00e9e au Pays Basque en Renault 4L\"}]},{\"@type\":\"WebSite\",\"@id\":\"https:\\\/\\\/www.pays-basque-experience.com\\\/#website\",\"url\":\"https:\\\/\\\/www.pays-basque-experience.com\\\/\",\"name\":\"Pays Basque Experience\",\"description\":\"Aventures au Pays Basque - Rando 4x4 pays basque.\",\"publisher\":{\"@id\":\"https:\\\/\\\/www.pays-basque-experience.com\\\/#organization\"},\"potentialAction\":[{\"@type\":\"SearchAction\",\"target\":{\"@type\":\"EntryPoint\",\"urlTemplate\":\"https:\\\/\\\/www.pays-basque-experience.com\\\/?s={search_term_string}\"},\"query-input\":{\"@type\":\"PropertyValueSpecification\",\"valueRequired\":true,\"valueName\":\"search_term_string\"}}],\"inLanguage\":\"en-GB\"},{\"@type\":\"Organization\",\"@id\":\"https:\\\/\\\/www.pays-basque-experience.com\\\/#organization\",\"name\":\"Pays Basque Experience\",\"url\":\"https:\\\/\\\/www.pays-basque-experience.com\\\/\",\"logo\":{\"@type\":\"ImageObject\",\"inLanguage\":\"en-GB\",\"@id\":\"https:\\\/\\\/www.pays-basque-experience.com\\\/#\\\/schema\\\/logo\\\/image\\\/\",\"url\":\"https:\\\/\\\/www.pays-basque-experience.com\\\/wp-content\\\/uploads\\\/2021\\\/12\\\/cropped-logo-21A1.png\",\"contentUrl\":\"https:\\\/\\\/www.pays-basque-experience.com\\\/wp-content\\\/uploads\\\/2021\\\/12\\\/cropped-logo-21A1.png\",\"width\":300,\"height\":300,\"caption\":\"Pays Basque Experience\"},\"image\":{\"@id\":\"https:\\\/\\\/www.pays-basque-experience.com\\\/#\\\/schema\\\/logo\\\/image\\\/\"}}]}<\/script>\n<!-- \/ Yoast SEO Premium plugin. -->","yoast_head_json":{"title":"1\/2 journ\u00e9e au Pays Basque en Renault 4L - Pays Basque Experience","robots":{"index":"index","follow":"follow","max-snippet":"max-snippet:-1","max-image-preview":"max-image-preview:large","max-video-preview":"max-video-preview:-1"},"canonical":"https:\/\/www.pays-basque-experience.com\/en\/product\/1-2-journee-au-pays-basque-en-renault-4l\/","og_locale":"en_GB","og_type":"article","og_title":"1\/2 journ\u00e9e au Pays Basque en Renault 4L","og_description":"Notre calendrier des excursions 4L pour les particuliers est valable en juillet et ao\u00fbt. Vous pouvez consulter les dates disponibles sur le calendrier ci-dessous. Pour les excursions pour les groupes de +8 personnes, contactez-nous pour choisir la date qui vous convient le mieux.  Partez \u00e0 l\u2019aventure pendant 3h au volant d\u2019une Renault 4L et vivez une exp\u00e9rience unique \u00e0 la d\u00e9couverte du Pays Basque.     Une fois au volant de votre 4L, traversez les villages typiques du Pays Basque et partez \u00e0 la d\u00e9couverte des plus belles routes et paysages.   Cette activit\u00e9 convient \u00e0 tous. Vous pouvez d\u00e9cider de prendre le volant ou simplement \u00eatre passager.  Cette aventure est guid\u00e9e et comment\u00e9e par un moniteur BPJEPS exp\u00e9riment\u00e9s, enfants du pays, qui sont l\u00e0 pour vous guider et vous transmettre leur passion pour ce coin de pays \u00e0 travers des anecdotes et histoires.  D\u00e9part et Retour\u00a0 depuis notre base de Bidart, ZA de Bassilour.  Tarifs: nous contacter   Un briefing est pr\u00e9vu avant votre d\u00e9part et vous \u00eates encadr\u00e9s par des professionnels dipl\u00f4m\u00e9s tout au long du trajet. Une liaison radio entre tous les v\u00e9hicules est \u00e9galement assur\u00e9e.    &nbsp;","og_url":"https:\/\/www.pays-basque-experience.com\/en\/product\/1-2-journee-au-pays-basque-en-renault-4l\/","og_site_name":"Pays Basque Experience","article_modified_time":"2026-02-23T23:58:53+00:00","og_image":[{"width":1098,"height":1646,"url":"https:\/\/www.pays-basque-experience.com\/wp-content\/uploads\/2024\/04\/PB-EXP.-HD-\u00a9E.Gentils-56.jpg","type":"image\/jpeg"}],"twitter_card":"summary_large_image","twitter_misc":{"Estimated reading time":"2 minutes"},"schema":{"@context":"https:\/\/schema.org","@graph":[{"@type":"WebPage","@id":"https:\/\/www.pays-basque-experience.com\/produit\/1-2-journee-au-pays-basque-en-renault-4l\/","url":"https:\/\/www.pays-basque-experience.com\/produit\/1-2-journee-au-pays-basque-en-renault-4l\/","name":"1\/2 journ\u00e9e au Pays Basque en Renault 4L - Pays Basque Experience","isPartOf":{"@id":"https:\/\/www.pays-basque-experience.com\/#website"},"primaryImageOfPage":{"@id":"https:\/\/www.pays-basque-experience.com\/produit\/1-2-journee-au-pays-basque-en-renault-4l\/#primaryimage"},"image":{"@id":"https:\/\/www.pays-basque-experience.com\/produit\/1-2-journee-au-pays-basque-en-renault-4l\/#primaryimage"},"thumbnailUrl":"https:\/\/www.pays-basque-experience.com\/wp-content\/uploads\/2024\/04\/PB-EXP.-HD-\u00a9E.Gentils-56.jpg","datePublished":"2025-02-11T16:41:38+00:00","dateModified":"2026-02-23T23:58:53+00:00","breadcrumb":{"@id":"https:\/\/www.pays-basque-experience.com\/produit\/1-2-journee-au-pays-basque-en-renault-4l\/#breadcrumb"},"inLanguage":"en-GB","potentialAction":[{"@type":"ReadAction","target":["https:\/\/www.pays-basque-experience.com\/produit\/1-2-journee-au-pays-basque-en-renault-4l\/"]}]},{"@type":"ImageObject","inLanguage":"en-GB","@id":"https:\/\/www.pays-basque-experience.com\/produit\/1-2-journee-au-pays-basque-en-renault-4l\/#primaryimage","url":"https:\/\/www.pays-basque-experience.com\/wp-content\/uploads\/2024\/04\/PB-EXP.-HD-\u00a9E.Gentils-56.jpg","contentUrl":"https:\/\/www.pays-basque-experience.com\/wp-content\/uploads\/2024\/04\/PB-EXP.-HD-\u00a9E.Gentils-56.jpg","width":1098,"height":1646},{"@type":"BreadcrumbList","@id":"https:\/\/www.pays-basque-experience.com\/produit\/1-2-journee-au-pays-basque-en-renault-4l\/#breadcrumb","itemListElement":[{"@type":"ListItem","position":1,"name":"Accueil","item":"https:\/\/www.pays-basque-experience.com\/"},{"@type":"ListItem","position":2,"name":"Boutique","item":"https:\/\/www.pays-basque-experience.com\/boutique\/"},{"@type":"ListItem","position":3,"name":"1\/2 journ\u00e9e au Pays Basque en Renault 4L"}]},{"@type":"WebSite","@id":"https:\/\/www.pays-basque-experience.com\/#website","url":"https:\/\/www.pays-basque-experience.com\/","name":"Pays Basque Experience","description":"Aventures au Pays Basque - Rando 4x4 pays basque.","publisher":{"@id":"https:\/\/www.pays-basque-experience.com\/#organization"},"potentialAction":[{"@type":"SearchAction","target":{"@type":"EntryPoint","urlTemplate":"https:\/\/www.pays-basque-experience.com\/?s={search_term_string}"},"query-input":{"@type":"PropertyValueSpecification","valueRequired":true,"valueName":"search_term_string"}}],"inLanguage":"en-GB"},{"@type":"Organization","@id":"https:\/\/www.pays-basque-experience.com\/#organization","name":"Pays Basque Experience","url":"https:\/\/www.pays-basque-experience.com\/","logo":{"@type":"ImageObject","inLanguage":"en-GB","@id":"https:\/\/www.pays-basque-experience.com\/#\/schema\/logo\/image\/","url":"https:\/\/www.pays-basque-experience.com\/wp-content\/uploads\/2021\/12\/cropped-logo-21A1.png","contentUrl":"https:\/\/www.pays-basque-experience.com\/wp-content\/uploads\/2021\/12\/cropped-logo-21A1.png","width":300,"height":300,"caption":"Pays Basque Experience"},"image":{"@id":"https:\/\/www.pays-basque-experience.com\/#\/schema\/logo\/image\/"}}]}},"_links":{"self":[{"href":"https:\/\/www.pays-basque-experience.com\/en\/wp-json\/wp\/v2\/product\/5742","targetHints":{"allow":["GET"]}}],"collection":[{"href":"https:\/\/www.pays-basque-experience.com\/en\/wp-json\/wp\/v2\/product"}],"about":[{"href":"https:\/\/www.pays-basque-experience.com\/en\/wp-json\/wp\/v2\/types\/product"}],"wp:featuredmedia":[{"embeddable":true,"href":"https:\/\/www.pays-basque-experience.com\/en\/wp-json\/wp\/v2\/media\/4096"}],"wp:attachment":[{"href":"https:\/\/www.pays-basque-experience.com\/en\/wp-json\/wp\/v2\/media?parent=5742"}],"wp:term":[{"taxonomy":"product_brand","embeddable":true,"href":"https:\/\/www.pays-basque-experience.com\/en\/wp-json\/wp\/v2\/product_brand?post=5742"},{"taxonomy":"product_cat","embeddable":true,"href":"https:\/\/www.pays-basque-experience.com\/en\/wp-json\/wp\/v2\/product_cat?post=5742"},{"taxonomy":"product_tag","embeddable":true,"href":"https:\/\/www.pays-basque-experience.com\/en\/wp-json\/wp\/v2\/product_tag?post=5742"}],"curies":[{"name":"wp","href":"https:\/\/api.w.org\/{rel}","templated":true}]}}