{"id":5904,"date":"2025-03-03T12:02:25","date_gmt":"2025-03-03T11:02:25","guid":{"rendered":"https:\/\/www.pays-basque-experience.com\/?post_type=product&#038;p=5904"},"modified":"2026-04-07T20:14:15","modified_gmt":"2026-04-07T18:14:15","slug":"raid-bardenas-rioja","status":"publish","type":"product","link":"https:\/\/www.pays-basque-experience.com\/en\/product\/raid-bardenas-rioja\/","title":{"rendered":"Raid  Bardenas\/Rioja"},"content":{"rendered":"<h2>Far West et Bodegas : d\u00e9couvrez la Rioja en passant par le d\u00e9sert des Bardenas lors d&#8217;un Raid de 3 jours.<\/h2>\n<p><strong>Le prochain Raid se d\u00e9roulera sur 3 jours et 2 nuits les 8,9 et 10 Mai 2026 pour les particuliers.<br \/>\nPour les groupes de 8 personnes et plus, sur demande.<\/strong><\/p>\n<p>Pays Basque Exp\u00e9rience a cr\u00e9\u00e9 pour vous un circuit sur mesure. Ce Raid Bardenas-Rioja sous forme de mini-raid d\u00e9paysant et unique vous emm\u00e8ne \u00e0 la<strong> d\u00e9couverte du d\u00e9sert des Bardenas et des vignobles et sommets de Rioja, sur les traces des dinosaures<\/strong>. Travers\u00e9e des Pyr\u00e9n\u00e9es, arr\u00eats authentiques, paysages \u00e0 couper le souffle, sans esprit de comp\u00e9tition.\u00a0 <strong>Le but?<\/strong> Partir, d\u00e9couvrir, se d\u00e9payser, et revenir la t\u00eate pleine d\u2019ailleurs.<\/p>\n<p><strong>Au programme:<\/strong> D\u00e9couvrez les pistes fran\u00e7aises et espagnoles : du d\u00e9sert des Bardenas jusqu&#8217;en Rioja, r\u00e9gion viticole renomm\u00e9e, partez \u00e0 la d\u00e9couverte de paysages magnifiques et de vignobles \u00e0 perte de vue. Sur les terres fertiles des rives de l\u2019Ebre ou les bodegas rivalisent d\u2019originalit\u00e9, la Rioja est une destination esth\u00e9tique et gourmande !<\/p>\n<p><strong>Pour qui ?<\/strong> Pour vos \u00e9quipes, entre amis ou en famille, les enfants sont les bienvenus et adoreront cette exp\u00e9rience !<\/p>\n<p><strong>Comment ?<\/strong> A bord de <strong>votre 4\u00d74<\/strong> ou au volant d\u2019<strong>un de nos Toyota Land Cruiser<\/strong>, embarquez \u00e0 bord de ces v\u00e9hicules parfaitement entretenus qui vous garantissent <strong>confort et fiabilit\u00e9<\/strong>.\u00a0 Prenez le volant tour \u00e0 tour ou restez passager, tout en profitant des anecdotes, histoires, commentaires et conseils avis\u00e9s de nos guides.<\/p>\n<p><strong>D\u00e9tails<\/strong><br \/>\n<strong>Ce raid d\u00e9bute depuis Bidart<\/strong>, sur la c\u00f4te basque \u00e0 10 min de l\u2019a\u00e9roport de Biarritz et 5 min de la gare.<br \/>\nSur place, un parking priv\u00e9 et s\u00e9curis\u00e9 vous est r\u00e9serv\u00e9. Un briefing technique sera fait sur place. L\u2019encadrement est dispens\u00e9 par des guides instructeurs dipl\u00f4m\u00e9s BPJEPS sport automobile pr\u00e9sents pour vous guider et commenter.<\/p>\n<p><strong>D\u00e9part le 8 mai \u00e0 9h et retour le 10 mai \u00e0 18h.<\/strong><\/p>\n<p><strong>Tarifs<br \/>\n<\/strong>\u2013 1300\u20ac pour une voiture privative (5 personnes max peuvent monter dans ce Toyota Land Cruiser \u00e9quip\u00e9, hors carburant &#8211; pr\u00e9voir 90 litres) + 350\u20ac\/personne (restauration et h\u00e9bergement)<br \/>\nou<br \/>\n\u2013 S\u00e9jour avec votre propre v\u00e9hicule: 550\u20ac\/voiture (comprenant l\u2019encadrement par un guide moniteur dipl\u00f4m\u00e9 BPJEPS, le pr\u00eat d\u2019une radio CB, toutes les r\u00e9servations du s\u00e9jour) + 350\u20ac\/personne (restauration et h\u00e9bergement)<\/p>\n<p><strong>Vous voyagez avec des enfants ? Contactez-nous avant de r\u00e9server.<\/strong><\/p>\n<p><strong>Comment cela se d\u00e9roule ?<\/strong> Nous organisons pour vous un pique-nique en pleine nature le premier jour, puis un d\u00eener, la nuit et le petit d\u00e9jeuner dans des grottes troglodytes (base 2 personnes). Le lendemain, d\u00e9jeuner et d\u00eener dans une auberge et nuit dans un h\u00f4tel SPA en chambres doubles avec petit d\u00e9jeuner.<\/p>\n<p><strong>Pour valider votre inscription et r\u00e9server votre place, il suffit de verser des arrhes de 550 \u20ac. Ensuite, cap sur l\u2019aventure !<\/strong><\/p>","protected":false},"excerpt":{"rendered":"<p><strong>Le prochain Raid se d\u00e9roulera sur 3 jours les 8,9 et 10 Mai 2026 pour les particuliers.<br \/>\nPour les groupes de 8 personnes et plus, sur demande.<\/strong><\/p>\n<p><strong>Ce Raid Bardenas-Rioja est un circuit sur mesure, sous forme de mini-raid 4\u00d74 d\u00e9paysant et unique!<\/strong><br \/>\nD\u00e9part de la C\u00f4te Basque, direction les plaines de Navarre, puis d\u00e9couverte du d\u00e9sert des Bardenas pour finir sur les sommets et dans les vignobles de Rioja<\/p>\n<p><strong>Au programme:<\/strong> Les provinces du Pays Basque, la travers\u00e9e des Pyr\u00e9n\u00e9es, la d\u00e9couverte du d\u00e9sert des Bardenas Reales, les pistes de Rioja sur les traces de dinosaures<\/p>\n<p><strong>Pour qui ?<\/strong> Pour vos \u00e9quipes, entre amis ou en famille, les enfants sont les bienvenus et adoreront cette exp\u00e9rience !<\/p>\n<p><strong>Tarifs<br \/>\n<\/strong>\u2013 <strong>1300\u20ac pour une voiture privative <\/strong>(5 personnes max peuvent monter dans ce Toyota Land Cruiser \u00e9quip\u00e9, hors carburant &#8211; pr\u00e9voir 90 litres)\u00a0\u00a0<strong>+ <\/strong><strong>350\u20ac\/personne<\/strong> (restauration et h\u00e9bergement)<br \/>\nou<br \/>\n\u2013 S\u00e9jour avec <strong>votre propre v\u00e9hicule:<\/strong> <strong>550\u20ac\/voiture<\/strong> (comprenant l\u2019encadrement par un guide moniteur dipl\u00f4m\u00e9 BPJEPS, le pr\u00eat d\u2019une radio CB, toutes les r\u00e9servations du s\u00e9jour) <strong>+ <\/strong><strong>350\u20ac\/personne<\/strong> (restauration et h\u00e9bergement).<br \/>\n<strong>Vous voyagez avec des enfants ? Contactez-nous avant de r\u00e9server. Attention, chaque mineur doit obligatoirement \u00eatre accompagn\u00e9.<\/strong><\/p>\n<p><strong>PLUS D&#8217;INFORMATIONS?<br \/>\n<\/strong><\/p>\n<div class=\"wpforms-container \" id=\"wpforms-19\">\n<form id=\"wpforms-form-19\" class=\"wpforms-validate wpforms-form\" data-formid=\"19\" method=\"post\" enctype=\"multipart\/form-data\" action=\"\/en\/wp-json\/wp\/v2\/product\/5904\"><noscript class=\"wpforms-error-noscript\">Please enable JavaScript in your browser to complete this form.<\/noscript><\/p>\n<div class=\"wpforms-field-container\">\n<div id=\"wpforms-19-field_0-container\" class=\"wpforms-field wpforms-field-name\" data-field-id=\"0\"><label class=\"wpforms-field-label wpforms-label-hide\" for=\"wpforms-19-field_0\">Votre Nom <span class=\"wpforms-required-label\">*<\/span><\/label><input type=\"text\" id=\"wpforms-19-field_0\" class=\"wpforms-field-large wpforms-field-required\" name=\"wpforms[fields][0]\" placeholder=\"Votre Nom\" required><\/div>\n<div id=\"wpforms-19-field_1-container\" class=\"wpforms-field wpforms-field-email\" data-field-id=\"1\"><label class=\"wpforms-field-label wpforms-label-hide\" for=\"wpforms-19-field_1\">Email <span class=\"wpforms-required-label\">*<\/span><\/label><input type=\"email\" id=\"wpforms-19-field_1\" class=\"wpforms-field-large wpforms-field-required\" data-rule-restricted-email=\"1\" name=\"wpforms[fields][1]\" placeholder=\"Adresse Email\" spellcheck=\"false\" required><\/div>\n<div id=\"wpforms-19-field_5-container\" class=\"wpforms-field wpforms-field-phone\" data-field-id=\"5\"><label class=\"wpforms-field-label\" for=\"wpforms-19-field_5\">T\u00e9l\u00e9phone <span class=\"wpforms-required-label\">*<\/span><\/label><input type=\"tel\" id=\"wpforms-19-field_5\" class=\"wpforms-field-medium wpforms-field-required wpforms-smart-phone-field\" data-rule-smart-phone-field=\"true\" name=\"wpforms[fields][5]\" required><\/div>\n<div id=\"wpforms-19-field_2-container\" class=\"wpforms-field wpforms-field-textarea\" data-field-id=\"2\"><label class=\"wpforms-field-label wpforms-label-hide\" for=\"wpforms-19-field_2\">Your Message <span class=\"wpforms-required-label\">*<\/span><\/label><textarea id=\"wpforms-19-field_2\" class=\"wpforms-field-medium wpforms-field-required\" name=\"wpforms[fields][2]\" placeholder=\"Message\" required><\/textarea><\/div>\n<\/div>\n<p><!-- .wpforms-field-container --><\/p>\n<div class=\"wpforms-recaptcha-container wpforms-is-recaptcha wpforms-is-recaptcha-type-v3\" ><input type=\"hidden\" name=\"wpforms[recaptcha]\" value=\"\"><\/div>\n<div class=\"wpforms-submit-container\" ><input type=\"hidden\" name=\"wpforms[id]\" value=\"19\"><input type=\"hidden\" name=\"wpforms[author]\" value=\"1\"><input type=\"hidden\" class=\"wpforms-token\" name=\"wpforms[token]\" value=\"238ca482bd468e6f962469f1bd5a6007\" \/><button type=\"submit\" name=\"wpforms[submit]\" id=\"wpforms-submit-19\" class=\"wpforms-submit\" data-alt-text=\"En Cours...\" data-submit-text=\"ENVOYER\" aria-live=\"assertive\" value=\"wpforms-submit\">ENVOYER<\/button><\/div>\n<\/form>\n<\/div>\n<p>  <!-- .wpforms-container --><\/p>\n<p><strong>On se r\u00e9jouit de vous compter parmi les participants au Raid 4&#215;4 Bardenas Rioja ! Pour valider votre inscription et r\u00e9server votre place, il suffit de verser des arrhes de 550 \u20ac. Ensuite, cap sur l\u2019aventure !<\/strong><\/p>\n","protected":false},"featured_media":5825,"template":"","meta":{"site-sidebar-layout":"default","site-content-layout":"","ast-site-content-layout":"default","site-content-style":"default","site-sidebar-style":"default","ast-global-header-display":"","ast-banner-title-visibility":"","ast-main-header-display":"","ast-hfb-above-header-display":"","ast-hfb-below-header-display":"","ast-hfb-mobile-header-display":"","site-post-title":"","ast-breadcrumbs-content":"","ast-featured-img":"","footer-sml-layout":"","ast-disable-related-posts":"","theme-transparent-header-meta":"default","adv-header-id-meta":"","stick-header-meta":"default","header-above-stick-meta":"","header-main-stick-meta":"","header-below-stick-meta":"","astra-migrate-meta-layouts":"set","ast-page-background-enabled":"default","ast-page-background-meta":{"desktop":{"background-color":"","background-image":"","background-repeat":"repeat","background-position":"center center","background-size":"auto","background-attachment":"scroll","background-type":"","background-media":"","overlay-type":"","overlay-color":"","overlay-opacity":"","overlay-gradient":""},"tablet":{"background-color":"","background-image":"","background-repeat":"repeat","background-position":"center center","background-size":"auto","background-attachment":"scroll","background-type":"","background-media":"","overlay-type":"","overlay-color":"","overlay-opacity":"","overlay-gradient":""},"mobile":{"background-color":"","background-image":"","background-repeat":"repeat","background-position":"center center","background-size":"auto","background-attachment":"scroll","background-type":"","background-media":"","overlay-type":"","overlay-color":"","overlay-opacity":"","overlay-gradient":""}},"ast-content-background-meta":{"desktop":{"background-color":"var(--ast-global-color-5)","background-image":"","background-repeat":"repeat","background-position":"center center","background-size":"auto","background-attachment":"scroll","background-type":"","background-media":"","overlay-type":"","overlay-color":"","overlay-opacity":"","overlay-gradient":""},"tablet":{"background-color":"var(--ast-global-color-5)","background-image":"","background-repeat":"repeat","background-position":"center center","background-size":"auto","background-attachment":"scroll","background-type":"","background-media":"","overlay-type":"","overlay-color":"","overlay-opacity":"","overlay-gradient":""},"mobile":{"background-color":"var(--ast-global-color-5)","background-image":"","background-repeat":"repeat","background-position":"center center","background-size":"auto","background-attachment":"scroll","background-type":"","background-media":"","overlay-type":"","overlay-color":"","overlay-opacity":"","overlay-gradient":""}}},"product_brand":[],"product_cat":[21],"product_tag":[],"class_list":{"0":"post-5904","1":"product","2":"type-product","3":"status-publish","4":"has-post-thumbnail","6":"product_cat-pays-basque-experience","7":"desktop-align-left","8":"tablet-align-left","9":"mobile-align-left","10":"ast-product-gallery-layout-horizontal-slider","11":"ast-product-tabs-layout-horizontal","13":"first","14":"instock","15":"taxable","16":"shipping-taxable","17":"purchasable","18":"product-type-simple"},"booking_location":null,"booking_location_type":null,"booking_duration":null,"booking_duration_unit":null,"booking_buffer":null,"booking_cost":null,"booking_resources":null,"exclude_global_add_ons":false,"addons":[{"name":"Nom, Pr\u00e9nom","type":"custom_text","position":0,"required":true,"title_format":"label","default":"","description_enable":false,"description":"","placeholder_enable":false,"placeholder":"","display":"select","restrictions_type":"any_text","adjust_price":false,"price":"","price_type":"flat_fee","restrictions":false,"min":"0","max":"0","options":[],"id":1759937654},{"name":"Nombre d'adultes","type":"custom_text","position":1,"required":true,"title_format":"label","default":"","description_enable":false,"description":"","placeholder_enable":false,"placeholder":"","display":"select","restrictions_type":"any_text","adjust_price":false,"price":"","price_type":"flat_fee","restrictions":false,"min":"0","max":"0","options":[],"id":1759937655},{"name":"Nombre d'enfants","type":"custom_text","position":2,"required":true,"title_format":"label","default":"","description_enable":false,"description":"","placeholder_enable":false,"placeholder":"","display":"select","restrictions_type":"any_text","adjust_price":false,"price":"","price_type":"flat_fee","restrictions":false,"min":"0","max":"0","options":[],"id":1759937656},{"name":"Vehicule","type":"multiple_choice","position":3,"required":true,"title_format":"label","default":"","description_enable":false,"description":"","placeholder_enable":false,"placeholder":"","display":"select","restrictions_type":"any_text","adjust_price":false,"price":"","price_type":"flat_fee","restrictions":false,"min":"0","max":"0","options":[{"label":"Nous avons besoin d'un v\u00e9hicule lou\u00e9 par Pays Basque Exp\u00e9rience","price":"","price_type":"flat_fee","image":0,"visibility":true},{"label":"Nous viendrons avec notre propre v\u00e9hicule (4x4)","price":"","price_type":"flat_fee","image":0,"visibility":true}],"id":1759937657}],"yoast_head":"<!-- This site is optimized with the Yoast SEO Premium plugin v22.5 (Yoast SEO v27.3) - https:\/\/yoast.com\/product\/yoast-seo-premium-wordpress\/ -->\n<title>Raid Bardenas et Rioja : 3 jours inoubliables<\/title>\n<meta name=\"description\" content=\"D\u00e9couvrez notre Raid de 3 jours dans les Bardenas et en Rioja. En famille ou entre amis, participez \u00e0 cette aventure extraordinaire\" \/>\n<meta name=\"robots\" content=\"index, follow, max-snippet:-1, max-image-preview:large, max-video-preview:-1\" \/>\n<link rel=\"canonical\" href=\"https:\/\/www.pays-basque-experience.com\/en\/product\/raid-bardenas-rioja\/\" \/>\n<meta property=\"og:locale\" content=\"en_GB\" \/>\n<meta property=\"og:type\" content=\"article\" \/>\n<meta property=\"og:title\" content=\"Raid Bardenas\/Rioja\" \/>\n<meta property=\"og:description\" content=\"D\u00e9couvrez notre Raid de 3 jours dans les Bardenas et en Rioja. En famille ou entre amis, participez \u00e0 cette aventure extraordinaire\" \/>\n<meta property=\"og:url\" content=\"https:\/\/www.pays-basque-experience.com\/en\/product\/raid-bardenas-rioja\/\" \/>\n<meta property=\"og:site_name\" content=\"Pays Basque Experience\" \/>\n<meta property=\"article:modified_time\" content=\"2026-04-07T18:14:15+00:00\" \/>\n<meta property=\"og:image\" content=\"https:\/\/www.pays-basque-experience.com\/wp-content\/uploads\/2025\/02\/2.jpg\" \/>\n\t<meta property=\"og:image:width\" content=\"500\" \/>\n\t<meta property=\"og:image:height\" content=\"500\" \/>\n\t<meta property=\"og:image:type\" content=\"image\/jpeg\" \/>\n<meta name=\"twitter:card\" content=\"summary_large_image\" \/>\n<meta name=\"twitter:label1\" content=\"Estimated reading time\" \/>\n\t<meta name=\"twitter:data1\" content=\"3 minutes\" \/>\n<script type=\"application\/ld+json\" class=\"yoast-schema-graph\">{\"@context\":\"https:\\\/\\\/schema.org\",\"@graph\":[{\"@type\":\"WebPage\",\"@id\":\"https:\\\/\\\/www.pays-basque-experience.com\\\/produit\\\/raid-bardenas-rioja\\\/\",\"url\":\"https:\\\/\\\/www.pays-basque-experience.com\\\/produit\\\/raid-bardenas-rioja\\\/\",\"name\":\"Raid Bardenas et Rioja : 3 jours inoubliables\",\"isPartOf\":{\"@id\":\"https:\\\/\\\/www.pays-basque-experience.com\\\/#website\"},\"primaryImageOfPage\":{\"@id\":\"https:\\\/\\\/www.pays-basque-experience.com\\\/produit\\\/raid-bardenas-rioja\\\/#primaryimage\"},\"image\":{\"@id\":\"https:\\\/\\\/www.pays-basque-experience.com\\\/produit\\\/raid-bardenas-rioja\\\/#primaryimage\"},\"thumbnailUrl\":\"https:\\\/\\\/www.pays-basque-experience.com\\\/wp-content\\\/uploads\\\/2025\\\/02\\\/2.jpg\",\"datePublished\":\"2025-03-03T11:02:25+00:00\",\"dateModified\":\"2026-04-07T18:14:15+00:00\",\"description\":\"D\u00e9couvrez notre Raid de 3 jours dans les Bardenas et en Rioja. En famille ou entre amis, participez \u00e0 cette aventure extraordinaire\",\"breadcrumb\":{\"@id\":\"https:\\\/\\\/www.pays-basque-experience.com\\\/produit\\\/raid-bardenas-rioja\\\/#breadcrumb\"},\"inLanguage\":\"en-GB\",\"potentialAction\":[{\"@type\":\"ReadAction\",\"target\":[\"https:\\\/\\\/www.pays-basque-experience.com\\\/produit\\\/raid-bardenas-rioja\\\/\"]}]},{\"@type\":\"ImageObject\",\"inLanguage\":\"en-GB\",\"@id\":\"https:\\\/\\\/www.pays-basque-experience.com\\\/produit\\\/raid-bardenas-rioja\\\/#primaryimage\",\"url\":\"https:\\\/\\\/www.pays-basque-experience.com\\\/wp-content\\\/uploads\\\/2025\\\/02\\\/2.jpg\",\"contentUrl\":\"https:\\\/\\\/www.pays-basque-experience.com\\\/wp-content\\\/uploads\\\/2025\\\/02\\\/2.jpg\",\"width\":500,\"height\":500},{\"@type\":\"BreadcrumbList\",\"@id\":\"https:\\\/\\\/www.pays-basque-experience.com\\\/produit\\\/raid-bardenas-rioja\\\/#breadcrumb\",\"itemListElement\":[{\"@type\":\"ListItem\",\"position\":1,\"name\":\"Accueil\",\"item\":\"https:\\\/\\\/www.pays-basque-experience.com\\\/\"},{\"@type\":\"ListItem\",\"position\":2,\"name\":\"Boutique\",\"item\":\"https:\\\/\\\/www.pays-basque-experience.com\\\/boutique\\\/\"},{\"@type\":\"ListItem\",\"position\":3,\"name\":\"Raid Bardenas\\\/Rioja\"}]},{\"@type\":\"WebSite\",\"@id\":\"https:\\\/\\\/www.pays-basque-experience.com\\\/#website\",\"url\":\"https:\\\/\\\/www.pays-basque-experience.com\\\/\",\"name\":\"Pays Basque Experience\",\"description\":\"Aventures au Pays Basque - Rando 4x4 pays basque.\",\"publisher\":{\"@id\":\"https:\\\/\\\/www.pays-basque-experience.com\\\/#organization\"},\"potentialAction\":[{\"@type\":\"SearchAction\",\"target\":{\"@type\":\"EntryPoint\",\"urlTemplate\":\"https:\\\/\\\/www.pays-basque-experience.com\\\/?s={search_term_string}\"},\"query-input\":{\"@type\":\"PropertyValueSpecification\",\"valueRequired\":true,\"valueName\":\"search_term_string\"}}],\"inLanguage\":\"en-GB\"},{\"@type\":\"Organization\",\"@id\":\"https:\\\/\\\/www.pays-basque-experience.com\\\/#organization\",\"name\":\"Pays Basque Experience\",\"url\":\"https:\\\/\\\/www.pays-basque-experience.com\\\/\",\"logo\":{\"@type\":\"ImageObject\",\"inLanguage\":\"en-GB\",\"@id\":\"https:\\\/\\\/www.pays-basque-experience.com\\\/#\\\/schema\\\/logo\\\/image\\\/\",\"url\":\"https:\\\/\\\/www.pays-basque-experience.com\\\/wp-content\\\/uploads\\\/2021\\\/12\\\/cropped-logo-21A1.png\",\"contentUrl\":\"https:\\\/\\\/www.pays-basque-experience.com\\\/wp-content\\\/uploads\\\/2021\\\/12\\\/cropped-logo-21A1.png\",\"width\":300,\"height\":300,\"caption\":\"Pays Basque Experience\"},\"image\":{\"@id\":\"https:\\\/\\\/www.pays-basque-experience.com\\\/#\\\/schema\\\/logo\\\/image\\\/\"}}]}<\/script>\n<!-- \/ Yoast SEO Premium plugin. -->","yoast_head_json":{"title":"Raid Bardenas et Rioja : 3 jours inoubliables","description":"D\u00e9couvrez notre Raid de 3 jours dans les Bardenas et en Rioja. En famille ou entre amis, participez \u00e0 cette aventure extraordinaire","robots":{"index":"index","follow":"follow","max-snippet":"max-snippet:-1","max-image-preview":"max-image-preview:large","max-video-preview":"max-video-preview:-1"},"canonical":"https:\/\/www.pays-basque-experience.com\/en\/product\/raid-bardenas-rioja\/","og_locale":"en_GB","og_type":"article","og_title":"Raid Bardenas\/Rioja","og_description":"D\u00e9couvrez notre Raid de 3 jours dans les Bardenas et en Rioja. En famille ou entre amis, participez \u00e0 cette aventure extraordinaire","og_url":"https:\/\/www.pays-basque-experience.com\/en\/product\/raid-bardenas-rioja\/","og_site_name":"Pays Basque Experience","article_modified_time":"2026-04-07T18:14:15+00:00","og_image":[{"width":500,"height":500,"url":"https:\/\/www.pays-basque-experience.com\/wp-content\/uploads\/2025\/02\/2.jpg","type":"image\/jpeg"}],"twitter_card":"summary_large_image","twitter_misc":{"Estimated reading time":"3 minutes"},"schema":{"@context":"https:\/\/schema.org","@graph":[{"@type":"WebPage","@id":"https:\/\/www.pays-basque-experience.com\/produit\/raid-bardenas-rioja\/","url":"https:\/\/www.pays-basque-experience.com\/produit\/raid-bardenas-rioja\/","name":"Raid Bardenas et Rioja : 3 jours inoubliables","isPartOf":{"@id":"https:\/\/www.pays-basque-experience.com\/#website"},"primaryImageOfPage":{"@id":"https:\/\/www.pays-basque-experience.com\/produit\/raid-bardenas-rioja\/#primaryimage"},"image":{"@id":"https:\/\/www.pays-basque-experience.com\/produit\/raid-bardenas-rioja\/#primaryimage"},"thumbnailUrl":"https:\/\/www.pays-basque-experience.com\/wp-content\/uploads\/2025\/02\/2.jpg","datePublished":"2025-03-03T11:02:25+00:00","dateModified":"2026-04-07T18:14:15+00:00","description":"D\u00e9couvrez notre Raid de 3 jours dans les Bardenas et en Rioja. En famille ou entre amis, participez \u00e0 cette aventure extraordinaire","breadcrumb":{"@id":"https:\/\/www.pays-basque-experience.com\/produit\/raid-bardenas-rioja\/#breadcrumb"},"inLanguage":"en-GB","potentialAction":[{"@type":"ReadAction","target":["https:\/\/www.pays-basque-experience.com\/produit\/raid-bardenas-rioja\/"]}]},{"@type":"ImageObject","inLanguage":"en-GB","@id":"https:\/\/www.pays-basque-experience.com\/produit\/raid-bardenas-rioja\/#primaryimage","url":"https:\/\/www.pays-basque-experience.com\/wp-content\/uploads\/2025\/02\/2.jpg","contentUrl":"https:\/\/www.pays-basque-experience.com\/wp-content\/uploads\/2025\/02\/2.jpg","width":500,"height":500},{"@type":"BreadcrumbList","@id":"https:\/\/www.pays-basque-experience.com\/produit\/raid-bardenas-rioja\/#breadcrumb","itemListElement":[{"@type":"ListItem","position":1,"name":"Accueil","item":"https:\/\/www.pays-basque-experience.com\/"},{"@type":"ListItem","position":2,"name":"Boutique","item":"https:\/\/www.pays-basque-experience.com\/boutique\/"},{"@type":"ListItem","position":3,"name":"Raid Bardenas\/Rioja"}]},{"@type":"WebSite","@id":"https:\/\/www.pays-basque-experience.com\/#website","url":"https:\/\/www.pays-basque-experience.com\/","name":"Pays Basque Experience","description":"Aventures au Pays Basque - Rando 4x4 pays basque.","publisher":{"@id":"https:\/\/www.pays-basque-experience.com\/#organization"},"potentialAction":[{"@type":"SearchAction","target":{"@type":"EntryPoint","urlTemplate":"https:\/\/www.pays-basque-experience.com\/?s={search_term_string}"},"query-input":{"@type":"PropertyValueSpecification","valueRequired":true,"valueName":"search_term_string"}}],"inLanguage":"en-GB"},{"@type":"Organization","@id":"https:\/\/www.pays-basque-experience.com\/#organization","name":"Pays Basque Experience","url":"https:\/\/www.pays-basque-experience.com\/","logo":{"@type":"ImageObject","inLanguage":"en-GB","@id":"https:\/\/www.pays-basque-experience.com\/#\/schema\/logo\/image\/","url":"https:\/\/www.pays-basque-experience.com\/wp-content\/uploads\/2021\/12\/cropped-logo-21A1.png","contentUrl":"https:\/\/www.pays-basque-experience.com\/wp-content\/uploads\/2021\/12\/cropped-logo-21A1.png","width":300,"height":300,"caption":"Pays Basque Experience"},"image":{"@id":"https:\/\/www.pays-basque-experience.com\/#\/schema\/logo\/image\/"}}]}},"_links":{"self":[{"href":"https:\/\/www.pays-basque-experience.com\/en\/wp-json\/wp\/v2\/product\/5904","targetHints":{"allow":["GET"]}}],"collection":[{"href":"https:\/\/www.pays-basque-experience.com\/en\/wp-json\/wp\/v2\/product"}],"about":[{"href":"https:\/\/www.pays-basque-experience.com\/en\/wp-json\/wp\/v2\/types\/product"}],"wp:featuredmedia":[{"embeddable":true,"href":"https:\/\/www.pays-basque-experience.com\/en\/wp-json\/wp\/v2\/media\/5825"}],"wp:attachment":[{"href":"https:\/\/www.pays-basque-experience.com\/en\/wp-json\/wp\/v2\/media?parent=5904"}],"wp:term":[{"taxonomy":"product_brand","embeddable":true,"href":"https:\/\/www.pays-basque-experience.com\/en\/wp-json\/wp\/v2\/product_brand?post=5904"},{"taxonomy":"product_cat","embeddable":true,"href":"https:\/\/www.pays-basque-experience.com\/en\/wp-json\/wp\/v2\/product_cat?post=5904"},{"taxonomy":"product_tag","embeddable":true,"href":"https:\/\/www.pays-basque-experience.com\/en\/wp-json\/wp\/v2\/product_tag?post=5904"}],"curies":[{"name":"wp","href":"https:\/\/api.w.org\/{rel}","templated":true}]}}