{"id":6608,"date":"2026-02-05T11:52:12","date_gmt":"2026-02-05T10:52:12","guid":{"rendered":"https:\/\/www.pays-basque-experience.com\/?post_type=product&#038;p=6608"},"modified":"2026-02-08T18:50:58","modified_gmt":"2026-02-08T17:50:58","slug":"formation-gazelles-arrhes","status":"publish","type":"product","link":"https:\/\/www.pays-basque-experience.com\/en\/product\/formation-gazelles-arrhes\/","title":{"rendered":"Formation  Rallye A\u00efcha des Gazelles  &#8211; Arrhes"},"content":{"rendered":"<p class=\"cvGsUA direction-ltr align-center para-style-body\"><span class=\"OYPEnA font-feature-liga-off font-feature-clig-off font-feature-calt-off text-decoration-none text-strikethrough-none\"><strong>Cette formation de 2 jours au Pays Basque comprend :\u00a0<\/strong><\/span><\/p>\n<ul>\n<li>1 \u00e9quipage unique par v\u00e9hicule (et pas 2 par v\u00e9hicules !)<\/li>\n<li>Maximum 10 \u00e9quipages par session<\/li>\n<li>Minimum 2 instructeurs BPJEPS par formation pour r\u00e9pondre \u00e0 toutes vos questions<\/li>\n<li>Entrainement dans les montagnes comme sur le Rallye<\/li>\n<li>Lieu de la formation : Bidart, Pays Basque. Notre \u00e9quipe est \u00e0 votre disposition pour venir vous chercher \u00e0 la gare de Biarritz (5 min) ou \u00e0 l&#8217;a\u00e9roport de Biarritz (10 min).<\/li>\n<\/ul>\n<p><strong>Cette formation ne comprend pas le logement et le repas du vendredi et du samedi soir.<\/strong><\/p>\n<div class=\"elementor-element elementor-element-c8479bc elementor-widget elementor-widget-heading\" data-id=\"c8479bc\" data-element_type=\"widget\" data-widget_type=\"heading.default\">\n<div class=\"elementor-widget-container\">\n<h3 class=\"elementor-heading-title elementor-size-default\">Tarif<\/h3>\n<\/div>\n<\/div>\n<div class=\"elementor-element elementor-element-0e1e6ef elementor-widget-divider--view-line elementor-widget elementor-widget-divider\" data-id=\"0e1e6ef\" data-element_type=\"widget\" data-widget_type=\"divider.default\">\n<div class=\"elementor-widget-container\">\n<div class=\"elementor-divider\">Le tarif total de cette formation est :<\/div>\n<div class=\"elementor-divider\">&#8211; 800 euros par \u00e9quipage (avec votre v\u00e9hicule)<\/div>\n<div class=\"elementor-divider\">&#8211; 900 euros par \u00e9quipage (avec location d\u2019un 4\u00d74)<\/div>\n<\/div>\n<\/div>\n<div class=\"elementor-element elementor-element-2411846 elementor-widget elementor-widget-text-editor\" data-id=\"2411846\" data-element_type=\"widget\" data-widget_type=\"text-editor.default\">\n<div class=\"elementor-widget-container\">\n<p>Contactez-nous pour conna\u00eetre tous les d\u00e9tails.<\/p>\n<\/div>\n<\/div>\n<div class=\"elementor-element elementor-element-c8479bc elementor-widget elementor-widget-heading\" data-id=\"c8479bc\" data-element_type=\"widget\" data-widget_type=\"heading.default\">\n<div class=\"elementor-widget-container\"><\/div>\n<\/div>\n<div class=\"elementor-element elementor-element-0e1e6ef elementor-widget-divider--view-line elementor-widget elementor-widget-divider\" data-id=\"0e1e6ef\" data-element_type=\"widget\" data-widget_type=\"divider.default\"><\/div>\n<div class=\"elementor-element elementor-element-2411846 elementor-widget elementor-widget-text-editor\" data-id=\"2411846\" data-element_type=\"widget\" data-widget_type=\"text-editor.default\">\n<div class=\"elementor-widget-container\">\n<p>&nbsp;<\/p>\n<\/div>\n<\/div>","protected":false},"excerpt":{"rendered":"<h3 class=\"elementor-heading-title elementor-size-default\">Dates<\/h3>\n<p>21 et 22 mars 2026 (2 jours de formation au Pays Basque)<\/p>\n<h3 class=\"elementor-heading-title elementor-size-default\">Lieu<\/h3>\n<p>Bidart, Pays Basque<br \/>\nNotre \u00e9quipe est \u00e0 votre disposition pour venir vous chercher \u00e0 la gare de Biarritz (5 min) ou \u00e0 l&#8217;a\u00e9roport de Biarritz (10 min).<\/p>\n<h3 class=\"elementor-heading-title elementor-size-default\">Tarif et inscription<\/h3>\n<div class=\"elementor-element elementor-element-2411846 elementor-widget elementor-widget-text-editor\" data-id=\"2411846\" data-element_type=\"widget\" data-widget_type=\"text-editor.default\">\n<div class=\"elementor-widget-container\">\n<div class=\"elementor-element elementor-element-0e1e6ef elementor-widget-divider--view-line elementor-widget elementor-widget-divider\" data-id=\"0e1e6ef\" data-element_type=\"widget\" data-widget_type=\"divider.default\">\n<div class=\"elementor-widget-container\">\n<div class=\"elementor-divider\">Le tarif total de cette formation est :<\/div>\n<div class=\"elementor-divider\">&#8211; 800 euros par \u00e9quipage (avec votre v\u00e9hicule)<\/div>\n<div class=\"elementor-divider\">&#8211; 900 euros par \u00e9quipage (avec location d\u2019un 4\u00d74)<\/div>\n<\/div>\n<\/div>\n<div class=\"elementor-element elementor-element-2411846 elementor-widget elementor-widget-text-editor\" data-id=\"2411846\" data-element_type=\"widget\" data-widget_type=\"text-editor.default\">\n<div class=\"elementor-widget-container\">\n<p>Contactez-nous pour conna\u00eetre tous les d\u00e9tails.<\/p>\n<\/div>\n<\/div>\n<\/div>\n<\/div>\n<p>Inscrivez-vous en ligne d\u00e8s aujourd\u2019hui en versant<strong> 300 euros d\u2019arrhes pour r\u00e9server votre formation.<\/strong><br \/>\nLe solde vous sera demand\u00e9 plus tard.<\/p>\n<h3 class=\"elementor-heading-title elementor-size-default\">Ce qui vous attend :<\/h3>\n<ul>\n<li class=\"cvGsUA direction-ltr align-justify para-style-body\"><span class=\"OYPEnA font-feature-liga-off font-feature-clig-off font-feature-calt-off text-decoration-none text-strikethrough-none\">Une formation de 48h en immersion totale. Apprenez tous les secrets et les techniques pour vivre la plus sereine des exp\u00e9riences.<\/span><\/li>\n<li class=\"cvGsUA direction-ltr align-justify para-style-body\"><span class=\"OYPEnA font-feature-liga-off font-feature-clig-off font-feature-calt-off text-decoration-none text-strikethrough-none\">Moniteurs BPJEPS \u00e0 votre disposition tout le week-end<\/span><\/li>\n<li>Note importante : Cette formation ne comprend pas le logement et le repas du vendredi et du samedi soir.<\/li>\n<\/ul>\n<p>&nbsp;<\/p>","protected":false},"featured_media":5270,"template":"","meta":{"site-sidebar-layout":"default","site-content-layout":"","ast-site-content-layout":"default","site-content-style":"default","site-sidebar-style":"default","ast-global-header-display":"","ast-banner-title-visibility":"","ast-main-header-display":"","ast-hfb-above-header-display":"","ast-hfb-below-header-display":"","ast-hfb-mobile-header-display":"","site-post-title":"","ast-breadcrumbs-content":"","ast-featured-img":"","footer-sml-layout":"","ast-disable-related-posts":"","theme-transparent-header-meta":"default","adv-header-id-meta":"","stick-header-meta":"default","header-above-stick-meta":"","header-main-stick-meta":"","header-below-stick-meta":"","astra-migrate-meta-layouts":"set","ast-page-background-enabled":"default","ast-page-background-meta":{"desktop":{"background-color":"","background-image":"","background-repeat":"repeat","background-position":"center center","background-size":"auto","background-attachment":"scroll","background-type":"","background-media":"","overlay-type":"","overlay-color":"","overlay-opacity":"","overlay-gradient":""},"tablet":{"background-color":"","background-image":"","background-repeat":"repeat","background-position":"center center","background-size":"auto","background-attachment":"scroll","background-type":"","background-media":"","overlay-type":"","overlay-color":"","overlay-opacity":"","overlay-gradient":""},"mobile":{"background-color":"","background-image":"","background-repeat":"repeat","background-position":"center center","background-size":"auto","background-attachment":"scroll","background-type":"","background-media":"","overlay-type":"","overlay-color":"","overlay-opacity":"","overlay-gradient":""}},"ast-content-background-meta":{"desktop":{"background-color":"var(--ast-global-color-5)","background-image":"","background-repeat":"repeat","background-position":"center center","background-size":"auto","background-attachment":"scroll","background-type":"","background-media":"","overlay-type":"","overlay-color":"","overlay-opacity":"","overlay-gradient":""},"tablet":{"background-color":"var(--ast-global-color-5)","background-image":"","background-repeat":"repeat","background-position":"center center","background-size":"auto","background-attachment":"scroll","background-type":"","background-media":"","overlay-type":"","overlay-color":"","overlay-opacity":"","overlay-gradient":""},"mobile":{"background-color":"var(--ast-global-color-5)","background-image":"","background-repeat":"repeat","background-position":"center center","background-size":"auto","background-attachment":"scroll","background-type":"","background-media":"","overlay-type":"","overlay-color":"","overlay-opacity":"","overlay-gradient":""}}},"product_brand":[],"product_cat":[21],"product_tag":[],"class_list":{"0":"post-6608","1":"product","2":"type-product","3":"status-publish","4":"has-post-thumbnail","6":"product_cat-pays-basque-experience","7":"desktop-align-left","8":"tablet-align-left","9":"mobile-align-left","10":"ast-product-gallery-layout-horizontal-slider","11":"ast-product-tabs-layout-horizontal","13":"first","14":"instock","15":"taxable","16":"shipping-taxable","17":"purchasable","18":"product-type-simple"},"booking_location":null,"booking_location_type":null,"booking_duration":null,"booking_duration_unit":null,"booking_buffer":null,"booking_cost":null,"booking_resources":null,"exclude_global_add_ons":false,"addons":[{"name":"Prenom et Nom Equipage #1","type":"custom_text","position":0,"required":false,"title_format":"label","default":"","description_enable":false,"description":"","placeholder_enable":false,"placeholder":"","display":"select","restrictions_type":"any_text","adjust_price":false,"price":"","price_type":"flat_fee","restrictions":false,"min":"0","max":"0","options":[],"id":1715841386},{"name":"Prenom et Nom Equipage #2","type":"custom_text","position":1,"required":false,"title_format":"label","default":"","description_enable":false,"description":"","placeholder_enable":false,"placeholder":"","display":"select","restrictions_type":"any_text","adjust_price":false,"price":"","price_type":"flat_fee","restrictions":false,"min":"0","max":"0","options":[],"id":1715841387},{"name":"Numero Equipage","type":"custom_text","position":2,"required":false,"title_format":"label","default":"","description_enable":false,"description":"","placeholder_enable":false,"placeholder":"","display":"select","restrictions_type":"any_text","adjust_price":false,"price":"","price_type":"flat_fee","restrictions":false,"min":"0","max":"0","options":[],"id":1715841388}],"yoast_head":"<!-- This site is optimized with the Yoast SEO Premium plugin v22.5 (Yoast SEO v27.4) - https:\/\/yoast.com\/product\/yoast-seo-premium-wordpress\/ -->\n<title>Stage pour le Rallye des Gazelles<\/title>\n<meta name=\"description\" content=\"D\u00e9couvrez ce stage immersif de 48h pour vous pr\u00e9parer au Rallye Aicha des Gazelles du Maroc 2026.\" \/>\n<meta name=\"robots\" content=\"index, follow, max-snippet:-1, max-image-preview:large, max-video-preview:-1\" \/>\n<link rel=\"canonical\" href=\"https:\/\/www.pays-basque-experience.com\/en\/product\/formation-gazelles-arrhes\/\" \/>\n<meta property=\"og:locale\" content=\"en_GB\" \/>\n<meta property=\"og:type\" content=\"article\" \/>\n<meta property=\"og:title\" content=\"Formation Rallye A\u00efcha des Gazelles - Arrhes\" \/>\n<meta property=\"og:description\" content=\"D\u00e9couvrez ce stage immersif de 48h pour vous pr\u00e9parer au Rallye Aicha des Gazelles du Maroc 2026.\" \/>\n<meta property=\"og:url\" content=\"https:\/\/www.pays-basque-experience.com\/en\/product\/formation-gazelles-arrhes\/\" \/>\n<meta property=\"og:site_name\" content=\"Pays Basque Experience\" \/>\n<meta property=\"article:modified_time\" content=\"2026-02-08T17:50:58+00:00\" \/>\n<meta property=\"og:image\" content=\"https:\/\/www.pays-basque-experience.com\/wp-content\/uploads\/2024\/11\/location-4x4-Gazelles-1024x681.png\" \/>\n\t<meta property=\"og:image:width\" content=\"1024\" \/>\n\t<meta property=\"og:image:height\" content=\"681\" \/>\n\t<meta property=\"og:image:type\" content=\"image\/png\" \/>\n<meta name=\"twitter:card\" content=\"summary_large_image\" \/>\n<meta name=\"twitter:label1\" content=\"Estimated reading time\" \/>\n\t<meta name=\"twitter:data1\" content=\"1 minute\" \/>\n<script type=\"application\/ld+json\" class=\"yoast-schema-graph\">{\"@context\":\"https:\\\/\\\/schema.org\",\"@graph\":[{\"@type\":\"WebPage\",\"@id\":\"https:\\\/\\\/www.pays-basque-experience.com\\\/produit\\\/formation-gazelles-arrhes\\\/\",\"url\":\"https:\\\/\\\/www.pays-basque-experience.com\\\/produit\\\/formation-gazelles-arrhes\\\/\",\"name\":\"Stage pour le Rallye des Gazelles\",\"isPartOf\":{\"@id\":\"https:\\\/\\\/www.pays-basque-experience.com\\\/#website\"},\"primaryImageOfPage\":{\"@id\":\"https:\\\/\\\/www.pays-basque-experience.com\\\/produit\\\/formation-gazelles-arrhes\\\/#primaryimage\"},\"image\":{\"@id\":\"https:\\\/\\\/www.pays-basque-experience.com\\\/produit\\\/formation-gazelles-arrhes\\\/#primaryimage\"},\"thumbnailUrl\":\"https:\\\/\\\/www.pays-basque-experience.com\\\/wp-content\\\/uploads\\\/2024\\\/11\\\/location-4x4-Gazelles.png\",\"datePublished\":\"2026-02-05T10:52:12+00:00\",\"dateModified\":\"2026-02-08T17:50:58+00:00\",\"description\":\"D\u00e9couvrez ce stage immersif de 48h pour vous pr\u00e9parer au Rallye Aicha des Gazelles du Maroc 2026.\",\"breadcrumb\":{\"@id\":\"https:\\\/\\\/www.pays-basque-experience.com\\\/produit\\\/formation-gazelles-arrhes\\\/#breadcrumb\"},\"inLanguage\":\"en-GB\",\"potentialAction\":[{\"@type\":\"ReadAction\",\"target\":[\"https:\\\/\\\/www.pays-basque-experience.com\\\/produit\\\/formation-gazelles-arrhes\\\/\"]}]},{\"@type\":\"ImageObject\",\"inLanguage\":\"en-GB\",\"@id\":\"https:\\\/\\\/www.pays-basque-experience.com\\\/produit\\\/formation-gazelles-arrhes\\\/#primaryimage\",\"url\":\"https:\\\/\\\/www.pays-basque-experience.com\\\/wp-content\\\/uploads\\\/2024\\\/11\\\/location-4x4-Gazelles.png\",\"contentUrl\":\"https:\\\/\\\/www.pays-basque-experience.com\\\/wp-content\\\/uploads\\\/2024\\\/11\\\/location-4x4-Gazelles.png\",\"width\":1500,\"height\":998},{\"@type\":\"BreadcrumbList\",\"@id\":\"https:\\\/\\\/www.pays-basque-experience.com\\\/produit\\\/formation-gazelles-arrhes\\\/#breadcrumb\",\"itemListElement\":[{\"@type\":\"ListItem\",\"position\":1,\"name\":\"Accueil\",\"item\":\"https:\\\/\\\/www.pays-basque-experience.com\\\/\"},{\"@type\":\"ListItem\",\"position\":2,\"name\":\"Boutique\",\"item\":\"https:\\\/\\\/www.pays-basque-experience.com\\\/boutique\\\/\"},{\"@type\":\"ListItem\",\"position\":3,\"name\":\"Formation Rallye A\u00efcha des Gazelles &#8211; Arrhes\"}]},{\"@type\":\"WebSite\",\"@id\":\"https:\\\/\\\/www.pays-basque-experience.com\\\/#website\",\"url\":\"https:\\\/\\\/www.pays-basque-experience.com\\\/\",\"name\":\"Pays Basque Experience\",\"description\":\"Aventures au Pays Basque - Rando 4x4 pays basque.\",\"publisher\":{\"@id\":\"https:\\\/\\\/www.pays-basque-experience.com\\\/#organization\"},\"potentialAction\":[{\"@type\":\"SearchAction\",\"target\":{\"@type\":\"EntryPoint\",\"urlTemplate\":\"https:\\\/\\\/www.pays-basque-experience.com\\\/?s={search_term_string}\"},\"query-input\":{\"@type\":\"PropertyValueSpecification\",\"valueRequired\":true,\"valueName\":\"search_term_string\"}}],\"inLanguage\":\"en-GB\"},{\"@type\":\"Organization\",\"@id\":\"https:\\\/\\\/www.pays-basque-experience.com\\\/#organization\",\"name\":\"Pays Basque Experience\",\"url\":\"https:\\\/\\\/www.pays-basque-experience.com\\\/\",\"logo\":{\"@type\":\"ImageObject\",\"inLanguage\":\"en-GB\",\"@id\":\"https:\\\/\\\/www.pays-basque-experience.com\\\/#\\\/schema\\\/logo\\\/image\\\/\",\"url\":\"https:\\\/\\\/www.pays-basque-experience.com\\\/wp-content\\\/uploads\\\/2021\\\/12\\\/cropped-logo-21A1.png\",\"contentUrl\":\"https:\\\/\\\/www.pays-basque-experience.com\\\/wp-content\\\/uploads\\\/2021\\\/12\\\/cropped-logo-21A1.png\",\"width\":300,\"height\":300,\"caption\":\"Pays Basque Experience\"},\"image\":{\"@id\":\"https:\\\/\\\/www.pays-basque-experience.com\\\/#\\\/schema\\\/logo\\\/image\\\/\"}}]}<\/script>\n<!-- \/ Yoast SEO Premium plugin. -->","yoast_head_json":{"title":"Stage pour le Rallye des Gazelles","description":"D\u00e9couvrez ce stage immersif de 48h pour vous pr\u00e9parer au Rallye Aicha des Gazelles du Maroc 2026.","robots":{"index":"index","follow":"follow","max-snippet":"max-snippet:-1","max-image-preview":"max-image-preview:large","max-video-preview":"max-video-preview:-1"},"canonical":"https:\/\/www.pays-basque-experience.com\/en\/product\/formation-gazelles-arrhes\/","og_locale":"en_GB","og_type":"article","og_title":"Formation Rallye A\u00efcha des Gazelles - Arrhes","og_description":"D\u00e9couvrez ce stage immersif de 48h pour vous pr\u00e9parer au Rallye Aicha des Gazelles du Maroc 2026.","og_url":"https:\/\/www.pays-basque-experience.com\/en\/product\/formation-gazelles-arrhes\/","og_site_name":"Pays Basque Experience","article_modified_time":"2026-02-08T17:50:58+00:00","og_image":[{"width":1024,"height":681,"url":"https:\/\/www.pays-basque-experience.com\/wp-content\/uploads\/2024\/11\/location-4x4-Gazelles-1024x681.png","type":"image\/png"}],"twitter_card":"summary_large_image","twitter_misc":{"Estimated reading time":"1 minute"},"schema":{"@context":"https:\/\/schema.org","@graph":[{"@type":"WebPage","@id":"https:\/\/www.pays-basque-experience.com\/produit\/formation-gazelles-arrhes\/","url":"https:\/\/www.pays-basque-experience.com\/produit\/formation-gazelles-arrhes\/","name":"Stage pour le Rallye des Gazelles","isPartOf":{"@id":"https:\/\/www.pays-basque-experience.com\/#website"},"primaryImageOfPage":{"@id":"https:\/\/www.pays-basque-experience.com\/produit\/formation-gazelles-arrhes\/#primaryimage"},"image":{"@id":"https:\/\/www.pays-basque-experience.com\/produit\/formation-gazelles-arrhes\/#primaryimage"},"thumbnailUrl":"https:\/\/www.pays-basque-experience.com\/wp-content\/uploads\/2024\/11\/location-4x4-Gazelles.png","datePublished":"2026-02-05T10:52:12+00:00","dateModified":"2026-02-08T17:50:58+00:00","description":"D\u00e9couvrez ce stage immersif de 48h pour vous pr\u00e9parer au Rallye Aicha des Gazelles du Maroc 2026.","breadcrumb":{"@id":"https:\/\/www.pays-basque-experience.com\/produit\/formation-gazelles-arrhes\/#breadcrumb"},"inLanguage":"en-GB","potentialAction":[{"@type":"ReadAction","target":["https:\/\/www.pays-basque-experience.com\/produit\/formation-gazelles-arrhes\/"]}]},{"@type":"ImageObject","inLanguage":"en-GB","@id":"https:\/\/www.pays-basque-experience.com\/produit\/formation-gazelles-arrhes\/#primaryimage","url":"https:\/\/www.pays-basque-experience.com\/wp-content\/uploads\/2024\/11\/location-4x4-Gazelles.png","contentUrl":"https:\/\/www.pays-basque-experience.com\/wp-content\/uploads\/2024\/11\/location-4x4-Gazelles.png","width":1500,"height":998},{"@type":"BreadcrumbList","@id":"https:\/\/www.pays-basque-experience.com\/produit\/formation-gazelles-arrhes\/#breadcrumb","itemListElement":[{"@type":"ListItem","position":1,"name":"Accueil","item":"https:\/\/www.pays-basque-experience.com\/"},{"@type":"ListItem","position":2,"name":"Boutique","item":"https:\/\/www.pays-basque-experience.com\/boutique\/"},{"@type":"ListItem","position":3,"name":"Formation Rallye A\u00efcha des Gazelles &#8211; Arrhes"}]},{"@type":"WebSite","@id":"https:\/\/www.pays-basque-experience.com\/#website","url":"https:\/\/www.pays-basque-experience.com\/","name":"Pays Basque Experience","description":"Aventures au Pays Basque - Rando 4x4 pays basque.","publisher":{"@id":"https:\/\/www.pays-basque-experience.com\/#organization"},"potentialAction":[{"@type":"SearchAction","target":{"@type":"EntryPoint","urlTemplate":"https:\/\/www.pays-basque-experience.com\/?s={search_term_string}"},"query-input":{"@type":"PropertyValueSpecification","valueRequired":true,"valueName":"search_term_string"}}],"inLanguage":"en-GB"},{"@type":"Organization","@id":"https:\/\/www.pays-basque-experience.com\/#organization","name":"Pays Basque Experience","url":"https:\/\/www.pays-basque-experience.com\/","logo":{"@type":"ImageObject","inLanguage":"en-GB","@id":"https:\/\/www.pays-basque-experience.com\/#\/schema\/logo\/image\/","url":"https:\/\/www.pays-basque-experience.com\/wp-content\/uploads\/2021\/12\/cropped-logo-21A1.png","contentUrl":"https:\/\/www.pays-basque-experience.com\/wp-content\/uploads\/2021\/12\/cropped-logo-21A1.png","width":300,"height":300,"caption":"Pays Basque Experience"},"image":{"@id":"https:\/\/www.pays-basque-experience.com\/#\/schema\/logo\/image\/"}}]}},"_links":{"self":[{"href":"https:\/\/www.pays-basque-experience.com\/en\/wp-json\/wp\/v2\/product\/6608","targetHints":{"allow":["GET"]}}],"collection":[{"href":"https:\/\/www.pays-basque-experience.com\/en\/wp-json\/wp\/v2\/product"}],"about":[{"href":"https:\/\/www.pays-basque-experience.com\/en\/wp-json\/wp\/v2\/types\/product"}],"wp:featuredmedia":[{"embeddable":true,"href":"https:\/\/www.pays-basque-experience.com\/en\/wp-json\/wp\/v2\/media\/5270"}],"wp:attachment":[{"href":"https:\/\/www.pays-basque-experience.com\/en\/wp-json\/wp\/v2\/media?parent=6608"}],"wp:term":[{"taxonomy":"product_brand","embeddable":true,"href":"https:\/\/www.pays-basque-experience.com\/en\/wp-json\/wp\/v2\/product_brand?post=6608"},{"taxonomy":"product_cat","embeddable":true,"href":"https:\/\/www.pays-basque-experience.com\/en\/wp-json\/wp\/v2\/product_cat?post=6608"},{"taxonomy":"product_tag","embeddable":true,"href":"https:\/\/www.pays-basque-experience.com\/en\/wp-json\/wp\/v2\/product_tag?post=6608"}],"curies":[{"name":"wp","href":"https:\/\/api.w.org\/{rel}","templated":true}]}}