{"id":1997,"date":"2022-02-24T19:02:32","date_gmt":"2022-02-24T18:02:32","guid":{"rendered":"https:\/\/www.pays-basque-experience.com\/?page_id=1997"},"modified":"2024-09-26T11:30:32","modified_gmt":"2024-09-26T09:30:32","slug":"la-charte","status":"publish","type":"page","link":"https:\/\/www.pays-basque-experience.com\/es\/la-charte\/","title":{"rendered":"LA CHARTE DE PAYS BASQUE EXPERIENCE"},"content":{"rendered":"<div data-elementor-type=\"wp-post\" data-elementor-id=\"1997\" class=\"elementor elementor-1997\" data-elementor-post-type=\"page\">\n\t\t\t\t\t\t<section class=\"elementor-section elementor-top-section elementor-element elementor-element-7ac9ca5 elementor-section-boxed elementor-section-height-default elementor-section-height-default\" data-id=\"7ac9ca5\" data-element_type=\"section\" data-e-type=\"section\" data-settings=\"{&quot;background_background&quot;:&quot;classic&quot;}\">\n\t\t\t\t\t\t\t<div class=\"elementor-background-overlay\"><\/div>\n\t\t\t\t\t\t\t<div class=\"elementor-container elementor-column-gap-default\">\n\t\t\t\t\t<div class=\"elementor-column elementor-col-33 elementor-top-column elementor-element elementor-element-fc40e94\" data-id=\"fc40e94\" data-element_type=\"column\" data-e-type=\"column\">\n\t\t\t<div class=\"elementor-widget-wrap\">\n\t\t\t\t\t\t\t<\/div>\n\t\t<\/div>\n\t\t\t\t<div class=\"elementor-column elementor-col-33 elementor-top-column elementor-element elementor-element-90988fe\" data-id=\"90988fe\" data-element_type=\"column\" data-e-type=\"column\">\n\t\t\t<div class=\"elementor-widget-wrap elementor-element-populated\">\n\t\t\t\t\t\t<div class=\"elementor-element elementor-element-4a1c612 e-transform elementor-widget elementor-widget-heading\" data-id=\"4a1c612\" data-element_type=\"widget\" data-e-type=\"widget\" data-settings=\"{&quot;_transform_translateY_effect&quot;:{&quot;unit&quot;:&quot;px&quot;,&quot;size&quot;:20,&quot;sizes&quot;:[]},&quot;_transform_translateX_effect&quot;:{&quot;unit&quot;:&quot;px&quot;,&quot;size&quot;:&quot;&quot;,&quot;sizes&quot;:[]},&quot;_transform_translateX_effect_tablet&quot;:{&quot;unit&quot;:&quot;px&quot;,&quot;size&quot;:&quot;&quot;,&quot;sizes&quot;:[]},&quot;_transform_translateX_effect_mobile&quot;:{&quot;unit&quot;:&quot;px&quot;,&quot;size&quot;:&quot;&quot;,&quot;sizes&quot;:[]},&quot;_transform_translateY_effect_tablet&quot;:{&quot;unit&quot;:&quot;px&quot;,&quot;size&quot;:&quot;&quot;,&quot;sizes&quot;:[]},&quot;_transform_translateY_effect_mobile&quot;:{&quot;unit&quot;:&quot;px&quot;,&quot;size&quot;:&quot;&quot;,&quot;sizes&quot;:[]}}\" data-widget_type=\"heading.default\">\n\t\t\t\t<div class=\"elementor-widget-container\">\n\t\t\t\t\t<h1 class=\"elementor-heading-title elementor-size-default\">La Charte de Pays Basque Experience<\/h1>\t\t\t\t<\/div>\n\t\t\t\t<\/div>\n\t\t\t\t\t<\/div>\n\t\t<\/div>\n\t\t\t\t<div class=\"elementor-column elementor-col-33 elementor-top-column elementor-element elementor-element-919f5c1\" data-id=\"919f5c1\" data-element_type=\"column\" data-e-type=\"column\">\n\t\t\t<div class=\"elementor-widget-wrap\">\n\t\t\t\t\t\t\t<\/div>\n\t\t<\/div>\n\t\t\t\t\t<\/div>\n\t\t<\/section>\n\t\t\t\t<section class=\"elementor-section elementor-top-section elementor-element elementor-element-84025d3 elementor-section-boxed elementor-section-height-default elementor-section-height-default\" data-id=\"84025d3\" data-element_type=\"section\" data-e-type=\"section\">\n\t\t\t\t\t\t<div class=\"elementor-container elementor-column-gap-default\">\n\t\t\t\t\t<div class=\"elementor-column elementor-col-100 elementor-top-column elementor-element elementor-element-ab0037d\" data-id=\"ab0037d\" data-element_type=\"column\" data-e-type=\"column\">\n\t\t\t<div class=\"elementor-widget-wrap elementor-element-populated\">\n\t\t\t\t\t\t<div class=\"elementor-element elementor-element-917a92e elementor-widget elementor-widget-text-editor\" data-id=\"917a92e\" data-element_type=\"widget\" data-e-type=\"widget\" data-widget_type=\"text-editor.default\">\n\t\t\t\t<div class=\"elementor-widget-container\">\n\t\t\t\t\t\t\t\t\t\n<h3 class=\"wp-block-heading\">Nos instructeurs sont TOUS dipl\u00f4m\u00e9s d\u2019\u00e9tat BPJEPS Sport Automobile.\u00a0<\/h3>\n\n\n\n<ul class=\"wp-block-list\"><li>Il nous tient \u00e0 c\u0153ur de respecter m\u00e8re nature par tous temps, la faune, la flore, mais aussi les autres usagers de la montagne (marcheurs, VTT, cavaliers\u2026).<\/li><li>Nos instructeurs sont TOUS dipl\u00f4m\u00e9s d\u2019\u00e9tat BPJEPS Sport Automobile (obligatoire pour tout enseignement \u00e0 la conduite).<\/li><li>&nbsp;Le code de la route est respect\u00e9 sur la route et sur les chemins.<\/li><li>&nbsp;Nous nous engageons \u00e0 rouler avec des v\u00e9hicules propres et silencieux, en parfait \u00e9tat de fonctionnement, assur\u00e9s tous risques et tous conducteurs.<\/li><li>&nbsp;La r\u00e9glementation est respect\u00e9e (barri\u00e8res ONF, interdictions de rouler conformes au code de la route\u2026) sans aucune d\u00e9rogation possible.<\/li><li>&nbsp;Aucun d\u00e9chet n\u2019est laiss\u00e9 lors des arr\u00eats, pique-nique, bivouac ou autre.<\/li><li>&nbsp;La bonne humeur est de rigueur, l\u2019envie de d\u00e9couvrir indispensable, une exp\u00e9rience inoubliable certainement !<\/li><\/ul>\n\n\n\n<p>Pays Basque Exp\u00e9rience s\u2019adapte \u00e0 toutes les demandes et les situations.&nbsp;Particuliers, groupes, location 4\u00d74 et formation rallye f\u00e9minin.<br>Nous sommes passionn\u00e9s et motiv\u00e9s pour vous transmettre notre savoir-faire automobile, vous faire d\u00e9couvrir notre r\u00e9gion et partager avec vous des exp\u00e9riences inoubliables.&nbsp;PBE et All Road Exp\u00e9rience proposent des formations rallyes f\u00e9minins dans le Sud-Ouest et en r\u00e9gion Parisienne !<\/p>\n\n\n\n<p>Nous vous attendons \u00e0 notre base de Bidart.<\/p>\n\t\t\t\t\t\t\t\t<\/div>\n\t\t\t\t<\/div>\n\t\t\t\t\t<\/div>\n\t\t<\/div>\n\t\t\t\t\t<\/div>\n\t\t<\/section>\n\t\t\t\t<section class=\"elementor-section elementor-top-section elementor-element elementor-element-22bd92f elementor-section-boxed elementor-section-height-default elementor-section-height-default\" data-id=\"22bd92f\" data-element_type=\"section\" data-e-type=\"section\">\n\t\t\t\t\t\t<div class=\"elementor-container elementor-column-gap-default\">\n\t\t\t\t\t<div class=\"elementor-column elementor-col-100 elementor-top-column elementor-element elementor-element-b053a92\" data-id=\"b053a92\" data-element_type=\"column\" data-e-type=\"column\">\n\t\t\t<div class=\"elementor-widget-wrap elementor-element-populated\">\n\t\t\t\t\t\t<div class=\"elementor-element elementor-element-70b5eba elementor-widget elementor-widget-gallery\" data-id=\"70b5eba\" data-element_type=\"widget\" data-e-type=\"widget\" data-settings=\"{&quot;lazyload&quot;:&quot;yes&quot;,&quot;gallery_layout&quot;:&quot;grid&quot;,&quot;columns&quot;:4,&quot;columns_tablet&quot;:2,&quot;columns_mobile&quot;:1,&quot;gap&quot;:{&quot;unit&quot;:&quot;px&quot;,&quot;size&quot;:10,&quot;sizes&quot;:[]},&quot;gap_tablet&quot;:{&quot;unit&quot;:&quot;px&quot;,&quot;size&quot;:10,&quot;sizes&quot;:[]},&quot;gap_mobile&quot;:{&quot;unit&quot;:&quot;px&quot;,&quot;size&quot;:10,&quot;sizes&quot;:[]},&quot;link_to&quot;:&quot;file&quot;,&quot;aspect_ratio&quot;:&quot;3:2&quot;,&quot;overlay_background&quot;:&quot;yes&quot;,&quot;content_hover_animation&quot;:&quot;fade-in&quot;}\" data-widget_type=\"gallery.default\">\n\t\t\t\t<div class=\"elementor-widget-container\">\n\t\t\t\t\t\t\t<div class=\"elementor-gallery__container\">\n\t\t\t\t\t\t\t<a class=\"e-gallery-item elementor-gallery-item elementor-animated-content\" href=\"https:\/\/www.pays-basque-experience.com\/wp-content\/uploads\/2022\/02\/C-4.jpg\" data-elementor-open-lightbox=\"yes\" data-elementor-lightbox-slideshow=\"70b5eba\" data-elementor-lightbox-title=\"C-4\" data-e-action-hash=\"#elementor-action%3Aaction%3Dlightbox%26settings%3DeyJpZCI6MTgxMywidXJsIjoiaHR0cHM6XC9cL3d3dy5wYXlzLWJhc3F1ZS1leHBlcmllbmNlLmNvbVwvd3AtY29udGVudFwvdXBsb2Fkc1wvMjAyMlwvMDJcL0MtNC5qcGciLCJzbGlkZXNob3ciOiI3MGI1ZWJhIn0%3D\">\n\t\t\t\t\t<div class=\"e-gallery-image elementor-gallery-item__image\" data-thumbnail=\"https:\/\/www.pays-basque-experience.com\/wp-content\/uploads\/2022\/02\/C-4-300x200.jpg\" data-width=\"300\" data-height=\"200\" aria-label=\"\" role=\"img\" ><\/div>\n\t\t\t\t\t\t\t\t\t\t\t<div class=\"elementor-gallery-item__overlay\"><\/div>\n\t\t\t\t\t\t\t\t\t\t\t\t\t\t<\/a>\n\t\t\t\t\t\t\t<a class=\"e-gallery-item elementor-gallery-item elementor-animated-content\" href=\"https:\/\/www.pays-basque-experience.com\/wp-content\/uploads\/2022\/02\/C-3.jpg\" data-elementor-open-lightbox=\"yes\" data-elementor-lightbox-slideshow=\"70b5eba\" data-elementor-lightbox-title=\"C-3\" data-e-action-hash=\"#elementor-action%3Aaction%3Dlightbox%26settings%3DeyJpZCI6MTgxNCwidXJsIjoiaHR0cHM6XC9cL3d3dy5wYXlzLWJhc3F1ZS1leHBlcmllbmNlLmNvbVwvd3AtY29udGVudFwvdXBsb2Fkc1wvMjAyMlwvMDJcL0MtMy5qcGciLCJzbGlkZXNob3ciOiI3MGI1ZWJhIn0%3D\">\n\t\t\t\t\t<div class=\"e-gallery-image elementor-gallery-item__image\" data-thumbnail=\"https:\/\/www.pays-basque-experience.com\/wp-content\/uploads\/2022\/02\/C-3-300x200.jpg\" data-width=\"300\" data-height=\"200\" aria-label=\"\" role=\"img\" ><\/div>\n\t\t\t\t\t\t\t\t\t\t\t<div class=\"elementor-gallery-item__overlay\"><\/div>\n\t\t\t\t\t\t\t\t\t\t\t\t\t\t<\/a>\n\t\t\t\t\t\t\t<a class=\"e-gallery-item elementor-gallery-item elementor-animated-content\" href=\"https:\/\/www.pays-basque-experience.com\/wp-content\/uploads\/2022\/02\/C-2.jpg\" data-elementor-open-lightbox=\"yes\" data-elementor-lightbox-slideshow=\"70b5eba\" data-elementor-lightbox-title=\"C-2\" data-e-action-hash=\"#elementor-action%3Aaction%3Dlightbox%26settings%3DeyJpZCI6MTgxNSwidXJsIjoiaHR0cHM6XC9cL3d3dy5wYXlzLWJhc3F1ZS1leHBlcmllbmNlLmNvbVwvd3AtY29udGVudFwvdXBsb2Fkc1wvMjAyMlwvMDJcL0MtMi5qcGciLCJzbGlkZXNob3ciOiI3MGI1ZWJhIn0%3D\">\n\t\t\t\t\t<div class=\"e-gallery-image elementor-gallery-item__image\" data-thumbnail=\"https:\/\/www.pays-basque-experience.com\/wp-content\/uploads\/2022\/02\/C-2-300x200.jpg\" data-width=\"300\" data-height=\"200\" aria-label=\"\" role=\"img\" ><\/div>\n\t\t\t\t\t\t\t\t\t\t\t<div class=\"elementor-gallery-item__overlay\"><\/div>\n\t\t\t\t\t\t\t\t\t\t\t\t\t\t<\/a>\n\t\t\t\t\t\t\t<a class=\"e-gallery-item elementor-gallery-item elementor-animated-content\" href=\"https:\/\/www.pays-basque-experience.com\/wp-content\/uploads\/2022\/02\/C-1.jpg\" data-elementor-open-lightbox=\"yes\" data-elementor-lightbox-slideshow=\"70b5eba\" data-elementor-lightbox-title=\"C-1\" data-e-action-hash=\"#elementor-action%3Aaction%3Dlightbox%26settings%3DeyJpZCI6MTgxNiwidXJsIjoiaHR0cHM6XC9cL3d3dy5wYXlzLWJhc3F1ZS1leHBlcmllbmNlLmNvbVwvd3AtY29udGVudFwvdXBsb2Fkc1wvMjAyMlwvMDJcL0MtMS5qcGciLCJzbGlkZXNob3ciOiI3MGI1ZWJhIn0%3D\">\n\t\t\t\t\t<div class=\"e-gallery-image elementor-gallery-item__image\" data-thumbnail=\"https:\/\/www.pays-basque-experience.com\/wp-content\/uploads\/2022\/02\/C-1-300x200.jpg\" data-width=\"300\" data-height=\"200\" aria-label=\"\" role=\"img\" ><\/div>\n\t\t\t\t\t\t\t\t\t\t\t<div class=\"elementor-gallery-item__overlay\"><\/div>\n\t\t\t\t\t\t\t\t\t\t\t\t\t\t<\/a>\n\t\t\t\t\t<\/div>\n\t\t\t\t\t<\/div>\n\t\t\t\t<\/div>\n\t\t\t\t\t<\/div>\n\t\t<\/div>\n\t\t\t\t\t<\/div>\n\t\t<\/section>\n\t\t\t\t<section class=\"elementor-section elementor-top-section elementor-element elementor-element-7a8be0e elementor-section-boxed elementor-section-height-default elementor-section-height-default\" data-id=\"7a8be0e\" data-element_type=\"section\" data-e-type=\"section\">\n\t\t\t\t\t\t<div class=\"elementor-container elementor-column-gap-default\">\n\t\t\t\t\t<div class=\"elementor-column elementor-col-100 elementor-top-column elementor-element elementor-element-b36de8d\" data-id=\"b36de8d\" data-element_type=\"column\" data-e-type=\"column\">\n\t\t\t<div class=\"elementor-widget-wrap elementor-element-populated\">\n\t\t\t\t\t\t\t<\/div>\n\t\t<\/div>\n\t\t\t\t\t<\/div>\n\t\t<\/section>\n\t\t\t\t<\/div>","protected":false},"excerpt":{"rendered":"<p>La Charte de Pays Basque Experience Nos instructeurs sont TOUS dipl\u00f4m\u00e9s d\u2019\u00e9tat BPJEPS Sport Automobile.\u00a0 Il nous tient \u00e0 c\u0153ur de respecter m\u00e8re nature par [&hellip;]<\/p>\n","protected":false},"author":1,"featured_media":0,"parent":0,"menu_order":0,"comment_status":"closed","ping_status":"closed","template":"","meta":{"site-sidebar-layout":"no-sidebar","site-content-layout":"page-builder","ast-site-content-layout":"default","site-content-style":"default","site-sidebar-style":"default","ast-global-header-display":"","ast-banner-title-visibility":"","ast-main-header-display":"","ast-hfb-above-header-display":"","ast-hfb-below-header-display":"","ast-hfb-mobile-header-display":"","site-post-title":"disabled","ast-breadcrumbs-content":"","ast-featured-img":"disabled","footer-sml-layout":"","ast-disable-related-posts":"","theme-transparent-header-meta":"enabled","adv-header-id-meta":"","stick-header-meta":"","header-above-stick-meta":"","header-main-stick-meta":"","header-below-stick-meta":"","astra-migrate-meta-layouts":"default","ast-page-background-enabled":"default","ast-page-background-meta":{"desktop":{"background-color":"","background-image":"","background-repeat":"repeat","background-position":"center center","background-size":"auto","background-attachment":"scroll","background-type":"","background-media":"","overlay-type":"","overlay-color":"","overlay-opacity":"","overlay-gradient":""},"tablet":{"background-color":"","background-image":"","background-repeat":"repeat","background-position":"center center","background-size":"auto","background-attachment":"scroll","background-type":"","background-media":"","overlay-type":"","overlay-color":"","overlay-opacity":"","overlay-gradient":""},"mobile":{"background-color":"","background-image":"","background-repeat":"repeat","background-position":"center center","background-size":"auto","background-attachment":"scroll","background-type":"","background-media":"","overlay-type":"","overlay-color":"","overlay-opacity":"","overlay-gradient":""}},"ast-content-background-meta":{"desktop":{"background-color":"var(--ast-global-color-5)","background-image":"","background-repeat":"repeat","background-position":"center center","background-size":"auto","background-attachment":"scroll","background-type":"","background-media":"","overlay-type":"","overlay-color":"","overlay-opacity":"","overlay-gradient":""},"tablet":{"background-color":"var(--ast-global-color-5)","background-image":"","background-repeat":"repeat","background-position":"center center","background-size":"auto","background-attachment":"scroll","background-type":"","background-media":"","overlay-type":"","overlay-color":"","overlay-opacity":"","overlay-gradient":""},"mobile":{"background-color":"var(--ast-global-color-5)","background-image":"","background-repeat":"repeat","background-position":"center center","background-size":"auto","background-attachment":"scroll","background-type":"","background-media":"","overlay-type":"","overlay-color":"","overlay-opacity":"","overlay-gradient":""}},"footnotes":""},"class_list":["post-1997","page","type-page","status-publish","hentry"],"yoast_head":"<!-- This site is optimized with the Yoast SEO Premium plugin v22.5 (Yoast SEO v27.4) - https:\/\/yoast.com\/product\/yoast-seo-premium-wordpress\/ -->\n<title>LA CHARTE DE PAYS BASQUE EXPERIENCE - Pays Basque Experience<\/title>\n<meta name=\"robots\" content=\"index, follow, max-snippet:-1, max-image-preview:large, max-video-preview:-1\" \/>\n<link rel=\"canonical\" href=\"https:\/\/www.pays-basque-experience.com\/es\/la-charte\/\" \/>\n<meta property=\"og:locale\" content=\"es_ES\" \/>\n<meta property=\"og:type\" content=\"article\" \/>\n<meta property=\"og:title\" content=\"LA CHARTE DE PAYS BASQUE EXPERIENCE\" \/>\n<meta property=\"og:description\" content=\"La Charte de Pays Basque Experience Nos instructeurs sont TOUS dipl\u00f4m\u00e9s d\u2019\u00e9tat BPJEPS Sport Automobile.\u00a0 Il nous tient \u00e0 c\u0153ur de respecter m\u00e8re nature par [&hellip;]\" \/>\n<meta property=\"og:url\" content=\"https:\/\/www.pays-basque-experience.com\/es\/la-charte\/\" \/>\n<meta property=\"og:site_name\" content=\"Pays Basque Experience\" \/>\n<meta property=\"article:modified_time\" content=\"2024-09-26T09:30:32+00:00\" \/>\n<meta name=\"twitter:card\" content=\"summary_large_image\" \/>\n<meta name=\"twitter:label1\" content=\"Tiempo de lectura\" \/>\n\t<meta name=\"twitter:data1\" content=\"2 minutos\" \/>\n<script type=\"application\/ld+json\" class=\"yoast-schema-graph\">{\"@context\":\"https:\\\/\\\/schema.org\",\"@graph\":[{\"@type\":\"WebPage\",\"@id\":\"https:\\\/\\\/www.pays-basque-experience.com\\\/la-charte\\\/\",\"url\":\"https:\\\/\\\/www.pays-basque-experience.com\\\/la-charte\\\/\",\"name\":\"LA CHARTE DE PAYS BASQUE EXPERIENCE - Pays Basque Experience\",\"isPartOf\":{\"@id\":\"https:\\\/\\\/www.pays-basque-experience.com\\\/#website\"},\"datePublished\":\"2022-02-24T18:02:32+00:00\",\"dateModified\":\"2024-09-26T09:30:32+00:00\",\"breadcrumb\":{\"@id\":\"https:\\\/\\\/www.pays-basque-experience.com\\\/la-charte\\\/#breadcrumb\"},\"inLanguage\":\"es\",\"potentialAction\":[{\"@type\":\"ReadAction\",\"target\":[\"https:\\\/\\\/www.pays-basque-experience.com\\\/la-charte\\\/\"]}]},{\"@type\":\"BreadcrumbList\",\"@id\":\"https:\\\/\\\/www.pays-basque-experience.com\\\/la-charte\\\/#breadcrumb\",\"itemListElement\":[{\"@type\":\"ListItem\",\"position\":1,\"name\":\"Accueil\",\"item\":\"https:\\\/\\\/www.pays-basque-experience.com\\\/\"},{\"@type\":\"ListItem\",\"position\":2,\"name\":\"LA CHARTE DE PAYS BASQUE EXPERIENCE\"}]},{\"@type\":\"WebSite\",\"@id\":\"https:\\\/\\\/www.pays-basque-experience.com\\\/#website\",\"url\":\"https:\\\/\\\/www.pays-basque-experience.com\\\/\",\"name\":\"Pays Basque Experience\",\"description\":\"Aventures au Pays Basque - Rando 4x4 pays basque.\",\"publisher\":{\"@id\":\"https:\\\/\\\/www.pays-basque-experience.com\\\/#organization\"},\"potentialAction\":[{\"@type\":\"SearchAction\",\"target\":{\"@type\":\"EntryPoint\",\"urlTemplate\":\"https:\\\/\\\/www.pays-basque-experience.com\\\/?s={search_term_string}\"},\"query-input\":{\"@type\":\"PropertyValueSpecification\",\"valueRequired\":true,\"valueName\":\"search_term_string\"}}],\"inLanguage\":\"es\"},{\"@type\":\"Organization\",\"@id\":\"https:\\\/\\\/www.pays-basque-experience.com\\\/#organization\",\"name\":\"Pays Basque Experience\",\"url\":\"https:\\\/\\\/www.pays-basque-experience.com\\\/\",\"logo\":{\"@type\":\"ImageObject\",\"inLanguage\":\"es\",\"@id\":\"https:\\\/\\\/www.pays-basque-experience.com\\\/#\\\/schema\\\/logo\\\/image\\\/\",\"url\":\"https:\\\/\\\/www.pays-basque-experience.com\\\/wp-content\\\/uploads\\\/2021\\\/12\\\/cropped-logo-21A1.png\",\"contentUrl\":\"https:\\\/\\\/www.pays-basque-experience.com\\\/wp-content\\\/uploads\\\/2021\\\/12\\\/cropped-logo-21A1.png\",\"width\":300,\"height\":300,\"caption\":\"Pays Basque Experience\"},\"image\":{\"@id\":\"https:\\\/\\\/www.pays-basque-experience.com\\\/#\\\/schema\\\/logo\\\/image\\\/\"}}]}<\/script>\n<!-- \/ Yoast SEO Premium plugin. -->","yoast_head_json":{"title":"LA CHARTE DE PAYS BASQUE EXPERIENCE - Pays Basque Experience","robots":{"index":"index","follow":"follow","max-snippet":"max-snippet:-1","max-image-preview":"max-image-preview:large","max-video-preview":"max-video-preview:-1"},"canonical":"https:\/\/www.pays-basque-experience.com\/es\/la-charte\/","og_locale":"es_ES","og_type":"article","og_title":"LA CHARTE DE PAYS BASQUE EXPERIENCE","og_description":"La Charte de Pays Basque Experience Nos instructeurs sont TOUS dipl\u00f4m\u00e9s d\u2019\u00e9tat BPJEPS Sport Automobile.\u00a0 Il nous tient \u00e0 c\u0153ur de respecter m\u00e8re nature par [&hellip;]","og_url":"https:\/\/www.pays-basque-experience.com\/es\/la-charte\/","og_site_name":"Pays Basque Experience","article_modified_time":"2024-09-26T09:30:32+00:00","twitter_card":"summary_large_image","twitter_misc":{"Tiempo de lectura":"2 minutos"},"schema":{"@context":"https:\/\/schema.org","@graph":[{"@type":"WebPage","@id":"https:\/\/www.pays-basque-experience.com\/la-charte\/","url":"https:\/\/www.pays-basque-experience.com\/la-charte\/","name":"LA CHARTE DE PAYS BASQUE EXPERIENCE - Pays Basque Experience","isPartOf":{"@id":"https:\/\/www.pays-basque-experience.com\/#website"},"datePublished":"2022-02-24T18:02:32+00:00","dateModified":"2024-09-26T09:30:32+00:00","breadcrumb":{"@id":"https:\/\/www.pays-basque-experience.com\/la-charte\/#breadcrumb"},"inLanguage":"es","potentialAction":[{"@type":"ReadAction","target":["https:\/\/www.pays-basque-experience.com\/la-charte\/"]}]},{"@type":"BreadcrumbList","@id":"https:\/\/www.pays-basque-experience.com\/la-charte\/#breadcrumb","itemListElement":[{"@type":"ListItem","position":1,"name":"Accueil","item":"https:\/\/www.pays-basque-experience.com\/"},{"@type":"ListItem","position":2,"name":"LA CHARTE DE PAYS BASQUE EXPERIENCE"}]},{"@type":"WebSite","@id":"https:\/\/www.pays-basque-experience.com\/#website","url":"https:\/\/www.pays-basque-experience.com\/","name":"Pays Basque Experience","description":"Aventures au Pays Basque - Rando 4x4 pays basque.","publisher":{"@id":"https:\/\/www.pays-basque-experience.com\/#organization"},"potentialAction":[{"@type":"SearchAction","target":{"@type":"EntryPoint","urlTemplate":"https:\/\/www.pays-basque-experience.com\/?s={search_term_string}"},"query-input":{"@type":"PropertyValueSpecification","valueRequired":true,"valueName":"search_term_string"}}],"inLanguage":"es"},{"@type":"Organization","@id":"https:\/\/www.pays-basque-experience.com\/#organization","name":"Pays Basque Experience","url":"https:\/\/www.pays-basque-experience.com\/","logo":{"@type":"ImageObject","inLanguage":"es","@id":"https:\/\/www.pays-basque-experience.com\/#\/schema\/logo\/image\/","url":"https:\/\/www.pays-basque-experience.com\/wp-content\/uploads\/2021\/12\/cropped-logo-21A1.png","contentUrl":"https:\/\/www.pays-basque-experience.com\/wp-content\/uploads\/2021\/12\/cropped-logo-21A1.png","width":300,"height":300,"caption":"Pays Basque Experience"},"image":{"@id":"https:\/\/www.pays-basque-experience.com\/#\/schema\/logo\/image\/"}}]}},"_links":{"self":[{"href":"https:\/\/www.pays-basque-experience.com\/es\/wp-json\/wp\/v2\/pages\/1997","targetHints":{"allow":["GET"]}}],"collection":[{"href":"https:\/\/www.pays-basque-experience.com\/es\/wp-json\/wp\/v2\/pages"}],"about":[{"href":"https:\/\/www.pays-basque-experience.com\/es\/wp-json\/wp\/v2\/types\/page"}],"author":[{"embeddable":true,"href":"https:\/\/www.pays-basque-experience.com\/es\/wp-json\/wp\/v2\/users\/1"}],"replies":[{"embeddable":true,"href":"https:\/\/www.pays-basque-experience.com\/es\/wp-json\/wp\/v2\/comments?post=1997"}],"version-history":[{"count":20,"href":"https:\/\/www.pays-basque-experience.com\/es\/wp-json\/wp\/v2\/pages\/1997\/revisions"}],"predecessor-version":[{"id":4934,"href":"https:\/\/www.pays-basque-experience.com\/es\/wp-json\/wp\/v2\/pages\/1997\/revisions\/4934"}],"wp:attachment":[{"href":"https:\/\/www.pays-basque-experience.com\/es\/wp-json\/wp\/v2\/media?parent=1997"}],"curies":[{"name":"wp","href":"https:\/\/api.w.org\/{rel}","templated":true}]}}