{"id":5438,"date":"2024-11-21T15:54:06","date_gmt":"2024-11-21T14:54:06","guid":{"rendered":"https:\/\/www.pays-basque-experience.com\/?post_type=product&#038;p=5438"},"modified":"2025-11-30T18:34:35","modified_gmt":"2025-11-30T17:34:35","slug":"bon-cadeau-decouverte-renault-4l","status":"publish","type":"product","link":"https:\/\/www.pays-basque-experience.com\/es\/producto\/bon-cadeau-decouverte-renault-4l\/","title":{"rendered":"Bon Cadeau D\u00e9couverte Renault 4L"},"content":{"rendered":"<p>Offrez aux gens que vous aimez un moment unique au Pays Basque \u00e0 la d\u00e9couverte des plus beaux endroits en Renault 4L! Prenez le volant de nos 4L color\u00e9es et explorez le Pays Basque !<\/p>\n<p>Les occasions ne manquent pas pour <strong>(re)d\u00e9couvrir le Pays Basque.<\/strong> No\u00ebl, pour f\u00eater la St Nicolas (oui pourquoi pas on en connait tous un), un anniversaire, un cadeau group\u00e9, un enterrement de vie de gar\u00e7on, de jeune fille, pour la f\u00eate des p\u00e8res ou la f\u00eate des m\u00e8res ou une simple attention\u2026<\/p>\n<p>Nous vous proposons plusieurs formules bon cadeau\u00a0\u00e0 <strong>utiliser exclusivement l\u2019\u00e9t\u00e9, en Juillet et Ao\u00fbt et le d\u00e9part se fait depuis Bidart<\/strong>. Ces excursions s\u2019adressent \u00e0 tous les \u00e2ges. Ces excursions sont guid\u00e9es et comment\u00e9es par nos instructeurs.<\/p>\n<p><em><strong>D\u00e9tails sur les bons :<\/strong> Une fois le bon cadeau achet\u00e9 en ligne, une confirmation vous sera envoy\u00e9e et vous recevrez \u00e9galement le bon cadeau d\u00e9mat\u00e9rialis\u00e9 sous forme de PDF pr\u00eat \u00e0 imprimer. Ces bons sont valables jusqu&#8217;au 31 d\u00e9cembre 2027. En juillet et en ao\u00fbt, ces excursions se d\u00e9roulent en groupe, aux c\u00f4t\u00e9s d\u2019autres participants.<\/em><\/p>","protected":false},"excerpt":{"rendered":"<p>Nous vous proposons plusieurs formules bon cadeau\u00a0\u00e0\u00a0<strong>utiliser exclusivement l\u2019\u00e9t\u00e9, en Juillet et Ao\u00fbt au d\u00e9part de Bidart.<\/strong><\/p>\n<ul>\n<li><strong>D\u00e9couverte 1\/2 journ\u00e9e :<\/strong> 179\u20ac pour 2 personnes ou 349\u20ac pour 4 personnes<\/li>\n<\/ul>\n<p><strong>Au programme de la demi-journ\u00e9e : <\/strong><span style=\"font-size: 16px;\">Partez \u00e0 l\u2019aventure pendant 3h au volant d\u2019une Renault 4L et vivez une exp\u00e9rience unique.<\/span><span style=\"font-size: 16px;\"> Traversez les villages typiques du Pays Basque et partez \u00e0 la d\u00e9couverte des plus belles routes et paysages. Ce programme comprend des arr\u00eats avec de jolis points de vue, accompagn\u00e9s par nos instructeurs qui vous guident et agr\u00e9mentent la visite de nombreuses anecdotes sur le Pays basque.<\/span><\/p>\n<p><strong>Exp\u00e9rience \u00e0 bord<\/strong><br \/>\n<strong style=\"font-size: 16px;\">Pour les r\u00e9servations de 2 personnes : <\/strong><span style=\"font-size: 16px;\">Vous partagerez l\u2019aventure \u00e0 bord de nos v\u00e9hicules avec nos accompagnateurs ou <\/span><span style=\"font-size: 16px;\">il est probable que 2 autres personnes partagent le v\u00e9hicule avec vous. Bien entendu, votre duo restera ensemble, pour profiter pleinement de l\u2019exp\u00e9rience dans une ambiance conviviale et chaleureuse.<\/span><\/p>\n<p><strong>Pour les r\u00e9servations de 4 personnes<\/strong> : Vous profiterez d\u2019un v\u00e9hicule privatis\u00e9 rien que pour vous ! Le groupe vivra l\u2019exp\u00e9rience dans un v\u00e9hicule rien que pour lui, guid\u00e9 par l\u2019un de nos instructeurs certifi\u00e9s (qui sera dans un autre v\u00e9hicule devant vous)<\/p>\n<p><strong>Niveau<\/strong> : Aucun niveau particulier n\u2019est requis. Nos guides, formateurs dipl\u00f4m\u00e9s, sont l\u00e0 pour vous accompagner \u00e0 chaque instant : vous guider, vous conseiller et vous rassurer si n\u00e9cessaire. Vous n\u2019avez qu\u2019\u00e0 vous laisser porter par l\u2019exp\u00e9rience. Seul un permis en cours de validit\u00e9 est demand\u00e9.<\/p>\n<p><strong>Timing<\/strong> : En juillet et en ao\u00fbt, elles se d\u00e9roulent en groupe, aux c\u00f4t\u00e9s d\u2019autres participants.<\/p>","protected":false},"featured_media":5324,"template":"","meta":{"site-sidebar-layout":"default","site-content-layout":"default","ast-site-content-layout":"default","site-content-style":"default","site-sidebar-style":"default","ast-global-header-display":"","ast-banner-title-visibility":"","ast-main-header-display":"","ast-hfb-above-header-display":"","ast-hfb-below-header-display":"","ast-hfb-mobile-header-display":"","site-post-title":"","ast-breadcrumbs-content":"","ast-featured-img":"","footer-sml-layout":"","ast-disable-related-posts":"","theme-transparent-header-meta":"default","adv-header-id-meta":"","stick-header-meta":"default","header-above-stick-meta":"","header-main-stick-meta":"","header-below-stick-meta":"","astra-migrate-meta-layouts":"set","ast-page-background-enabled":"default","ast-page-background-meta":{"desktop":{"background-color":"","background-image":"","background-repeat":"repeat","background-position":"center center","background-size":"auto","background-attachment":"scroll","background-type":"","background-media":"","overlay-type":"","overlay-color":"","overlay-opacity":"","overlay-gradient":""},"tablet":{"background-color":"","background-image":"","background-repeat":"repeat","background-position":"center center","background-size":"auto","background-attachment":"scroll","background-type":"","background-media":"","overlay-type":"","overlay-color":"","overlay-opacity":"","overlay-gradient":""},"mobile":{"background-color":"","background-image":"","background-repeat":"repeat","background-position":"center center","background-size":"auto","background-attachment":"scroll","background-type":"","background-media":"","overlay-type":"","overlay-color":"","overlay-opacity":"","overlay-gradient":""}},"ast-content-background-meta":{"desktop":{"background-color":"var(--ast-global-color-5)","background-image":"","background-repeat":"repeat","background-position":"center center","background-size":"auto","background-attachment":"scroll","background-type":"","background-media":"","overlay-type":"","overlay-color":"","overlay-opacity":"","overlay-gradient":""},"tablet":{"background-color":"var(--ast-global-color-5)","background-image":"","background-repeat":"repeat","background-position":"center center","background-size":"auto","background-attachment":"scroll","background-type":"","background-media":"","overlay-type":"","overlay-color":"","overlay-opacity":"","overlay-gradient":""},"mobile":{"background-color":"var(--ast-global-color-5)","background-image":"","background-repeat":"repeat","background-position":"center center","background-size":"auto","background-attachment":"scroll","background-type":"","background-media":"","overlay-type":"","overlay-color":"","overlay-opacity":"","overlay-gradient":""}}},"product_brand":[],"product_cat":[21],"product_tag":[],"class_list":{"0":"post-5438","1":"product","2":"type-product","3":"status-publish","4":"has-post-thumbnail","6":"product_cat-pays-basque-experience","7":"desktop-align-left","8":"tablet-align-left","9":"mobile-align-left","10":"ast-product-gallery-layout-horizontal-slider","11":"ast-product-single-variable","12":"ast-product-tabs-layout-horizontal","14":"first","15":"instock","16":"taxable","17":"shipping-taxable","18":"purchasable","19":"product-type-variable","20":"has-default-attributes"},"booking_location":null,"booking_location_type":null,"booking_duration":null,"booking_duration_unit":null,"booking_buffer":null,"booking_cost":null,"booking_resources":null,"exclude_global_add_ons":[],"addons":[],"yoast_head":"<!-- This site is optimized with the Yoast SEO Premium plugin v22.5 (Yoast SEO v27.4) - https:\/\/yoast.com\/product\/yoast-seo-premium-wordpress\/ -->\n<title>Bon Cadeau D\u00e9couverte Renault 4L - Pays Basque Experience<\/title>\n<meta name=\"robots\" content=\"index, follow, max-snippet:-1, max-image-preview:large, max-video-preview:-1\" \/>\n<link rel=\"canonical\" href=\"https:\/\/www.pays-basque-experience.com\/es\/producto\/bon-cadeau-decouverte-renault-4l\/\" \/>\n<meta property=\"og:locale\" content=\"es_ES\" \/>\n<meta property=\"og:type\" content=\"article\" \/>\n<meta property=\"og:title\" content=\"Bon Cadeau D\u00e9couverte Renault 4L\" \/>\n<meta property=\"og:description\" content=\"Nous vous proposons plusieurs formules bon cadeau\u00a0\u00e0\u00a0utiliser exclusivement l\u2019\u00e9t\u00e9, en Juillet et Ao\u00fbt au d\u00e9part de Bidart.   D\u00e9couverte 1\/2 journ\u00e9e : 179\u20ac pour 2 personnes ou 349\u20ac pour 4 personnes  Au programme de la demi-journ\u00e9e : Partez \u00e0 l\u2019aventure pendant 3h au volant d\u2019une Renault 4L et vivez une exp\u00e9rience unique. Traversez les villages typiques du Pays Basque et partez \u00e0 la d\u00e9couverte des plus belles routes et paysages. Ce programme comprend des arr\u00eats avec de jolis points de vue, accompagn\u00e9s par nos instructeurs qui vous guident et agr\u00e9mentent la visite de nombreuses anecdotes sur le Pays basque.  Exp\u00e9rience \u00e0 bord Pour les r\u00e9servations de 2 personnes : Vous partagerez l\u2019aventure \u00e0 bord de nos v\u00e9hicules avec nos accompagnateurs ou il est probable que 2 autres personnes partagent le v\u00e9hicule avec vous. Bien entendu, votre duo restera ensemble, pour profiter pleinement de l\u2019exp\u00e9rience dans une ambiance conviviale et chaleureuse.  Pour les r\u00e9servations de 4 personnes : Vous profiterez d\u2019un v\u00e9hicule privatis\u00e9 rien que pour vous ! Le groupe vivra l\u2019exp\u00e9rience dans un v\u00e9hicule rien que pour lui, guid\u00e9 par l\u2019un de nos instructeurs certifi\u00e9s (qui sera dans un autre v\u00e9hicule devant vous)  Niveau : Aucun niveau particulier n\u2019est requis. Nos guides, formateurs dipl\u00f4m\u00e9s, sont l\u00e0 pour vous accompagner \u00e0 chaque instant : vous guider, vous conseiller et vous rassurer si n\u00e9cessaire. Vous n\u2019avez qu\u2019\u00e0 vous laisser porter par l\u2019exp\u00e9rience. Seul un permis en cours de validit\u00e9 est demand\u00e9.  Timing : En juillet et en ao\u00fbt, elles se d\u00e9roulent en groupe, aux c\u00f4t\u00e9s d\u2019autres participants.\" \/>\n<meta property=\"og:url\" content=\"https:\/\/www.pays-basque-experience.com\/es\/producto\/bon-cadeau-decouverte-renault-4l\/\" \/>\n<meta property=\"og:site_name\" content=\"Pays Basque Experience\" \/>\n<meta property=\"article:modified_time\" content=\"2025-11-30T17:34:35+00:00\" \/>\n<meta property=\"og:image\" content=\"https:\/\/www.pays-basque-experience.com\/wp-content\/uploads\/2024\/11\/9.png\" \/>\n\t<meta property=\"og:image:width\" content=\"644\" \/>\n\t<meta property=\"og:image:height\" content=\"402\" \/>\n\t<meta property=\"og:image:type\" content=\"image\/png\" \/>\n<meta name=\"twitter:card\" content=\"summary_large_image\" \/>\n<meta name=\"twitter:label1\" content=\"Tiempo de lectura\" \/>\n\t<meta name=\"twitter:data1\" content=\"2 minutos\" \/>\n<script type=\"application\/ld+json\" class=\"yoast-schema-graph\">{\"@context\":\"https:\\\/\\\/schema.org\",\"@graph\":[{\"@type\":\"WebPage\",\"@id\":\"https:\\\/\\\/www.pays-basque-experience.com\\\/produit\\\/bon-cadeau-decouverte-renault-4l\\\/\",\"url\":\"https:\\\/\\\/www.pays-basque-experience.com\\\/produit\\\/bon-cadeau-decouverte-renault-4l\\\/\",\"name\":\"Bon Cadeau D\u00e9couverte Renault 4L - Pays Basque Experience\",\"isPartOf\":{\"@id\":\"https:\\\/\\\/www.pays-basque-experience.com\\\/#website\"},\"primaryImageOfPage\":{\"@id\":\"https:\\\/\\\/www.pays-basque-experience.com\\\/produit\\\/bon-cadeau-decouverte-renault-4l\\\/#primaryimage\"},\"image\":{\"@id\":\"https:\\\/\\\/www.pays-basque-experience.com\\\/produit\\\/bon-cadeau-decouverte-renault-4l\\\/#primaryimage\"},\"thumbnailUrl\":\"https:\\\/\\\/www.pays-basque-experience.com\\\/wp-content\\\/uploads\\\/2024\\\/11\\\/9.png\",\"datePublished\":\"2024-11-21T14:54:06+00:00\",\"dateModified\":\"2025-11-30T17:34:35+00:00\",\"breadcrumb\":{\"@id\":\"https:\\\/\\\/www.pays-basque-experience.com\\\/produit\\\/bon-cadeau-decouverte-renault-4l\\\/#breadcrumb\"},\"inLanguage\":\"es\",\"potentialAction\":[{\"@type\":\"ReadAction\",\"target\":[\"https:\\\/\\\/www.pays-basque-experience.com\\\/produit\\\/bon-cadeau-decouverte-renault-4l\\\/\"]}]},{\"@type\":\"ImageObject\",\"inLanguage\":\"es\",\"@id\":\"https:\\\/\\\/www.pays-basque-experience.com\\\/produit\\\/bon-cadeau-decouverte-renault-4l\\\/#primaryimage\",\"url\":\"https:\\\/\\\/www.pays-basque-experience.com\\\/wp-content\\\/uploads\\\/2024\\\/11\\\/9.png\",\"contentUrl\":\"https:\\\/\\\/www.pays-basque-experience.com\\\/wp-content\\\/uploads\\\/2024\\\/11\\\/9.png\",\"width\":644,\"height\":402},{\"@type\":\"BreadcrumbList\",\"@id\":\"https:\\\/\\\/www.pays-basque-experience.com\\\/produit\\\/bon-cadeau-decouverte-renault-4l\\\/#breadcrumb\",\"itemListElement\":[{\"@type\":\"ListItem\",\"position\":1,\"name\":\"Accueil\",\"item\":\"https:\\\/\\\/www.pays-basque-experience.com\\\/\"},{\"@type\":\"ListItem\",\"position\":2,\"name\":\"Boutique\",\"item\":\"https:\\\/\\\/www.pays-basque-experience.com\\\/boutique\\\/\"},{\"@type\":\"ListItem\",\"position\":3,\"name\":\"Bon Cadeau D\u00e9couverte Renault 4L\"}]},{\"@type\":\"WebSite\",\"@id\":\"https:\\\/\\\/www.pays-basque-experience.com\\\/#website\",\"url\":\"https:\\\/\\\/www.pays-basque-experience.com\\\/\",\"name\":\"Pays Basque Experience\",\"description\":\"Aventures au Pays Basque - Rando 4x4 pays basque.\",\"publisher\":{\"@id\":\"https:\\\/\\\/www.pays-basque-experience.com\\\/#organization\"},\"potentialAction\":[{\"@type\":\"SearchAction\",\"target\":{\"@type\":\"EntryPoint\",\"urlTemplate\":\"https:\\\/\\\/www.pays-basque-experience.com\\\/?s={search_term_string}\"},\"query-input\":{\"@type\":\"PropertyValueSpecification\",\"valueRequired\":true,\"valueName\":\"search_term_string\"}}],\"inLanguage\":\"es\"},{\"@type\":\"Organization\",\"@id\":\"https:\\\/\\\/www.pays-basque-experience.com\\\/#organization\",\"name\":\"Pays Basque Experience\",\"url\":\"https:\\\/\\\/www.pays-basque-experience.com\\\/\",\"logo\":{\"@type\":\"ImageObject\",\"inLanguage\":\"es\",\"@id\":\"https:\\\/\\\/www.pays-basque-experience.com\\\/#\\\/schema\\\/logo\\\/image\\\/\",\"url\":\"https:\\\/\\\/www.pays-basque-experience.com\\\/wp-content\\\/uploads\\\/2021\\\/12\\\/cropped-logo-21A1.png\",\"contentUrl\":\"https:\\\/\\\/www.pays-basque-experience.com\\\/wp-content\\\/uploads\\\/2021\\\/12\\\/cropped-logo-21A1.png\",\"width\":300,\"height\":300,\"caption\":\"Pays Basque Experience\"},\"image\":{\"@id\":\"https:\\\/\\\/www.pays-basque-experience.com\\\/#\\\/schema\\\/logo\\\/image\\\/\"}}]}<\/script>\n<!-- \/ Yoast SEO Premium plugin. -->","yoast_head_json":{"title":"Bon Cadeau D\u00e9couverte Renault 4L - Pays Basque Experience","robots":{"index":"index","follow":"follow","max-snippet":"max-snippet:-1","max-image-preview":"max-image-preview:large","max-video-preview":"max-video-preview:-1"},"canonical":"https:\/\/www.pays-basque-experience.com\/es\/producto\/bon-cadeau-decouverte-renault-4l\/","og_locale":"es_ES","og_type":"article","og_title":"Bon Cadeau D\u00e9couverte Renault 4L","og_description":"Nous vous proposons plusieurs formules bon cadeau\u00a0\u00e0\u00a0utiliser exclusivement l\u2019\u00e9t\u00e9, en Juillet et Ao\u00fbt au d\u00e9part de Bidart.   D\u00e9couverte 1\/2 journ\u00e9e : 179\u20ac pour 2 personnes ou 349\u20ac pour 4 personnes  Au programme de la demi-journ\u00e9e : Partez \u00e0 l\u2019aventure pendant 3h au volant d\u2019une Renault 4L et vivez une exp\u00e9rience unique. Traversez les villages typiques du Pays Basque et partez \u00e0 la d\u00e9couverte des plus belles routes et paysages. Ce programme comprend des arr\u00eats avec de jolis points de vue, accompagn\u00e9s par nos instructeurs qui vous guident et agr\u00e9mentent la visite de nombreuses anecdotes sur le Pays basque.  Exp\u00e9rience \u00e0 bord Pour les r\u00e9servations de 2 personnes : Vous partagerez l\u2019aventure \u00e0 bord de nos v\u00e9hicules avec nos accompagnateurs ou il est probable que 2 autres personnes partagent le v\u00e9hicule avec vous. Bien entendu, votre duo restera ensemble, pour profiter pleinement de l\u2019exp\u00e9rience dans une ambiance conviviale et chaleureuse.  Pour les r\u00e9servations de 4 personnes : Vous profiterez d\u2019un v\u00e9hicule privatis\u00e9 rien que pour vous ! Le groupe vivra l\u2019exp\u00e9rience dans un v\u00e9hicule rien que pour lui, guid\u00e9 par l\u2019un de nos instructeurs certifi\u00e9s (qui sera dans un autre v\u00e9hicule devant vous)  Niveau : Aucun niveau particulier n\u2019est requis. Nos guides, formateurs dipl\u00f4m\u00e9s, sont l\u00e0 pour vous accompagner \u00e0 chaque instant : vous guider, vous conseiller et vous rassurer si n\u00e9cessaire. Vous n\u2019avez qu\u2019\u00e0 vous laisser porter par l\u2019exp\u00e9rience. Seul un permis en cours de validit\u00e9 est demand\u00e9.  Timing : En juillet et en ao\u00fbt, elles se d\u00e9roulent en groupe, aux c\u00f4t\u00e9s d\u2019autres participants.","og_url":"https:\/\/www.pays-basque-experience.com\/es\/producto\/bon-cadeau-decouverte-renault-4l\/","og_site_name":"Pays Basque Experience","article_modified_time":"2025-11-30T17:34:35+00:00","og_image":[{"width":644,"height":402,"url":"https:\/\/www.pays-basque-experience.com\/wp-content\/uploads\/2024\/11\/9.png","type":"image\/png"}],"twitter_card":"summary_large_image","twitter_misc":{"Tiempo de lectura":"2 minutos"},"schema":{"@context":"https:\/\/schema.org","@graph":[{"@type":"WebPage","@id":"https:\/\/www.pays-basque-experience.com\/produit\/bon-cadeau-decouverte-renault-4l\/","url":"https:\/\/www.pays-basque-experience.com\/produit\/bon-cadeau-decouverte-renault-4l\/","name":"Bon Cadeau D\u00e9couverte Renault 4L - Pays Basque Experience","isPartOf":{"@id":"https:\/\/www.pays-basque-experience.com\/#website"},"primaryImageOfPage":{"@id":"https:\/\/www.pays-basque-experience.com\/produit\/bon-cadeau-decouverte-renault-4l\/#primaryimage"},"image":{"@id":"https:\/\/www.pays-basque-experience.com\/produit\/bon-cadeau-decouverte-renault-4l\/#primaryimage"},"thumbnailUrl":"https:\/\/www.pays-basque-experience.com\/wp-content\/uploads\/2024\/11\/9.png","datePublished":"2024-11-21T14:54:06+00:00","dateModified":"2025-11-30T17:34:35+00:00","breadcrumb":{"@id":"https:\/\/www.pays-basque-experience.com\/produit\/bon-cadeau-decouverte-renault-4l\/#breadcrumb"},"inLanguage":"es","potentialAction":[{"@type":"ReadAction","target":["https:\/\/www.pays-basque-experience.com\/produit\/bon-cadeau-decouverte-renault-4l\/"]}]},{"@type":"ImageObject","inLanguage":"es","@id":"https:\/\/www.pays-basque-experience.com\/produit\/bon-cadeau-decouverte-renault-4l\/#primaryimage","url":"https:\/\/www.pays-basque-experience.com\/wp-content\/uploads\/2024\/11\/9.png","contentUrl":"https:\/\/www.pays-basque-experience.com\/wp-content\/uploads\/2024\/11\/9.png","width":644,"height":402},{"@type":"BreadcrumbList","@id":"https:\/\/www.pays-basque-experience.com\/produit\/bon-cadeau-decouverte-renault-4l\/#breadcrumb","itemListElement":[{"@type":"ListItem","position":1,"name":"Accueil","item":"https:\/\/www.pays-basque-experience.com\/"},{"@type":"ListItem","position":2,"name":"Boutique","item":"https:\/\/www.pays-basque-experience.com\/boutique\/"},{"@type":"ListItem","position":3,"name":"Bon Cadeau D\u00e9couverte Renault 4L"}]},{"@type":"WebSite","@id":"https:\/\/www.pays-basque-experience.com\/#website","url":"https:\/\/www.pays-basque-experience.com\/","name":"Pays Basque Experience","description":"Aventures au Pays Basque - Rando 4x4 pays basque.","publisher":{"@id":"https:\/\/www.pays-basque-experience.com\/#organization"},"potentialAction":[{"@type":"SearchAction","target":{"@type":"EntryPoint","urlTemplate":"https:\/\/www.pays-basque-experience.com\/?s={search_term_string}"},"query-input":{"@type":"PropertyValueSpecification","valueRequired":true,"valueName":"search_term_string"}}],"inLanguage":"es"},{"@type":"Organization","@id":"https:\/\/www.pays-basque-experience.com\/#organization","name":"Pays Basque Experience","url":"https:\/\/www.pays-basque-experience.com\/","logo":{"@type":"ImageObject","inLanguage":"es","@id":"https:\/\/www.pays-basque-experience.com\/#\/schema\/logo\/image\/","url":"https:\/\/www.pays-basque-experience.com\/wp-content\/uploads\/2021\/12\/cropped-logo-21A1.png","contentUrl":"https:\/\/www.pays-basque-experience.com\/wp-content\/uploads\/2021\/12\/cropped-logo-21A1.png","width":300,"height":300,"caption":"Pays Basque Experience"},"image":{"@id":"https:\/\/www.pays-basque-experience.com\/#\/schema\/logo\/image\/"}}]}},"_links":{"self":[{"href":"https:\/\/www.pays-basque-experience.com\/es\/wp-json\/wp\/v2\/product\/5438","targetHints":{"allow":["GET"]}}],"collection":[{"href":"https:\/\/www.pays-basque-experience.com\/es\/wp-json\/wp\/v2\/product"}],"about":[{"href":"https:\/\/www.pays-basque-experience.com\/es\/wp-json\/wp\/v2\/types\/product"}],"wp:featuredmedia":[{"embeddable":true,"href":"https:\/\/www.pays-basque-experience.com\/es\/wp-json\/wp\/v2\/media\/5324"}],"wp:attachment":[{"href":"https:\/\/www.pays-basque-experience.com\/es\/wp-json\/wp\/v2\/media?parent=5438"}],"wp:term":[{"taxonomy":"product_brand","embeddable":true,"href":"https:\/\/www.pays-basque-experience.com\/es\/wp-json\/wp\/v2\/product_brand?post=5438"},{"taxonomy":"product_cat","embeddable":true,"href":"https:\/\/www.pays-basque-experience.com\/es\/wp-json\/wp\/v2\/product_cat?post=5438"},{"taxonomy":"product_tag","embeddable":true,"href":"https:\/\/www.pays-basque-experience.com\/es\/wp-json\/wp\/v2\/product_tag?post=5438"}],"curies":[{"name":"wp","href":"https:\/\/api.w.org\/{rel}","templated":true}]}}