{"id":772,"date":"2021-11-30T14:43:14","date_gmt":"2021-11-30T13:43:14","guid":{"rendered":"https:\/\/www.neoconsulting-projets2.fr\/?post_type=product&#038;p=772"},"modified":"2025-07-23T07:37:02","modified_gmt":"2025-07-23T05:37:02","slug":"bon-cadeau-coaching","status":"publish","type":"product","link":"https:\/\/www.pays-basque-experience.com\/es\/producto\/bon-cadeau-coaching\/","title":{"rendered":"Coaching \/ Formation 4&#215;4"},"content":{"rendered":"<p><iframe title=\"YouTube video player\" src=\"https:\/\/www.youtube.com\/embed\/Z3yrfQ1QL9U\" width=\"380\" height=\"380\" frameborder=\"0\" allowfullscreen=\"allowfullscreen\"><\/iframe><\/p>\n<p><strong>Localisation de la formation<\/strong> : Bidart (64) puis les pistes du Pays Basque.<br \/>\nNous partirons en pleine nature afin de vous faire d\u00e9couvrir des techniques en situation r\u00e9elle, parfois complexe.<\/p>\n<ul>\n<li><strong>1\/2 journ\u00e9e d&#8217;initiation \u00e0 la conduite technique 4\u00d74 <\/strong>: 490\u20ac\/personne<\/li>\n<li><strong>Journ\u00e9e d&#8217;initiation \u00e0 la conduite technique 4\u00d74<\/strong> : 690\u20ac\/personne*<br \/>\nCe stage peut \u00eatre fait avec votre v\u00e9hicule ou un v\u00e9hicule de notre flotte. Le prix est le m\u00eame.<\/li>\n<\/ul>\n<p><strong>\u00c0 savoir :<\/strong><\/p>\n<ul>\n<li>Cette exp\u00e9rience peut \u00eatre faite avec votre 4&#215;4 ou un v\u00e9hicule de notre flotte. Le prix est le m\u00eame.<\/li>\n<li>Prix par personne form\u00e9e. L&#8217;accompagnateur ne paie pas et restera passager du v\u00e9hicule.<\/li>\n<li>Le prix \u00e0 la journ\u00e9e ne comprend pas le d\u00e9jeuner.<\/li>\n<\/ul>\n<p><strong>Cette exp\u00e9rience peut \u00e9galement \u00eatre offerte sous forme de bon cadeau<\/strong>. Un anniversaire, un cadeau group\u00e9, un enterrement de vie de gar\u00e7on, de jeune fille, pour la f\u00eate des p\u00e8res ou la f\u00eate des m\u00e8res, \u00e0 No\u00ebl, pour f\u00eater la St Nicolas (oui pourquoi pas on en connait tous un), ou une simple attention\u2026<br \/>\n<span style=\"font-size: 16px;\">Les occasions ne manquent pas pour offrir une initiation \u00e0 <\/span>la conduite tout terrain<span style=\"font-size: 16px;\">\u00a0\u00e0 votre entourage.<\/span><\/p>\n<p>* d\u00e9jeuner non inclus.<\/p>","protected":false},"excerpt":{"rendered":"<p>Former fait partie int\u00e9grante de notre m\u00e9tier. Toute l&#8217;ann\u00e9e nous formons des professionnels et particuliers pour mieux appr\u00e9hender les terrains et am\u00e9liorer r\u00e9flexes et conduite.<\/p>\n<p>L\u2019objectif de cette formation est de vous permettre d\u2019explorer les capacit\u00e9s du v\u00e9hicule tout en d\u00e9couvrant les v\u00f4tres, afin de gagner en aisance lorsque vous serez seul.<\/p>\n<p><strong>Voici les formules propos\u00e9es pour nos formations individuelles :<\/strong><\/p>\n<ul>\n<li style=\"list-style-type: none;\">\n<ul>\n<li><strong>1\/2 journ\u00e9e d&#8217;initiation \u00e0 la conduite technique 4\u00d74 <\/strong>: 490\u20ac\/personne<\/li>\n<li><strong>Journ\u00e9e d&#8217;initiation \u00e0 la conduite technique 4\u00d74<\/strong> : 690\u20ac\/personne*<\/li>\n<\/ul>\n<\/li>\n<\/ul>\n<p><strong>Comment cela se passe :<\/strong><\/p>\n<ul>\n<li>Vous prenez le volant de votre v\u00e9hicule ou un v\u00e9hicule de notre flotte<\/li>\n<li>Une formateur dipl\u00f4m\u00e9 est \u00e0 vos c\u00f4t\u00e9s pour vous orienter, vous donner des conseils avis\u00e9s et corriger vos r\u00e9flexes. Apprenez \u00e9galement \u00e0 analyser le terrain, explorer les capacit\u00e9s du v\u00e9hicule et prendre confiance.<\/li>\n<\/ul>\n<p><strong>Au programme \u00e9galement<\/strong> : bonne humeur, pers\u00e9v\u00e9rance, d\u00e9couverte, apprentissage, analyse et s\u00e9curit\u00e9.<br \/>\n<strong>Localisation de la formation<\/strong> : Bidart (64) puis les pistes du Pays Basque.<\/p>\n<p><strong>D\u00e9couvrez plus de d\u00e9tails plus bas et contactez-nous pour r\u00e9server un cr\u00e9neau.<\/strong><\/p>","protected":false},"featured_media":2104,"template":"","meta":{"site-sidebar-layout":"default","site-content-layout":"default","ast-site-content-layout":"default","site-content-style":"default","site-sidebar-style":"default","ast-global-header-display":"","ast-banner-title-visibility":"","ast-main-header-display":"","ast-hfb-above-header-display":"","ast-hfb-below-header-display":"","ast-hfb-mobile-header-display":"","site-post-title":"","ast-breadcrumbs-content":"","ast-featured-img":"","footer-sml-layout":"","ast-disable-related-posts":"","theme-transparent-header-meta":"default","adv-header-id-meta":"","stick-header-meta":"default","header-above-stick-meta":"","header-main-stick-meta":"","header-below-stick-meta":"","astra-migrate-meta-layouts":"set","ast-page-background-enabled":"default","ast-page-background-meta":{"desktop":{"background-color":"","background-image":"","background-repeat":"repeat","background-position":"center center","background-size":"auto","background-attachment":"scroll","background-type":"","background-media":"","overlay-type":"","overlay-color":"","overlay-opacity":"","overlay-gradient":""},"tablet":{"background-color":"","background-image":"","background-repeat":"repeat","background-position":"center center","background-size":"auto","background-attachment":"scroll","background-type":"","background-media":"","overlay-type":"","overlay-color":"","overlay-opacity":"","overlay-gradient":""},"mobile":{"background-color":"","background-image":"","background-repeat":"repeat","background-position":"center center","background-size":"auto","background-attachment":"scroll","background-type":"","background-media":"","overlay-type":"","overlay-color":"","overlay-opacity":"","overlay-gradient":""}},"ast-content-background-meta":{"desktop":{"background-color":"var(--ast-global-color-5)","background-image":"","background-repeat":"repeat","background-position":"center center","background-size":"auto","background-attachment":"scroll","background-type":"","background-media":"","overlay-type":"","overlay-color":"","overlay-opacity":"","overlay-gradient":""},"tablet":{"background-color":"var(--ast-global-color-5)","background-image":"","background-repeat":"repeat","background-position":"center center","background-size":"auto","background-attachment":"scroll","background-type":"","background-media":"","overlay-type":"","overlay-color":"","overlay-opacity":"","overlay-gradient":""},"mobile":{"background-color":"var(--ast-global-color-5)","background-image":"","background-repeat":"repeat","background-position":"center center","background-size":"auto","background-attachment":"scroll","background-type":"","background-media":"","overlay-type":"","overlay-color":"","overlay-opacity":"","overlay-gradient":""}}},"product_brand":[],"product_cat":[21],"product_tag":[],"class_list":{"0":"post-772","1":"product","2":"type-product","3":"status-publish","4":"has-post-thumbnail","6":"product_cat-pays-basque-experience","7":"desktop-align-left","8":"tablet-align-left","9":"mobile-align-left","10":"ast-product-gallery-layout-horizontal-slider","11":"ast-product-single-variable","12":"ast-product-tabs-layout-horizontal","14":"first","15":"instock","16":"taxable","17":"shipping-taxable","18":"purchasable","19":"product-type-variable"},"booking_location":null,"booking_location_type":null,"booking_duration":null,"booking_duration_unit":null,"booking_buffer":null,"booking_cost":null,"booking_resources":null,"exclude_global_add_ons":[],"addons":[],"yoast_head":"<!-- This site is optimized with the Yoast SEO Premium plugin v22.5 (Yoast SEO v27.4) - https:\/\/yoast.com\/product\/yoast-seo-premium-wordpress\/ -->\n<title>Stage 4x4 avec son v\u00e9hicule<\/title>\n<meta name=\"description\" content=\"D\u00e9couvrez nos stages en 4x4 adapt\u00e9s \u00e0 tous les profils. Formez-vous \u00e0 nos c\u00f4t\u00e9s et apprenez \u00e0 mieux prendre en main votre v\u00e9hicule tout-terrain.\" \/>\n<meta name=\"robots\" content=\"index, follow, max-snippet:-1, max-image-preview:large, max-video-preview:-1\" \/>\n<link rel=\"canonical\" href=\"https:\/\/www.pays-basque-experience.com\/es\/producto\/bon-cadeau-coaching\/\" \/>\n<meta property=\"og:locale\" content=\"es_ES\" \/>\n<meta property=\"og:type\" content=\"article\" \/>\n<meta property=\"og:title\" content=\"Coaching \/ Formation 4x4\" \/>\n<meta property=\"og:description\" content=\"D\u00e9couvrez nos stages en 4x4 adapt\u00e9s \u00e0 tous les profils. Formez-vous \u00e0 nos c\u00f4t\u00e9s et apprenez \u00e0 mieux prendre en main votre v\u00e9hicule tout-terrain.\" \/>\n<meta property=\"og:url\" content=\"https:\/\/www.pays-basque-experience.com\/es\/producto\/bon-cadeau-coaching\/\" \/>\n<meta property=\"og:site_name\" content=\"Pays Basque Experience\" \/>\n<meta property=\"article:modified_time\" content=\"2025-07-23T05:37:02+00:00\" \/>\n<meta property=\"og:image\" content=\"https:\/\/www.pays-basque-experience.com\/wp-content\/uploads\/2021\/11\/BC9.jpg\" \/>\n\t<meta property=\"og:image:width\" content=\"800\" \/>\n\t<meta property=\"og:image:height\" content=\"533\" \/>\n\t<meta property=\"og:image:type\" content=\"image\/jpeg\" \/>\n<meta name=\"twitter:card\" content=\"summary_large_image\" \/>\n<meta name=\"twitter:label1\" content=\"Tiempo de lectura\" \/>\n\t<meta name=\"twitter:data1\" content=\"2 minutos\" \/>\n<script type=\"application\/ld+json\" class=\"yoast-schema-graph\">{\"@context\":\"https:\\\/\\\/schema.org\",\"@graph\":[{\"@type\":\"WebPage\",\"@id\":\"https:\\\/\\\/www.pays-basque-experience.com\\\/produit\\\/bon-cadeau-coaching\\\/\",\"url\":\"https:\\\/\\\/www.pays-basque-experience.com\\\/produit\\\/bon-cadeau-coaching\\\/\",\"name\":\"Stage 4x4 avec son v\u00e9hicule\",\"isPartOf\":{\"@id\":\"https:\\\/\\\/www.pays-basque-experience.com\\\/#website\"},\"primaryImageOfPage\":{\"@id\":\"https:\\\/\\\/www.pays-basque-experience.com\\\/produit\\\/bon-cadeau-coaching\\\/#primaryimage\"},\"image\":{\"@id\":\"https:\\\/\\\/www.pays-basque-experience.com\\\/produit\\\/bon-cadeau-coaching\\\/#primaryimage\"},\"thumbnailUrl\":\"https:\\\/\\\/www.pays-basque-experience.com\\\/wp-content\\\/uploads\\\/2021\\\/11\\\/BC9.jpg\",\"datePublished\":\"2021-11-30T13:43:14+00:00\",\"dateModified\":\"2025-07-23T05:37:02+00:00\",\"description\":\"D\u00e9couvrez nos stages en 4x4 adapt\u00e9s \u00e0 tous les profils. Formez-vous \u00e0 nos c\u00f4t\u00e9s et apprenez \u00e0 mieux prendre en main votre v\u00e9hicule tout-terrain.\",\"breadcrumb\":{\"@id\":\"https:\\\/\\\/www.pays-basque-experience.com\\\/produit\\\/bon-cadeau-coaching\\\/#breadcrumb\"},\"inLanguage\":\"es\",\"potentialAction\":[{\"@type\":\"ReadAction\",\"target\":[\"https:\\\/\\\/www.pays-basque-experience.com\\\/produit\\\/bon-cadeau-coaching\\\/\"]}]},{\"@type\":\"ImageObject\",\"inLanguage\":\"es\",\"@id\":\"https:\\\/\\\/www.pays-basque-experience.com\\\/produit\\\/bon-cadeau-coaching\\\/#primaryimage\",\"url\":\"https:\\\/\\\/www.pays-basque-experience.com\\\/wp-content\\\/uploads\\\/2021\\\/11\\\/BC9.jpg\",\"contentUrl\":\"https:\\\/\\\/www.pays-basque-experience.com\\\/wp-content\\\/uploads\\\/2021\\\/11\\\/BC9.jpg\",\"width\":800,\"height\":533},{\"@type\":\"BreadcrumbList\",\"@id\":\"https:\\\/\\\/www.pays-basque-experience.com\\\/produit\\\/bon-cadeau-coaching\\\/#breadcrumb\",\"itemListElement\":[{\"@type\":\"ListItem\",\"position\":1,\"name\":\"Accueil\",\"item\":\"https:\\\/\\\/www.pays-basque-experience.com\\\/\"},{\"@type\":\"ListItem\",\"position\":2,\"name\":\"Boutique\",\"item\":\"https:\\\/\\\/www.pays-basque-experience.com\\\/boutique\\\/\"},{\"@type\":\"ListItem\",\"position\":3,\"name\":\"Coaching \\\/ Formation 4&#215;4\"}]},{\"@type\":\"WebSite\",\"@id\":\"https:\\\/\\\/www.pays-basque-experience.com\\\/#website\",\"url\":\"https:\\\/\\\/www.pays-basque-experience.com\\\/\",\"name\":\"Pays Basque Experience\",\"description\":\"Aventures au Pays Basque - Rando 4x4 pays basque.\",\"publisher\":{\"@id\":\"https:\\\/\\\/www.pays-basque-experience.com\\\/#organization\"},\"potentialAction\":[{\"@type\":\"SearchAction\",\"target\":{\"@type\":\"EntryPoint\",\"urlTemplate\":\"https:\\\/\\\/www.pays-basque-experience.com\\\/?s={search_term_string}\"},\"query-input\":{\"@type\":\"PropertyValueSpecification\",\"valueRequired\":true,\"valueName\":\"search_term_string\"}}],\"inLanguage\":\"es\"},{\"@type\":\"Organization\",\"@id\":\"https:\\\/\\\/www.pays-basque-experience.com\\\/#organization\",\"name\":\"Pays Basque Experience\",\"url\":\"https:\\\/\\\/www.pays-basque-experience.com\\\/\",\"logo\":{\"@type\":\"ImageObject\",\"inLanguage\":\"es\",\"@id\":\"https:\\\/\\\/www.pays-basque-experience.com\\\/#\\\/schema\\\/logo\\\/image\\\/\",\"url\":\"https:\\\/\\\/www.pays-basque-experience.com\\\/wp-content\\\/uploads\\\/2021\\\/12\\\/cropped-logo-21A1.png\",\"contentUrl\":\"https:\\\/\\\/www.pays-basque-experience.com\\\/wp-content\\\/uploads\\\/2021\\\/12\\\/cropped-logo-21A1.png\",\"width\":300,\"height\":300,\"caption\":\"Pays Basque Experience\"},\"image\":{\"@id\":\"https:\\\/\\\/www.pays-basque-experience.com\\\/#\\\/schema\\\/logo\\\/image\\\/\"}}]}<\/script>\n<!-- \/ Yoast SEO Premium plugin. -->","yoast_head_json":{"title":"Stage 4x4 avec son v\u00e9hicule","description":"D\u00e9couvrez nos stages en 4x4 adapt\u00e9s \u00e0 tous les profils. Formez-vous \u00e0 nos c\u00f4t\u00e9s et apprenez \u00e0 mieux prendre en main votre v\u00e9hicule tout-terrain.","robots":{"index":"index","follow":"follow","max-snippet":"max-snippet:-1","max-image-preview":"max-image-preview:large","max-video-preview":"max-video-preview:-1"},"canonical":"https:\/\/www.pays-basque-experience.com\/es\/producto\/bon-cadeau-coaching\/","og_locale":"es_ES","og_type":"article","og_title":"Coaching \/ Formation 4x4","og_description":"D\u00e9couvrez nos stages en 4x4 adapt\u00e9s \u00e0 tous les profils. Formez-vous \u00e0 nos c\u00f4t\u00e9s et apprenez \u00e0 mieux prendre en main votre v\u00e9hicule tout-terrain.","og_url":"https:\/\/www.pays-basque-experience.com\/es\/producto\/bon-cadeau-coaching\/","og_site_name":"Pays Basque Experience","article_modified_time":"2025-07-23T05:37:02+00:00","og_image":[{"width":800,"height":533,"url":"https:\/\/www.pays-basque-experience.com\/wp-content\/uploads\/2021\/11\/BC9.jpg","type":"image\/jpeg"}],"twitter_card":"summary_large_image","twitter_misc":{"Tiempo de lectura":"2 minutos"},"schema":{"@context":"https:\/\/schema.org","@graph":[{"@type":"WebPage","@id":"https:\/\/www.pays-basque-experience.com\/produit\/bon-cadeau-coaching\/","url":"https:\/\/www.pays-basque-experience.com\/produit\/bon-cadeau-coaching\/","name":"Stage 4x4 avec son v\u00e9hicule","isPartOf":{"@id":"https:\/\/www.pays-basque-experience.com\/#website"},"primaryImageOfPage":{"@id":"https:\/\/www.pays-basque-experience.com\/produit\/bon-cadeau-coaching\/#primaryimage"},"image":{"@id":"https:\/\/www.pays-basque-experience.com\/produit\/bon-cadeau-coaching\/#primaryimage"},"thumbnailUrl":"https:\/\/www.pays-basque-experience.com\/wp-content\/uploads\/2021\/11\/BC9.jpg","datePublished":"2021-11-30T13:43:14+00:00","dateModified":"2025-07-23T05:37:02+00:00","description":"D\u00e9couvrez nos stages en 4x4 adapt\u00e9s \u00e0 tous les profils. Formez-vous \u00e0 nos c\u00f4t\u00e9s et apprenez \u00e0 mieux prendre en main votre v\u00e9hicule tout-terrain.","breadcrumb":{"@id":"https:\/\/www.pays-basque-experience.com\/produit\/bon-cadeau-coaching\/#breadcrumb"},"inLanguage":"es","potentialAction":[{"@type":"ReadAction","target":["https:\/\/www.pays-basque-experience.com\/produit\/bon-cadeau-coaching\/"]}]},{"@type":"ImageObject","inLanguage":"es","@id":"https:\/\/www.pays-basque-experience.com\/produit\/bon-cadeau-coaching\/#primaryimage","url":"https:\/\/www.pays-basque-experience.com\/wp-content\/uploads\/2021\/11\/BC9.jpg","contentUrl":"https:\/\/www.pays-basque-experience.com\/wp-content\/uploads\/2021\/11\/BC9.jpg","width":800,"height":533},{"@type":"BreadcrumbList","@id":"https:\/\/www.pays-basque-experience.com\/produit\/bon-cadeau-coaching\/#breadcrumb","itemListElement":[{"@type":"ListItem","position":1,"name":"Accueil","item":"https:\/\/www.pays-basque-experience.com\/"},{"@type":"ListItem","position":2,"name":"Boutique","item":"https:\/\/www.pays-basque-experience.com\/boutique\/"},{"@type":"ListItem","position":3,"name":"Coaching \/ Formation 4&#215;4"}]},{"@type":"WebSite","@id":"https:\/\/www.pays-basque-experience.com\/#website","url":"https:\/\/www.pays-basque-experience.com\/","name":"Pays Basque Experience","description":"Aventures au Pays Basque - Rando 4x4 pays basque.","publisher":{"@id":"https:\/\/www.pays-basque-experience.com\/#organization"},"potentialAction":[{"@type":"SearchAction","target":{"@type":"EntryPoint","urlTemplate":"https:\/\/www.pays-basque-experience.com\/?s={search_term_string}"},"query-input":{"@type":"PropertyValueSpecification","valueRequired":true,"valueName":"search_term_string"}}],"inLanguage":"es"},{"@type":"Organization","@id":"https:\/\/www.pays-basque-experience.com\/#organization","name":"Pays Basque Experience","url":"https:\/\/www.pays-basque-experience.com\/","logo":{"@type":"ImageObject","inLanguage":"es","@id":"https:\/\/www.pays-basque-experience.com\/#\/schema\/logo\/image\/","url":"https:\/\/www.pays-basque-experience.com\/wp-content\/uploads\/2021\/12\/cropped-logo-21A1.png","contentUrl":"https:\/\/www.pays-basque-experience.com\/wp-content\/uploads\/2021\/12\/cropped-logo-21A1.png","width":300,"height":300,"caption":"Pays Basque Experience"},"image":{"@id":"https:\/\/www.pays-basque-experience.com\/#\/schema\/logo\/image\/"}}]}},"_links":{"self":[{"href":"https:\/\/www.pays-basque-experience.com\/es\/wp-json\/wp\/v2\/product\/772","targetHints":{"allow":["GET"]}}],"collection":[{"href":"https:\/\/www.pays-basque-experience.com\/es\/wp-json\/wp\/v2\/product"}],"about":[{"href":"https:\/\/www.pays-basque-experience.com\/es\/wp-json\/wp\/v2\/types\/product"}],"wp:featuredmedia":[{"embeddable":true,"href":"https:\/\/www.pays-basque-experience.com\/es\/wp-json\/wp\/v2\/media\/2104"}],"wp:attachment":[{"href":"https:\/\/www.pays-basque-experience.com\/es\/wp-json\/wp\/v2\/media?parent=772"}],"wp:term":[{"taxonomy":"product_brand","embeddable":true,"href":"https:\/\/www.pays-basque-experience.com\/es\/wp-json\/wp\/v2\/product_brand?post=772"},{"taxonomy":"product_cat","embeddable":true,"href":"https:\/\/www.pays-basque-experience.com\/es\/wp-json\/wp\/v2\/product_cat?post=772"},{"taxonomy":"product_tag","embeddable":true,"href":"https:\/\/www.pays-basque-experience.com\/es\/wp-json\/wp\/v2\/product_tag?post=772"}],"curies":[{"name":"wp","href":"https:\/\/api.w.org\/{rel}","templated":true}]}}